{"id":1067,"date":"2019-01-10T13:45:41","date_gmt":"2019-01-10T13:45:41","guid":{"rendered":"http:\/\/www.ucakkargo.net\/?page_id=1067"},"modified":"2019-01-10T13:45:41","modified_gmt":"2019-01-10T13:45:41","slug":"amerika-ucak-kargo","status":"publish","type":"page","link":"https:\/\/ucakkargo.org\/kargo\/amerika-ucak-kargo\/","title":{"rendered":"Amerika U\u00e7ak Yurt D\u0131\u015f\u0131 Kargo"},"content":{"rendered":"\n<h2 class=\"wp-block-heading\"><strong><span style=\"vertical-align: inherit;\">Amerika U\u00e7ak <\/span>Yurt D\u0131\u015f\u0131 Kargo<\/strong><\/h2>\n\n\n\n<p><strong>Amerika U\u00e7ak Yurt D\u0131\u015f\u0131 Kargo <\/strong>&#8216;ile Bir yerden ba\u015fka bir yere ula\u015fmas\u0131n\u0131 istedi\u011finiz herhangi bir g\u00f6nderinin, her zaman h\u0131zl\u0131 ve g\u00fcvenilir teslimat ile adrese teslim edilmesi istenmektedir. \u00d6ncelikle <strong><span style=\"vertical-align: inherit;\"><span style=\"vertical-align: inherit;\"><span style=\"vertical-align: inherit;\"><span style=\"vertical-align: inherit;\"><span style=\"vertical-align: inherit;\"><span style=\"vertical-align: inherit;\"><span style=\"vertical-align: inherit;\"><span style=\"vertical-align: inherit;\">Amerika U\u00e7ak Yurt D\u0131\u015f\u0131 Kargo Nas\u0131l G\u00f6nderilir?<\/span><\/span><\/span><\/span><\/span><\/span> <\/span><\/span><\/strong>Bunun i\u00e7in alan\u0131nda profesyonel bir firma ile anla\u015fma sa\u011flanmal\u0131d\u0131r. Ta\u015f\u0131nmas\u0131 istenen y\u00fck ve e\u015fyalar\u0131n <strong>Amerika&#8217;ya Hava Kargo\u00a0<\/strong>ile hasar g\u00f6rmeden teslimat\u0131n\u0131n yap\u0131lmas\u0131 en \u00f6nemli kriterler aras\u0131nda yer almaktad\u0131r. Bu kapsamda <strong>Amerika Yurt D\u0131\u015f\u0131 Kargo\u00a0i\u00e7in<\/strong> \u015firketimiz kendi i\u00e7erisinde farkl\u0131 b\u00f6lgelerde bulunan hizmet noktalar\u0131 dolay\u0131s\u0131yla teslim ald\u0131\u011f\u0131 g\u00f6nderinin, yurt i\u00e7i veya yurt d\u0131\u015f\u0131 kargo hizmetini sunmaktad\u0131r. Son y\u0131llar\u0131n en pop\u00fcler ta\u015f\u0131mac\u0131l\u0131k alanlar\u0131ndan olan u\u00e7ak kargo ile istedi\u011finiz \u00f6l\u00e7\u00fc ve ebatlarda teslimat\u0131n\u0131 yapt\u0131\u011f\u0131m\u0131z y\u00fck ve e\u015fyalar\u0131n, express ve ekonomik <strong>Yurt D\u0131\u015f\u0131 Kargo<\/strong> hizmet se\u00e7eneklerimiz ile g\u00fcvenilirli\u011fi yakalayan \u015firketler aras\u0131nda yer alarak garantili hizmet vermeye devam etmekteyiz. Burada \u00f6nemli etkenlerden biri <strong>Amerikaya Yurt D\u0131\u015f\u0131 Kargo \u00dccretleri<\/strong> nas\u0131l hesaplan\u0131r? Bunun i\u00e7in <strong>U\u00e7ak Kargo<\/strong> <br \/><strong>Yurt D\u0131\u015f\u0131 Kargo<\/strong> firmam\u0131zla irtibata ge\u00e7ebilirsiniz.<\/p>\n\n\n\n<p>Son y\u0131llar\u0131n en pop\u00fcler ta\u015f\u0131mac\u0131l\u0131k alanlar\u0131ndan olan u\u00e7ak kargo ile istedi\u011finiz \u00f6l\u00e7\u00fc ve ebatlarda teslimat\u0131n\u0131 yapt\u0131\u011f\u0131m\u0131z y\u00fck ve e\u015fyalar\u0131n, express ve ekonomik <strong>Yurt D\u0131\u015f\u0131 Kargo<\/strong> hizmet se\u00e7eneklerimiz bulunmaktad\u0131r. G\u00fcvenilirli\u011fi yakalayan \u015firketler aras\u0131nda yerini alan \u015firketimiz garantili hizmet vermeye devam etmektedir. <strong>Amerikaya Yurt D\u0131\u015f\u0131 Kargo<\/strong> nas\u0131l hesaplan\u0131r? Bunun i\u00e7in <strong>U\u00e7ak Kargo<\/strong> <br \/><strong>Yurt D\u0131\u015f\u0131 Kargo<\/strong> firmam\u0131zla irtibata ge\u00e7ebilirsiniz.<\/p>\n\n\n\n<figure class=\"wp-block-image\"><img decoding=\"async\" src=\"https:\/\/www.timeturk.com\/resim\/detay2\/98\/983904.jpg\" alt=\"Yurt D\u0131\u015f\u0131 Kargo\" \/><\/figure>\n\n\n\n<h3 class=\"wp-block-heading\"><strong><span style=\"vertical-align: inherit;\"><span style=\"vertical-align: inherit;\"><span style=\"vertical-align: inherit;\">Amerika U\u00e7ak Yurt D\u0131\u015f\u0131 Kargo Hizmeti Kolayl\u0131\u011f\u0131 Var M\u0131d\u0131r? <\/span><\/span><\/span><\/strong><\/h3>\n\n\n\n<p>Yurt i\u00e7i veya yurt d\u0131\u015f\u0131na bir g\u00f6nderi yapmak istiyorsan\u0131z <strong>Amerika U\u00e7ak Kargo Yurt D\u0131\u015f\u0131 Kargo<\/strong> \u015firketimizin size sundu\u011fu hizmetlerden yararlanabilirsiniz. Bunun i\u00e7in firmam\u0131z\u0131n internet sitesinden kolayl\u0131kla bizimle ileti\u015fime ge\u00e7ebilirsiniz. G\u00f6nderi yapaca\u011f\u0131n\u0131z paketlerin \u00f6l\u00e7\u00fc veya ebatlar\u0131yla ilgili bilgi alabilirsiniz. Yine yurt d\u0131\u015f\u0131na g\u00f6nderi yapt\u0131\u011f\u0131n\u0131z kargonuzun teslimat s\u00fcresi hakk\u0131nda bilgi alarak kay\u0131t olu\u015fturabilirsiniz.<\/p>\n\n\n\n<h3 class=\"wp-block-heading\"><br \/><strong>Yurt D\u0131\u015f\u0131 Kargo<\/strong><\/h3>\n\n\n\n<p>\u015eirketimiz kargolar\u0131n bir veya iki g\u00fcn i\u00e7erisinde teslimat\u0131n\u0131 yapabilecek kapasitededir. \u0130nternet \u00fczerinden online takip edebilece\u011finiz bir platformda sizlere Yurtd\u0131\u015f\u0131 Hava Kargo hizmeti vermektedir. E\u015fyalar\u0131n\u0131z\u0131n hasara u\u011framamas\u0131 i\u00e7in ek sigorta i\u015flemi yapt\u0131rabilirsiniz. G\u00fcvenerek tercih edebilece\u011finiz kaliteli hizmet noktas\u0131 arayanlar\u0131n tek adresi olma yolunda ilerlemeye devam etmekteyiz.<\/p>\n\n\n\n<h3 class=\"wp-block-heading\"><strong><span style=\"vertical-align: inherit;\">Neden Amerika Kargo \u015eirketini Se\u00e7meliyim Diyenlerden Misiniz?<\/span><\/strong><\/h3>\n\n\n\n<p>G\u00fcn\u00fcm\u00fczde olduk\u00e7a fazla ta\u015f\u0131mac\u0131l\u0131k \u00fczerine hizmet veren nokta varken neden bu firmay\u0131 se\u00e7meliyim diyenler, h\u0131zl\u0131 ve g\u00fcvenli teslimat adresine geldi\u011fini fark edebilecek d\u00fczeyde olup, bu konuda profesyonel anlamda hizmet almaktad\u0131r. Bu kapsamda <strong>Amerika U\u00e7ak kargo<\/strong> i\u00e7in ilk \u00f6nce g\u00f6nderinin boyu, \u00f6l\u00e7\u00fcs\u00fc, ebatlar\u0131, adedi veya kilosunu belirleyiniz. Sonra bizimle en k\u0131sa s\u00fcrede irtibata ge\u00e7iniz. E\u015fyalar\u0131n \u00f6zenli paketlenmesi, hasar i\u00e7in \u00fccretsiz sigorta i\u015flemleri, fiyat bilgisi, teslim aral\u0131\u011f\u0131 ve teslim sonuna kadar \u00f6zenli bir ekip ile garantili hizmet ald\u0131\u011f\u0131n\u0131z\u0131 fark etmenizi sa\u011flayacakt\u0131r.<\/p>\n\n\n\n<p>\u0130ster yurt i\u00e7i kargonuzun tesliminin ayn\u0131 g\u00fcn i\u00e7erisinde olmas\u0131, isterseniz <strong>Yurt D\u0131\u015f\u0131 Kargo<\/strong> g\u00f6nderinizin zaman\u0131nda teslim edilmesi y\u00f6n\u00fcnde bir hizmet almak istiyor musunuz? Bunun i\u00e7in mutlaka<strong> U\u00e7ak Kargo <\/strong> <br \/><strong>Yurt D\u0131\u015f\u0131 Kargo <\/strong>\u015firketimiz ile irtibata ge\u00e7melisiniz.<\/p>\n\n\n\n<p class=\"has-text-color\" style=\"color: #ffffff;\"><strong>Nas\u0131l Kargo G\u00f6nderilir<\/strong><br \/>7\/24 <strong>destek <\/strong>alabilirsiniz.<\/p>\n","protected":false},"excerpt":{"rendered":"<p>Amerika U\u00e7ak Yurt D\u0131\u015f\u0131 Kargo Amerika U\u00e7ak Yurt D\u0131\u015f\u0131 Kargo &#8216;ile Bir yerden ba\u015fka bir yere ula\u015fmas\u0131n\u0131 istedi\u011finiz herhangi bir<\/p>\n","protected":false},"author":2,"featured_media":0,"parent":0,"menu_order":0,"comment_status":"closed","ping_status":"closed","template":"","meta":{"footnotes":""},"class_list":["post-1067","page","type-page","status-publish","hentry","comments-off"],"_links":{"self":[{"href":"https:\/\/ucakkargo.org\/kargo\/wp-json\/wp\/v2\/pages\/1067","targetHints":{"allow":["GET"]}}],"collection":[{"href":"https:\/\/ucakkargo.org\/kargo\/wp-json\/wp\/v2\/pages"}],"about":[{"href":"https:\/\/ucakkargo.org\/kargo\/wp-json\/wp\/v2\/types\/page"}],"author":[{"embeddable":true,"href":"https:\/\/ucakkargo.org\/kargo\/wp-json\/wp\/v2\/users\/2"}],"replies":[{"embeddable":true,"href":"https:\/\/ucakkargo.org\/kargo\/wp-json\/wp\/v2\/comments?post=1067"}],"version-history":[{"count":0,"href":"https:\/\/ucakkargo.org\/kargo\/wp-json\/wp\/v2\/pages\/1067\/revisions"}],"wp:attachment":[{"href":"https:\/\/ucakkargo.org\/kargo\/wp-json\/wp\/v2\/media?parent=1067"}],"curies":[{"name":"wp","href":"https:\/\/api.w.org\/{rel}","templated":true}]}}