{"id":1090,"date":"2019-01-10T13:54:18","date_gmt":"2019-01-10T13:54:18","guid":{"rendered":"http:\/\/www.ucakkargo.net\/?page_id=1083"},"modified":"2019-01-10T13:54:18","modified_gmt":"2019-01-10T13:54:18","slug":"arnavutluk-ucak-kargo","status":"publish","type":"page","link":"https:\/\/ucakkargo.org\/kargo\/arnavutluk-ucak-kargo\/","title":{"rendered":"Arnavutluk U\u00e7ak Yurt D\u0131\u015f\u0131 Kargo"},"content":{"rendered":"\n<h2 class=\"wp-block-heading\"><strong><span style=\"vertical-align: inherit;\">Arnavutluk U\u00e7ak <\/span>Yurt D\u0131\u015f\u0131 Kargo<\/strong><\/h2>\n\n\n\n<p>Kurumsal <strong>Arnavutluk U\u00e7ak Yurt D\u0131\u015f\u0131 Kargo<\/strong> fark\u0131 ve g\u00fcvencesi ile T\u00fcrkiye\u2019den \u0130lgili \u00fclkeye g\u00fcn\u00fcn her saatinde kargo g\u00f6nderebilir veya paket getirme hizmetlerimizden yararlanabilirsiniz. Arnavutluk \u00fclkesine h\u0131zl\u0131 kaliteli ve g\u00fcvenli yollarla kargo g\u00f6ndermek ya da o \u00fclkeden T\u00fcrkiye\u2019ye kargo getirtmek istiyorsan\u0131z sekt\u00f6r\u00fcnde <strong>profesyonel yurt d\u0131\u015f\u0131 kargo<\/strong> hizmeti sunan kurumsal firmam\u0131z\u0131n \u00fcst\u00fcn hizmetlerinden faydalanabilirsiniz.<\/p>\n\n\n\n<figure class=\"wp-block-image\"><img decoding=\"async\" src=\"https:\/\/gezimanya.com\/sites\/default\/files\/styles\/650xheight\/public\/Fotolia_68794794_S.jpg?itok=ljqOq6-Y\" alt=\"Yurt D\u0131\u015f\u0131 Kargo\" \/><\/figure>\n\n\n\n<p>Kargonuzun g\u00fcvenli ve h\u0131zl\u0131 bir \u015fekilde ula\u015fmas\u0131 i\u00e7in firmam\u0131z\u0131n<strong> u\u00e7ak<\/strong> <strong>kargo<\/strong> hizmetlerimizden yararlanabilirsiniz. Firmam\u0131z\u0131n sunmu\u015f olu\u011fu u\u00e7ak kargo hizmetlerinde ekonomik ta\u015f\u0131ma se\u00e7enekleri ve Express <strong>Yurt D\u0131\u015f\u0131 Kargo<\/strong> hizmeti bulunmaktad\u0131r. Kurumsal firmam\u0131zdan fiyat almadan \u00f6nce ba\u015fka kargo \u015firketlerinden g\u00f6r\u00fc\u015fme almay\u0131n\u0131z. Kaliteli ve g\u00fcvenilir hizmetler sunan \u015firketimiz t\u00fcm <strong>hava yollar\u0131 <\/strong>ile anla\u015fmal\u0131 olup, uygun fiyat portf\u00f6y\u00fc ile hizmet vermektedir. \u00dclkemizden Arnavutluk \u00fclkesi ve di\u011fer \u00fclkelere kargo g\u00f6nderimi yapmak veya almak istiyorsan\u0131z kargo \u015firketimiz \u00e7a\u011fr\u0131 merkezini arayarak hizmetlerimizi hakk\u0131nda bilgi alabilirsiniz.<\/p>\n\n\n\n<h4 class=\"wp-block-heading\"><strong><span style=\"vertical-align: inherit;\">Arnavutluk U\u00e7ak Kargo \u0130le Kargonuzu Takip Sisteminden Sorgulay\u0131n<\/span><\/strong><\/h4>\n\n\n\n<p><strong> Arnavutluk U\u00e7ak \u0130le Yurt D\u0131\u015f\u0131 Kargo<\/strong> g\u00f6nderilerinizin durumunu sorgulayabilirsiniz. \u015eirketimizi b\u00fcnyesinde <strong>Arnavutluk\u2019a karayolu kargo <\/strong>ta\u015f\u0131mac\u0131l\u0131\u011f\u0131 hizmetlerimizde mevcuttur. <strong>Karayolu kargo hizmetleri <\/strong>konusunda herhangi bir soru, sorun ve talepleriniz i\u00e7in g\u00fcn\u00fcn her saatinde bizlere ula\u015fabilirsiniz.<\/p>\n\n\n\n<p>Bildi\u011fimiz gibi g\u00fcn\u00fcm\u00fczde yayg\u0131n olan karayolu kargo ta\u015f\u0131mac\u0131l\u0131\u011f\u0131ndan bir\u00e7ok kargo \u015firketinin kargo takip sistemi bulunmaktad\u0131r. Son derece pratik bir uygulama olan kargo takip sistemi sayesinde kargonuz ne zaman elinize ula\u015faca\u011f\u0131 konusunda az bu\u00e7uk fikir sahibi olabiliyorsunuz. Arnavutluk karayolu kargo hizmetlerimizin kargo takip sistemi sayesinde kargolar\u0131n\u0131z anl\u0131k konum hakk\u0131nda bilgi sahibi olabilir, h\u0131zl\u0131 ve g\u00fcvenli bir \u015fekilde adresine ula\u015f\u0131p ula\u015fmad\u0131\u011f\u0131n\u0131 an\u0131nda \u00f6\u011frenebiliyorsunuz.<\/p>\n\n\n\n<h3 class=\"wp-block-heading\"><strong><span style=\"vertical-align: inherit;\">Arnavutluk Kargo \u0130thalat ve \u0130hracat Hizmetleri<\/span><\/strong><\/h3>\n\n\n\n<p><strong>Arnavutluk U\u00e7ak Yurt D\u0131\u015f\u0131 Kargo<\/strong> \u015firketimiz sekt\u00f6r\u00fcne ad\u0131m att\u0131\u011f\u0131 g\u00fcnden bug\u00fcne kadar gerek bireysel gerekse de kurumsal m\u00fc\u015fteri potansiyelini korumak ve art\u0131rmak ad\u0131na birtak\u0131m hizmetleri birlikte y\u00fcr\u00fctmektedir. Buna \u00f6rnek olarak kargo hizmetimizin yan\u0131 s\u0131ra uluslararas\u0131 ithalat ve ihracat faaliyetleri de g\u00f6stermekteyiz. Bu faaliyetler sayesinde siz de\u011ferli m\u00fc\u015fterilerimiz lojistik ve d\u0131\u015f ticaret konusunda bilgi sahibi olabileceksiniz. Ayn\u0131 zamanda bu sekt\u00f6rdeki bilinirlili\u011finizi art\u0131racak ve sekt\u00f6r\u00fcnde iyi bir kimlik kazanm\u0131\u015f olacaks\u0131n\u0131z. Hatta beraber \u00e7al\u0131\u015ft\u0131\u011f\u0131n\u0131z m\u00fc\u015fterileriniz ile aran\u0131zda al\u0131\u015fveri\u015f kolayl\u0131\u011f\u0131 da sa\u011flayacaks\u0131n\u0131z. Uygun fiyatlar\u0131m\u0131z i\u00e7in bizimle irtibata ge\u00e7ebilirsiniz.<\/p>\n\n\n\n<p class=\"has-text-color\" style=\"color: #ffffff;\"><strong>Nas\u0131l Kargo G\u00f6nderilir<\/strong><br \/>7\/24 <strong>destek <\/strong>alabilirsiniz.<\/p>\n","protected":false},"excerpt":{"rendered":"<p>Arnavutluk U\u00e7ak Yurt D\u0131\u015f\u0131 Kargo Kurumsal Arnavutluk U\u00e7ak Yurt D\u0131\u015f\u0131 Kargo fark\u0131 ve g\u00fcvencesi ile T\u00fcrkiye\u2019den \u0130lgili \u00fclkeye g\u00fcn\u00fcn her<\/p>\n","protected":false},"author":2,"featured_media":0,"parent":0,"menu_order":0,"comment_status":"closed","ping_status":"closed","template":"","meta":{"footnotes":""},"class_list":["post-1090","page","type-page","status-publish","hentry","comments-off"],"_links":{"self":[{"href":"https:\/\/ucakkargo.org\/kargo\/wp-json\/wp\/v2\/pages\/1090","targetHints":{"allow":["GET"]}}],"collection":[{"href":"https:\/\/ucakkargo.org\/kargo\/wp-json\/wp\/v2\/pages"}],"about":[{"href":"https:\/\/ucakkargo.org\/kargo\/wp-json\/wp\/v2\/types\/page"}],"author":[{"embeddable":true,"href":"https:\/\/ucakkargo.org\/kargo\/wp-json\/wp\/v2\/users\/2"}],"replies":[{"embeddable":true,"href":"https:\/\/ucakkargo.org\/kargo\/wp-json\/wp\/v2\/comments?post=1090"}],"version-history":[{"count":0,"href":"https:\/\/ucakkargo.org\/kargo\/wp-json\/wp\/v2\/pages\/1090\/revisions"}],"wp:attachment":[{"href":"https:\/\/ucakkargo.org\/kargo\/wp-json\/wp\/v2\/media?parent=1090"}],"curies":[{"name":"wp","href":"https:\/\/api.w.org\/{rel}","templated":true}]}}