{"id":1101,"date":"2019-01-10T14:05:02","date_gmt":"2019-01-10T14:05:02","guid":{"rendered":"http:\/\/www.ucakkargo.net\/?page_id=1101"},"modified":"2019-01-10T14:05:02","modified_gmt":"2019-01-10T14:05:02","slug":"banglades-yurt-disi-kargo","status":"publish","type":"page","link":"https:\/\/ucakkargo.org\/kargo\/banglades-yurt-disi-kargo\/","title":{"rendered":"Banglade\u015f Yurt D\u0131\u015f\u0131 Kargo"},"content":{"rendered":"\n<h3 class=\"wp-block-heading\"><strong><span style=\"vertical-align: inherit;\"><span style=\"vertical-align: inherit;\"><span style=\"vertical-align: inherit;\"><span style=\"vertical-align: inherit;\">Banglade\u015f <\/span><\/span>Yurt D\u0131\u015f\u0131 Kargo<\/span><\/span><\/strong><\/h3>\n\n\n\n<p><strong>Banglade\u015f Yurt D\u0131\u015f\u0131 Kargo<\/strong> <strong>hizmetleri<\/strong> g\u00fcnden g\u00fcne daha da artmaktad\u0131r. Firmam\u0131z, kargo i\u015flemi i\u00e7in u\u00e7aklar\u0131 kullanmaktad\u0131r. Kargolar, u\u00e7ak yard\u0131m\u0131 ile en k\u0131sa s\u00fcrede adrese teslim edilir. Kargo paketlerinin toplanmas\u0131 ve g\u00f6nderilmesi tamamen firmam\u0131z taraf\u0131ndan yap\u0131l\u0131r. Firmam\u0131z, \u0130stanbul i\u00e7indeki b\u00fct\u00fcn kargolar\u0131 kap\u0131dan \u00f6zel ara\u00e7 ile almaktad\u0131r. \u0130stanbul d\u0131\u015f\u0131ndan yollanacak kargo paketleri de acil g\u00f6nderim gerekli ise u\u00e7akla \u0130stanbul&#8217;a getirilebilir. B\u00f6ylece kargolar\u0131n en h\u0131zl\u0131 \u015fekilde adrese teslim edilmesini sa\u011flar\u0131z.<\/p>\n\n\n\n<figure class=\"wp-block-image\"><img decoding=\"async\" src=\"https:\/\/cdnuploads.aa.com.tr\/uploads\/Contents\/2017\/01\/15\/thumbs_b_c_8e8adb60d0087359934e23cbfc72ca9a.jpg\" alt=\"Yurt D\u0131\u015f\u0131 Kargo\" \/><\/figure>\n\n\n\n<h3 class=\"wp-block-heading\"><strong><span style=\"vertical-align: inherit;\"><span style=\"vertical-align: inherit;\">Banglade\u015f U\u00e7ak <\/span><\/span>Yurt D\u0131\u015f\u0131 Kargo<\/strong> <strong><span style=\"vertical-align: inherit;\"><span style=\"vertical-align: inherit;\">\u0130\u00e7in Yap\u0131lan Kontroller<\/span><\/span><\/strong><\/h3>\n\n\n\n<p><strong><span style=\"vertical-align: inherit;\"><span style=\"vertical-align: inherit;\">Banglade\u015f&#8217; e Kargo yollamak<\/span><\/span><\/strong> i\u00e7in \u00e7e\u015fitli kontrol i\u015flemleri yap\u0131l\u0131r. Bu i\u015flemlerin ilki paketin herhangi bir sorunu olup olmad\u0131\u011f\u0131n\u0131 kontrol etmektir. Daha sonra paketin yurt d\u0131\u015f\u0131na g\u00f6nderilebilmesi i\u00e7in gerekli olan evraklar tamamlan\u0131r. Kontrolleri kapsam\u0131nda havaalan\u0131nda da i\u015flemler devam eder. Paket havaalan\u0131na ula\u015f\u0131nca g\u00fcmr\u00fck yetkilileri taraf\u0131ndan da kontrol edilir. Herhangi bir sorun yok ise acentemiz paketi al\u0131r ve teslimat adresine ula\u015ft\u0131r\u0131r. Daha sonra acentemiz taraf\u0131ndan paketin teslim detaylar\u0131 firmam\u0131zla payla\u015f\u0131l\u0131r. Firmam\u0131z ise paket hakk\u0131nda edindi\u011fi bilgileri, kargoyu g\u00f6nderen ki\u015fiye iletir.<\/p>\n\n\n\n<h3 class=\"wp-block-heading\"><strong><span style=\"vertical-align: inherit;\"><span style=\"vertical-align: inherit;\">U\u00e7ak <\/span><\/span>Yurt D\u0131\u015f\u0131 Kargo<\/strong> <strong><span style=\"vertical-align: inherit;\"><span style=\"vertical-align: inherit;\">Bulunan \u00dcr\u00fcnler Nas\u0131l Olmal\u0131d\u0131r?<\/span><\/span><\/strong><\/h3>\n\n\n\n<p><strong>Banglade\u015f&#8217;e kargo g\u00f6ndermek<\/strong> i\u00e7in firmam\u0131z\u0131 tercih edebilir ve her t\u00fcrl\u00fc kargonuzu yurt d\u0131\u015f\u0131na ula\u015ft\u0131rabilirsiniz. Ki\u015fisel olarak g\u00f6nderilen kargolar, 150 kg&#8217;yi ge\u00e7memelidir. B\u00f6ylece faturaya gerek kalmaz. Numuneler ise 1 adetten fazla olamaz. Aksi takdirde fatura kesilmesi gerekir. G\u0131da \u00fcr\u00fcnleri kargolan\u0131yor ise mutlaka firmam\u0131za G\u0131da \u00dcretim Sertifikas\u0131 bildirilmelidir. Aksi takdirde g\u00f6nderim i\u015flemi iptal edilir. Kozmetik ve kimyasal sekt\u00f6r\u00fcnde ise <strong>MSDS formu<\/strong> iletilmesi gerekir. <strong>Banglade\u015f u\u00e7ak kargo <\/strong>g\u00f6nderimi i\u00e7in bunlara dikkat edilmesi gerekir. Firmam\u0131z b\u00fct\u00fcn bu i\u015flemler i\u00e7in size bilgilendirme yapmaktad\u0131r.<\/p>\n\n\n\n<h3 class=\"wp-block-heading\"><strong><span style=\"vertical-align: inherit;\"><span style=\"vertical-align: inherit;\"><span style=\"vertical-align: inherit;\"><span style=\"vertical-align: inherit;\"><span style=\"vertical-align: inherit;\"><span style=\"vertical-align: inherit;\"><span style=\"vertical-align: inherit;\"><span style=\"vertical-align: inherit;\"><span style=\"vertical-align: inherit;\"><span style=\"vertical-align: inherit;\">U\u00e7ak <\/span><\/span><\/span><\/span><\/span><\/span><\/span><\/span>Yurt D\u0131\u015f\u0131 Kargo<span style=\"vertical-align: inherit;\"><span style=\"vertical-align: inherit;\"><span style=\"vertical-align: inherit;\"><span style=\"vertical-align: inherit;\"><span style=\"vertical-align: inherit;\"><span style=\"vertical-align: inherit;\"><span style=\"vertical-align: inherit;\"><span style=\"vertical-align: inherit;\"> Durumu Nas\u0131l \u00d6\u011frenilir?<\/span><\/span><\/span><\/span><\/span><\/span><\/span><\/span><\/span><\/span><\/strong><\/h3>\n\n\n\n<p>Firmam\u0131za vermi\u015f oldu\u011funuz kargolar\u0131 d\u00fczg\u00fcn bir \u015fekilde takip edebilmeniz i\u00e7in sizlere kargo takip numaras\u0131 vermekteyiz. Bu takip numaras\u0131 ile <strong><span style=\"vertical-align: inherit;\"><span style=\"vertical-align: inherit;\">Banglade\u015f U\u00e7ak <\/span><\/span>Yurt D\u0131\u015f\u0131 Kargo <\/strong>i\u015fleminizin b\u00fct\u00fcn a\u015famalar\u0131n\u0131 inceleyebilir ve kargonuz hakk\u0131nda bilgi sahibi olabilirsiniz. Firmam\u0131z, <strong>Yurt D\u0131\u015f\u0131 Kargo <\/strong>yollamak isteyen herkese yard\u0131mc\u0131 olmaktad\u0131r. Kargosunu Banglade\u015f&#8217;e yollamak isteyenler bizimle hemen ileti\u015fime ge\u00e7ebilir. Firmam\u0131z taraf\u0131ndan kargonuz, en h\u0131zl\u0131 \u015fekilde teslimat i\u015flemleri ba\u015flat\u0131larak yurt d\u0131\u015f\u0131na g\u00f6nderilir. <strong>Yurt d\u0131\u015f\u0131 kargo<\/strong> i\u00e7in bizi tercih edebilirsiniz.Firmam\u0131zdan <strong>ithalat<\/strong> ve <strong>ihracat<\/strong> hizmetlerini alabilirsiniz. <br \/>7\/24 <strong>destek <\/strong>alabilirsiniz.<\/p>\n\n\n\n<p class=\"has-text-color\" style=\"color: #ffffff;\"><strong>Nas\u0131l Kargo G\u00f6nderilir<\/strong><br \/>7\/24 <strong>destek <\/strong>alabilirsiniz.<\/p>\n","protected":false},"excerpt":{"rendered":"<p>Banglade\u015f Yurt D\u0131\u015f\u0131 Kargo Banglade\u015f Yurt D\u0131\u015f\u0131 Kargo hizmetleri g\u00fcnden g\u00fcne daha da artmaktad\u0131r. Firmam\u0131z, kargo i\u015flemi i\u00e7in u\u00e7aklar\u0131 kullanmaktad\u0131r.<\/p>\n","protected":false},"author":2,"featured_media":0,"parent":0,"menu_order":0,"comment_status":"closed","ping_status":"closed","template":"","meta":{"footnotes":""},"class_list":["post-1101","page","type-page","status-publish","hentry","comments-off"],"_links":{"self":[{"href":"https:\/\/ucakkargo.org\/kargo\/wp-json\/wp\/v2\/pages\/1101","targetHints":{"allow":["GET"]}}],"collection":[{"href":"https:\/\/ucakkargo.org\/kargo\/wp-json\/wp\/v2\/pages"}],"about":[{"href":"https:\/\/ucakkargo.org\/kargo\/wp-json\/wp\/v2\/types\/page"}],"author":[{"embeddable":true,"href":"https:\/\/ucakkargo.org\/kargo\/wp-json\/wp\/v2\/users\/2"}],"replies":[{"embeddable":true,"href":"https:\/\/ucakkargo.org\/kargo\/wp-json\/wp\/v2\/comments?post=1101"}],"version-history":[{"count":0,"href":"https:\/\/ucakkargo.org\/kargo\/wp-json\/wp\/v2\/pages\/1101\/revisions"}],"wp:attachment":[{"href":"https:\/\/ucakkargo.org\/kargo\/wp-json\/wp\/v2\/media?parent=1101"}],"curies":[{"name":"wp","href":"https:\/\/api.w.org\/{rel}","templated":true}]}}