{"id":1118,"date":"2019-01-16T19:51:23","date_gmt":"2019-01-16T19:51:23","guid":{"rendered":"http:\/\/www.ucakkargo.net\/?page_id=1118"},"modified":"2019-01-16T19:51:23","modified_gmt":"2019-01-16T19:51:23","slug":"bulgaristan-ucak-kargo","status":"publish","type":"page","link":"https:\/\/ucakkargo.org\/kargo\/bulgaristan-ucak-kargo\/","title":{"rendered":"Bulgaristan U\u00e7ak Yurt D\u0131\u015f\u0131 Kargo"},"content":{"rendered":"\n<h3 class=\"wp-block-heading\"><strong>Bulgaristan U\u00e7ak Yurt D\u0131\u015f\u0131 Kargo<\/strong><\/h3>\n\n\n\n<p><br \/><strong>Bulgaristan U\u00e7ak Yurt D\u0131\u015f\u0131 Kargo<\/strong> G\u00fcn\u00fcm\u00fczde hayat\u0131 kolayla\u015ft\u0131ran hizmetlerden birisi olarak kargo ta\u015f\u0131mac\u0131l\u0131\u011f\u0131 bulunmaktad\u0131r. E-ticaret platformlar\u0131n artmas\u0131, ticari faaliyetlerin uluslararas\u0131 boyutlara ula\u015fmas\u0131, ailelerin farkl\u0131 y\u00f6relere b\u00f6l\u00fcnmesi ve e\u011fitim hayat\u0131n\u0131n aileden uzakta s\u00fcrd\u00fcr\u00fclmesi gibi hususlar nedeniyle s\u00fcrekli \u015fekilde evrak ya da \u00fcr\u00fcn g\u00f6nderimi olmaktad\u0131r. Kargo hizmeti ki\u015filerin kendilerinin bizzat ta\u015f\u0131ma yapamayaca\u011f\u0131 durumlarda kullan\u0131lmaktad\u0131r Yurt i\u00e7inde dahi \u00e7o\u011funlukla ki\u015filer belgelerini, hediyelerini ya da di\u011fer g\u00f6nderilerini bizatihi ta\u015f\u0131ma f\u0131rsat\u0131 bulamad\u0131klar\u0131ndan kargolara ba\u015fvurmaktad\u0131r. \u00d6zellikle kargolar\u0131n bir an \u00f6nce ula\u015fmas\u0131 gerekti\u011fi durumlarda h\u0131z\u0131 ile \u00f6n plana \u00e7\u0131km\u0131\u015f kargolar tercih edilmektedir. Kargolar\u0131n yurt d\u0131\u015f\u0131na g\u00f6nderilmesi gereken durumlar da olu\u015fmaktad\u0131r. Hele kargo hem yurt d\u0131\u015f\u0131na gidecek hem de acil ise m\u00fc\u015fteriler i\u00e7in zorlu bir s\u00fcre\u00e7 ba\u015flamaktad\u0131r. Bu durumda yurt d\u0131\u015f\u0131na en h\u0131zl\u0131 ve kapsaml\u0131 g\u00f6nderi yapan kargo \u015firketleri ara\u015ft\u0131r\u0131lmaya ba\u015flan\u0131r. M\u00fc\u015fterilerin aray\u0131\u015flar\u0131na en iyi \u00e7\u00f6z\u00fcm firmam\u0131z taraf\u0131ndan sunulmaktad\u0131r. Yurt d\u0131\u015f\u0131 acil kargo hizmetlerinin lider firmas\u0131 olarak \u00e7\u00f6z\u00fcm odakl\u0131 \u00e7al\u0131\u015fan firmam\u0131z d\u00fcnyan\u0131n bir\u00e7ok yerine h\u0131zl\u0131 kargo hizmeti vermektedir. T\u00fcm \u00fclkelere acil kargo teslimat\u0131 yapan firmam\u0131z\u0131n <strong>Bulgaristan Yurt D\u0131\u015f\u0131 Kargo<\/strong> hizmetleri de takdir edilecek \u00f6l\u00e7\u00fcde h\u0131zl\u0131 ve sorunsuzdur.<\/p>\n\n\n\n<figure class=\"wp-block-image\"><img decoding=\"async\" src=\"https:\/\/gezimanya.com\/sites\/default\/files\/styles\/900x636\/public\/Monte-Carlo-Monaco-turistik-yerler-philodox_net-Medium.jpg?itok=P195LdWQ\" alt=\"Yurt D\u0131\u015f\u0131 Kargo\" \/><\/figure>\n\n\n\n<h3 class=\"wp-block-heading\"><strong>Bulgaristan\u2019a H\u0131zl\u0131 Teslimat<\/strong><\/h3>\n\n\n\n<p>Yurt d\u0131\u015f\u0131na kara, hava ve deniz ta\u015f\u0131mac\u0131l\u0131\u011f\u0131 ile y\u00fck g\u00f6nderimi yap\u0131labilmektedir. Kargo hizmetleri de bu ta\u015f\u0131mac\u0131l\u0131k y\u00f6ntemleri kullan\u0131larak yap\u0131l\u0131r. Ancak deniz ta\u015f\u0131mac\u0131l\u0131\u011f\u0131 ile kara ta\u015f\u0131mac\u0131l\u0131\u011f\u0131nda g\u00fcmr\u00fck hizmetleri s\u00fcresi ile yolda harcanan zaman daha fazlad\u0131r. Bu nedenle firmam\u0131z taraf\u0131ndan acil kargo hizmetlerinde hava yolu tercih edilmektedir. Acil kargo hizmetleri \u00fc\u00e7 a\u015famal\u0131 olarak ger\u00e7ekle\u015ftirilmektedir. Kargonun evden teslim al\u0131nmas\u0131, g\u00fcmr\u00fck i\u015flemleri ile \u00e7\u0131k\u0131\u015f\u0131n\u0131n yap\u0131lmas\u0131, teslimat \u00fclkesinde da\u011f\u0131t\u0131m\u0131n\u0131n yap\u0131lmas\u0131 \u015feklinde ger\u00e7ekle\u015fen kargo hizmetlerimizde her a\u015famada h\u0131z g\u00f6ze \u00e7arpmaktad\u0131r. Firmam\u0131z\u0131n arkl\u0131 ara\u00e7 donan\u0131mlar\u0131 ve uzman kadrosu ile ba\u015fvuru yap\u0131ld\u0131ktan sonra \u00fcr\u00fcnler kap\u0131dan al\u0131nmaktad\u0131r. Merkez ofise getirilen \u00fcr\u00fcnlerin ta\u015f\u0131maya uygun \u015fekilde paketlenmesi, g\u00fcmr\u00fck kontrollerinin yap\u0131lmas\u0131, u\u00e7a\u011f\u0131n ayarlanmas\u0131 ve yurt d\u0131\u015f\u0131 bilgilendirmeleri yap\u0131lmaktad\u0131r. Her g\u00f6nderinin teslimat s\u00fcreci planlanmakta ve problemler en az seviyeye indirilmektedir. U\u00e7a\u011f\u0131n var\u0131\u015f s\u00fcresi hari\u00e7 t\u00fcm a\u015famalar firmam\u0131z\u0131n kontrol\u00fcndedir. <strong>Bulgaristan Yurt D\u0131\u015f\u0131 Kargo<\/strong> i\u015flemlerinde de \u00fcr\u00fcn paketlemesi yap\u0131l\u0131rken Bulgaristan \u015fubesi bilgilendirilmekte adres ve boyut bilgileri verilerek haz\u0131rl\u0131kl\u0131 olmalar\u0131 sa\u011flanmaktad\u0131r.<\/p>\n\n\n\n<h3 class=\"wp-block-heading\"><strong>Bulgaristan\u2019a U\u00e7ak Kargonun Avantajlar\u0131<\/strong><\/h3>\n\n\n\n<p>D\u00fcnyan\u0131n her b\u00f6lgesine ula\u015fan firmam\u0131z sayesinde olumlu sonu\u00e7lar al\u0131nmaktad\u0131r. Her \u00fclkede acentelerini olu\u015fturan firmam\u0131z h\u0131z\u0131n yan\u0131nda \u00fcr\u00fcne zarar gelmemesini \u00f6nemsemektedir. Firmam\u0131z taraf\u0131ndan yo\u011fun \u015fekilde ger\u00e7ekle\u015ftirilen <strong>Bulgaristan U\u00e7ak Yurt D\u0131\u015f\u0131 Kargo<\/strong> hizmetlerinin avantajlar\u0131 \u015fu \u015fekildedir:<\/p>\n\n\n\n<ul class=\"wp-block-list\">\n<li>Programl\u0131 ta\u015f\u0131mac\u0131l\u0131k sayesinde paketler saatinde ula\u015ft\u0131r\u0131l\u0131r.<\/li>\n<li>Paketler ta\u015f\u0131ma ko\u015fullar\u0131na uygun \u015fekilde koruma alt\u0131na al\u0131nd\u0131\u011f\u0131ndan ta\u015f\u0131ma esnas\u0131nda zarar gelmez.<\/li>\n<li>T\u00fcrkiye\u2019nin her b\u00f6lgesinden kurye ile teslimat al\u0131n\u0131r.<\/li>\n<li>Hafta sonlar\u0131 da d\u00e2hil olmak \u00fczere hizmet verilir.<\/li>\n<li>Online olarak da ba\u015fvuru yap\u0131labilir.<\/li>\n<li><br \/>7\/24 <strong>destek <\/strong>alabilirsiniz.<\/li>\n<\/ul>\n\n\n\n<p class=\"has-text-color\" style=\"color: #ffffff;\"><strong>Nas\u0131l Kargo G\u00f6nderilir<\/strong><br \/>7\/24 <strong>destek <\/strong>alabilirsiniz.<\/p>\n","protected":false},"excerpt":{"rendered":"<p>Bulgaristan U\u00e7ak Yurt D\u0131\u015f\u0131 Kargo Bulgaristan U\u00e7ak Yurt D\u0131\u015f\u0131 Kargo G\u00fcn\u00fcm\u00fczde hayat\u0131 kolayla\u015ft\u0131ran hizmetlerden birisi olarak kargo ta\u015f\u0131mac\u0131l\u0131\u011f\u0131 bulunmaktad\u0131r. E-ticaret<\/p>\n","protected":false},"author":2,"featured_media":0,"parent":0,"menu_order":0,"comment_status":"closed","ping_status":"closed","template":"","meta":{"footnotes":""},"class_list":["post-1118","page","type-page","status-publish","hentry","comments-off"],"_links":{"self":[{"href":"https:\/\/ucakkargo.org\/kargo\/wp-json\/wp\/v2\/pages\/1118","targetHints":{"allow":["GET"]}}],"collection":[{"href":"https:\/\/ucakkargo.org\/kargo\/wp-json\/wp\/v2\/pages"}],"about":[{"href":"https:\/\/ucakkargo.org\/kargo\/wp-json\/wp\/v2\/types\/page"}],"author":[{"embeddable":true,"href":"https:\/\/ucakkargo.org\/kargo\/wp-json\/wp\/v2\/users\/2"}],"replies":[{"embeddable":true,"href":"https:\/\/ucakkargo.org\/kargo\/wp-json\/wp\/v2\/comments?post=1118"}],"version-history":[{"count":0,"href":"https:\/\/ucakkargo.org\/kargo\/wp-json\/wp\/v2\/pages\/1118\/revisions"}],"wp:attachment":[{"href":"https:\/\/ucakkargo.org\/kargo\/wp-json\/wp\/v2\/media?parent=1118"}],"curies":[{"name":"wp","href":"https:\/\/api.w.org\/{rel}","templated":true}]}}