{"id":1138,"date":"2019-01-16T19:51:23","date_gmt":"2019-01-16T19:51:23","guid":{"rendered":"http:\/\/www.ucakkargo.net\/?page_id=1138"},"modified":"2019-01-16T19:51:23","modified_gmt":"2019-01-16T19:51:23","slug":"denizyolu-tasimacilik-yurt-disi-kargo","status":"publish","type":"page","link":"https:\/\/ucakkargo.org\/kargo\/denizyolu-tasimacilik-yurt-disi-kargo\/","title":{"rendered":"Deniz Yolu Ta\u015f\u0131mac\u0131l\u0131k Yurt D\u0131\u015f\u0131 Kargo"},"content":{"rendered":"\n<h3 class=\"wp-block-heading\"><strong>Deniz Yolu Ta\u015f\u0131mac\u0131l\u0131k<\/strong> <strong>Yurt D\u0131\u015f\u0131 Kargo<\/strong><\/h3>\n\n\n\n<p>\u00dclkemizin d\u0131\u015f ticaret rakamlar\u0131 incelendi\u011finde \u00fclkeye giren ve \u00fclkeden \u00e7\u0131kan \u00fcr\u00fcnlerin yars\u0131n\u0131n denizyolu ta\u015f\u0131mac\u0131l\u0131\u011f\u0131 ile adreslerine ula\u015ft\u0131r\u0131ld\u0131\u011f\u0131 g\u00f6r\u00fclmektedir. Avrupa, Amerika, Rusya ve Uzak Do\u011fu \u00fclkeleri ile yap\u0131lan kar\u015f\u0131l\u0131kl\u0131 ticari g\u00f6nderilerde denizyolunun \u00f6nemli rol oynad\u0131\u011f\u0131 anla\u015f\u0131lmaktad\u0131r. <strong>Deniz yolu ta\u015f\u0131mac\u0131l\u0131k<\/strong> <strong>Yurt D\u0131\u015f\u0131 Kargo<\/strong> y\u00f6ntemi karayolu ve havayolu ile k\u0131yasland\u0131\u011f\u0131nda avantaj ve dezavantajlar\u0131 birlikte i\u00e7ermektedir. Deniz yolu ta\u015f\u0131mac\u0131l\u0131\u011f\u0131 hem karayoluna hem de havayoluna g\u00f6re teslimat s\u00fcreleri bak\u0131m\u0131ndan daha yava\u015ft\u0131r. \u00c7\u00fcnk\u00fc gemilerin ula\u015f\u0131m s\u00fcreci, gemilere ba\u015fka vas\u0131talardan y\u00fckleme, gemilerden ba\u015fka vas\u0131talara bo\u015faltma gibi faaliyetler zaman almaktad\u0131r. Ancak y\u00fck kapasitesi di\u011fer y\u00f6ntemlerle k\u0131yaslanmayacak derecede fazlad\u0131r. Bu bak\u0131mdan ta\u015f\u0131ma maliyetlerinin en d\u00fc\u015f\u00fck seviyede olu\u015ftu\u011fu ta\u015f\u0131ma y\u00f6ntemi olarak kar\u015f\u0131m\u0131za \u00e7\u0131kar ve b\u00f6ylelikle ta\u015f\u0131ma hacminin yar\u0131s\u0131n\u0131 al\u0131r.<strong>Denizyolu ta\u015f\u0131mac\u0131l\u0131k ve<\/strong> <strong>Yurt D\u0131\u015f\u0131 Kargo <\/strong>firmam\u0131z, yenilik\u00e7i yap\u0131s\u0131 ile m\u00fc\u015fterilerine yarat\u0131c\u0131 \u00e7\u00f6z\u00fcmler \u00fcretmektedir.<\/p>\n\n\n\n<figure class=\"wp-block-image\"><img decoding=\"async\" src=\"http:\/\/www.pusulagazetesi.com.tr\/image\/haber\/96734_haberler.jpg\" alt=\"Yurt D\u0131\u015f\u0131 Kargo\" \/><\/figure>\n\n\n\n<h3 class=\"wp-block-heading\"><strong>Y\u00fcksek Ta\u015f\u0131ma Kapasiteli Kargo<\/strong><\/h3>\n\n\n\n<p><strong>Deniz yolu ta\u015f\u0131mac\u0131l\u0131k ve<\/strong> <strong>Yurt D\u0131\u015f\u0131 Kargo<\/strong> avantajlar\u0131n\u0131n ba\u015f\u0131nda y\u00fcksek ta\u015f\u0131ma hacmi gelmektedir. Y\u00fczlerce u\u00e7ak ya da t\u0131r ile ta\u015f\u0131nabilecek olan g\u00f6nderiler tek gemi ile ta\u015f\u0131nabilmektedir. \u00d6zellikle liman hizmetlerinin geli\u015fmesi ile beraber \u00e7ok k\u0131sa s\u00fcrelerde y\u00fckleme ve bo\u015faltma yap\u0131lmaktad\u0131r. B\u00f6ylelikle risk azalt\u0131lmakta ve ta\u015f\u0131ma giderleri tek elden y\u00fcr\u00fct\u00fclm\u00fc\u015f olmaktad\u0131r. Y\u00fcksek kapasitenin di\u011fer do\u011fal sonucu daha d\u00fc\u015f\u00fck ta\u015f\u0131ma giderini sa\u011flamas\u0131d\u0131r. Tek personel, yak\u0131t ve liman giderleri ile \u00fcr\u00fcn ba\u015f\u0131na d\u00fc\u015fen kargo tutar\u0131 minimum d\u00fczeye indirilmektedir.<\/p>\n\n\n\n<h3 class=\"wp-block-heading\"><strong>Konteyner Deniz Ta\u015f\u0131mac\u0131l\u0131\u011f\u0131<\/strong><\/h3>\n\n\n\n<p>Deniz ta\u015f\u0131mac\u0131l\u0131\u011f\u0131 konteyner y\u00f6ntemi ile daha disiplinli ve g\u00fcvenli hale gelmi\u015ftir. Geni\u015f m\u00fc\u015fteri a\u011f\u0131 ile firmam\u0131z farkl\u0131 limanlardan konteyner y\u00fcklemesi yapmaktad\u0131r. Ayr\u0131ca farkl\u0131 firmalara ait \u00fcr\u00fcnler tek konteynerde toplanarak ta\u015f\u0131mac\u0131l\u0131k imk\u00e2n\u0131 sa\u011flanmaktad\u0131r. Konteynerler g\u00fc\u00e7l\u00fc yap\u0131lar\u0131 ile deniz ta\u015f\u0131mac\u0131l\u0131\u011f\u0131nda \u00fcr\u00fcnlerin ezilmesini, k\u0131r\u0131lmas\u0131n\u0131 ya da di\u011fer zararlardan birine maruz kalmas\u0131n\u0131 engeller. Ayr\u0131ca konteynerler sayesinde gemilerin hacimleri daha elveri\u015fi kullan\u0131l\u0131r ve istifleme olana\u011f\u0131 bulunur. Konteynerler vas\u0131tas\u0131yla gemilerde y\u00fckleme ve bo\u015faltma faaliyetleri daha verimli hale gelmi\u015ftir. Firmam\u0131z<strong>Denizyolu ta\u015f\u0131mac\u0131l\u0131k ve<\/strong> <strong>Yurt D\u0131\u015f\u0131 Kargo <\/strong>i\u015flemlerinde konteyner vas\u0131tas\u0131yla ila\u00e7, hammadde, ara\u00e7 mobilya gibi \u00fcr\u00fcnlerin ta\u015f\u0131nmas\u0131n\u0131 sa\u011flamaktad\u0131r.<\/p>\n\n\n\n<h3 class=\"wp-block-heading\"><strong>Deniz Yolu Ta\u015f\u0131mac\u0131l\u0131k Yurt D\u0131\u015f\u0131 Kargo Faaliyetleri<\/strong><\/h3>\n\n\n\n<p>Firmam\u0131z <strong>Denizyolu ta\u015f\u0131mac\u0131l\u0131k ve<\/strong> <strong>Yurt D\u0131\u015f\u0131 Kargo<\/strong> i\u015flemlerinde d\u00fcnyada bulunan 4600 limanda faaliyet g\u00f6stermekte ve aktarma limanlar\u0131ndan yararlanmaktad\u0131r. Firmam\u0131z taraf\u0131ndan y\u00fckleme i\u015flemlerinde flat rack, open top, \u0131s\u0131 de\u011fi\u015fikli\u011fi yap\u0131labilen, so\u011fuk ta\u015f\u0131mac\u0131l\u0131\u011fa elveri\u015fli farkl\u0131 \u00f6l\u00e7\u00fclerdeki konteynerler ile g\u00fcvenli bir hizmet sunmaktad\u0131r. Ayr\u0131ca konteyner y\u00fcklemesine uygun olmayan d\u00f6kme \u00fcr\u00fcnlerin ta\u015f\u0131nmas\u0131na y\u00f6nelik gemilerimiz mevcuttur ve gerekti\u011finde kiralama yap\u0131lmaktad\u0131r. Her t\u00fcrl\u00fc ithalat ve ihracat ta\u015f\u0131malar\u0131nda kap\u0131dan kap\u0131ya hizmet veren firmam\u0131z, her t\u00fcrl\u00fc sigorta, liman, y\u00fckleme anla\u015fmalar\u0131n\u0131 yaparak sorunsuz bir teslimat ger\u00e7ekle\u015ftirmektedir.<\/p>\n\n\n\n<p class=\"has-text-color\" style=\"color: #ffffff;\"><strong>Nas\u0131l Kargo G\u00f6nderilir<\/strong><br \/>7\/24 <strong>destek <\/strong>alabilirsiniz.<\/p>\n","protected":false},"excerpt":{"rendered":"<p>Deniz Yolu Ta\u015f\u0131mac\u0131l\u0131k Yurt D\u0131\u015f\u0131 Kargo \u00dclkemizin d\u0131\u015f ticaret rakamlar\u0131 incelendi\u011finde \u00fclkeye giren ve \u00fclkeden \u00e7\u0131kan \u00fcr\u00fcnlerin yars\u0131n\u0131n denizyolu ta\u015f\u0131mac\u0131l\u0131\u011f\u0131<\/p>\n","protected":false},"author":2,"featured_media":0,"parent":0,"menu_order":0,"comment_status":"closed","ping_status":"closed","template":"","meta":{"footnotes":""},"class_list":["post-1138","page","type-page","status-publish","hentry","comments-off"],"_links":{"self":[{"href":"https:\/\/ucakkargo.org\/kargo\/wp-json\/wp\/v2\/pages\/1138","targetHints":{"allow":["GET"]}}],"collection":[{"href":"https:\/\/ucakkargo.org\/kargo\/wp-json\/wp\/v2\/pages"}],"about":[{"href":"https:\/\/ucakkargo.org\/kargo\/wp-json\/wp\/v2\/types\/page"}],"author":[{"embeddable":true,"href":"https:\/\/ucakkargo.org\/kargo\/wp-json\/wp\/v2\/users\/2"}],"replies":[{"embeddable":true,"href":"https:\/\/ucakkargo.org\/kargo\/wp-json\/wp\/v2\/comments?post=1138"}],"version-history":[{"count":0,"href":"https:\/\/ucakkargo.org\/kargo\/wp-json\/wp\/v2\/pages\/1138\/revisions"}],"wp:attachment":[{"href":"https:\/\/ucakkargo.org\/kargo\/wp-json\/wp\/v2\/media?parent=1138"}],"curies":[{"name":"wp","href":"https:\/\/api.w.org\/{rel}","templated":true}]}}