{"id":1156,"date":"2019-01-16T19:51:24","date_gmt":"2019-01-16T19:51:24","guid":{"rendered":"http:\/\/www.ucakkargo.net\/?page_id=1156"},"modified":"2019-01-16T19:51:24","modified_gmt":"2019-01-16T19:51:24","slug":"ekonomik-yurt-disi-kargo","status":"publish","type":"page","link":"https:\/\/ucakkargo.org\/kargo\/ekonomik-yurt-disi-kargo\/","title":{"rendered":"Ekonomik Yurt D\u0131\u015f\u0131 Kargo"},"content":{"rendered":"\n<h3 class=\"wp-block-heading\"><a><strong>Ekonomik Yurt D\u0131\u015f\u0131 Kargo<\/strong><\/a><\/h3>\n\n\n\n<p>Ekonomik Yurt D\u0131\u015f\u0131 Kargo g\u00f6nderimi yap\u0131l\u0131rken h\u0131z, g\u00fcven ve maliyet fakt\u00f6rleri g\u00f6z \u00f6n\u00fcnde bulundurulmaktad\u0131r. Firmam\u0131z, yurt i\u00e7i ve yurt d\u0131\u015f\u0131 kargo g\u00f6nderimleri yapmaktad\u0131r ve ekonomik g\u00f6nderim se\u00e7enekleri ile her kesim i\u00e7in ta\u015f\u0131mac\u0131l\u0131k yap\u0131lmaktad\u0131r. Kargolar\u0131n maliyeti, \u00e7e\u015fitli fakt\u00f6rlere ba\u011fl\u0131 olarak de\u011fi\u015fmektedir. Bu fakt\u00f6rler; mesafe, kargo b\u00fcy\u00fckl\u00fc\u011f\u00fc, kargo g\u00f6nderim yolu, se\u00e7ilen g\u00f6nderi tarifesi gibi unsurlard\u0131r. Firmam\u0131z taraf\u0131ndan her t\u00fcrl\u00fc kargonun g\u00f6nderimi i\u00e7in ekonomik maliyet se\u00e7enekleri sunulmaktad\u0131r. Bu sayede istenilen her \u015fehre ve \u00fclkeye <strong>ekonomik kargo<\/strong> g\u00f6nderimini m\u00fcmk\u00fcn hale getirmekteyiz. Aciliyeti olan kargolar i\u00e7in hava yolu tercih edilebilmektedir. Bunun yan\u0131 s\u0131ra daha ekonomik bir yol tercihi i\u00e7in de kara yolu kullan\u0131lmaktad\u0131r. Hava yolu ile yap\u0131lan kargo g\u00f6nderimleri hem h\u0131z bak\u0131m\u0131ndan hem de g\u00fcvenlik bak\u0131m\u0131ndan \u00e7ok kullan\u0131\u015fl\u0131d\u0131r. Verilen hizmet i\u00e7in firmam\u0131z taraf\u0131ndan hem hava yolu hem de kara yolu i\u00e7in ekonomik se\u00e7enekler sunulmaktad\u0131r.<\/p>\n\n\n\n<figure class=\"wp-block-image\"><img decoding=\"async\" class=\"wp-image-3688\" src=\"https:\/\/yurtdisihavakargo.com\/wp-content\/uploads\/2019\/03\/express-kargo.jpg\" alt=\"Yurt D\u0131\u015f\u0131 Kargo\" \/><\/figure>\n\n\n\n<h3 class=\"wp-block-heading\"><strong>Ekonomik Kargolama Se\u00e7enekleri Ve Kampanyalar\u0131<\/strong><\/h3>\n\n\n\n<p>Firmam\u0131z taraf\u0131ndan hem \u00fclkeler aras\u0131nda hem de \u015fehirler aras\u0131nda ta\u015f\u0131mac\u0131l\u0131k yap\u0131lmaktad\u0131r. Bu ta\u015f\u0131mac\u0131l\u0131k i\u015flemleri i\u00e7in \u00e7e\u015fitli maliyetler olu\u015fur. Herhangi bir kargonun g\u00f6nderimi i\u00e7in hem hava hem de kara yolu i\u00e7in ekonomik kampanyalar bulunmaktad\u0131r. Her m\u00fc\u015fteriye uygun \u00e7e\u015fitli g\u00f6nderi tarifeleri ve y\u00f6ntemleri vard\u0131r. Firmam\u0131z taraf\u0131ndan al\u0131nan bilgilere ba\u011fl\u0131 olarak ki\u015fiye en uygun kampanya ve tarife se\u00e7ene\u011fi sunulmaktad\u0131r. Bu sayede <strong>ekonomik kargo<\/strong> g\u00f6nderimleri yap\u0131labilmektedir. G\u00f6nderi kayd\u0131 olu\u015fturulurken firmam\u0131z ile ileti\u015fime ge\u00e7ilerek kargo hakk\u0131nda baz\u0131 bilgiler verilmesi gerekir. Bu bilgiler al\u0131n\u0131rken yetkili personelimiz taraf\u0131ndan g\u00f6nderi sahibinin ihtiya\u00e7lar\u0131na g\u00f6re en uygun kargo tarifesi sunulur. Kampanya d\u00f6nemlerimizde ise olduk\u00e7a avantajl\u0131 kargo g\u00f6nderimleri yap\u0131labilmektedir.<\/p>\n\n\n\n<h3 class=\"wp-block-heading\"><strong>Ki\u015fisel \u0130htiya\u00e7lar Do\u011frultusunda En Ekonomik Kargolar<\/strong><\/h3>\n\n\n\n<p>Firmam\u0131z taraf\u0131ndan g\u00f6nderi sahiplerine her konuda destek verilmektedir. Bu destek kapsam\u0131nda m\u00fc\u015fterinin ihtiya\u00e7lar\u0131 belirlenir. Kargonun g\u00f6nderilmesi gereken yer, istenilen teslim s\u00fcresi gibi bilgiler al\u0131narak g\u00f6nderi sahibine en <strong>ekonomik kargo<\/strong> tarifeleri ve kampanyalar\u0131 hakk\u0131nda bilgi verilmektedir. Firmam\u0131z yetkili personelleri, \u00e7e\u015fitli g\u00f6nderim yollar\u0131n\u0131n m\u00fc\u015fteriye en uygun olanlar\u0131n\u0131 sunduktan sonra ekonomik maliyetler ile kargo g\u00f6nderimi yap\u0131labilmektedir. Hem ekonomik hem de h\u0131zl\u0131 kargo g\u00f6nderimi i\u00e7in firmam\u0131zdan her zaman hizmet alabilirsiniz.<\/p>\n\n\n\n<p class=\"has-text-color\" style=\"color: #ffffff;\"><strong>Nas\u0131l Kargo G\u00f6nderilir<\/strong><br \/>7\/24 <strong>destek <\/strong>alabilirsiniz.<\/p>\n","protected":false},"excerpt":{"rendered":"<p>Ekonomik Yurt D\u0131\u015f\u0131 Kargo Ekonomik Yurt D\u0131\u015f\u0131 Kargo g\u00f6nderimi yap\u0131l\u0131rken h\u0131z, g\u00fcven ve maliyet fakt\u00f6rleri g\u00f6z \u00f6n\u00fcnde bulundurulmaktad\u0131r. Firmam\u0131z, yurt<\/p>\n","protected":false},"author":2,"featured_media":0,"parent":0,"menu_order":0,"comment_status":"closed","ping_status":"closed","template":"","meta":{"footnotes":""},"class_list":["post-1156","page","type-page","status-publish","hentry","comments-off"],"_links":{"self":[{"href":"https:\/\/ucakkargo.org\/kargo\/wp-json\/wp\/v2\/pages\/1156","targetHints":{"allow":["GET"]}}],"collection":[{"href":"https:\/\/ucakkargo.org\/kargo\/wp-json\/wp\/v2\/pages"}],"about":[{"href":"https:\/\/ucakkargo.org\/kargo\/wp-json\/wp\/v2\/types\/page"}],"author":[{"embeddable":true,"href":"https:\/\/ucakkargo.org\/kargo\/wp-json\/wp\/v2\/users\/2"}],"replies":[{"embeddable":true,"href":"https:\/\/ucakkargo.org\/kargo\/wp-json\/wp\/v2\/comments?post=1156"}],"version-history":[{"count":0,"href":"https:\/\/ucakkargo.org\/kargo\/wp-json\/wp\/v2\/pages\/1156\/revisions"}],"wp:attachment":[{"href":"https:\/\/ucakkargo.org\/kargo\/wp-json\/wp\/v2\/media?parent=1156"}],"curies":[{"name":"wp","href":"https:\/\/api.w.org\/{rel}","templated":true}]}}