{"id":1168,"date":"2019-01-16T19:51:24","date_gmt":"2019-01-16T19:51:24","guid":{"rendered":"http:\/\/www.ucakkargo.net\/?page_id=1168"},"modified":"2019-01-16T19:51:24","modified_gmt":"2019-01-16T19:51:24","slug":"endonezya-yurt-disi-kargo","status":"publish","type":"page","link":"https:\/\/ucakkargo.org\/kargo\/endonezya-yurt-disi-kargo\/","title":{"rendered":"Endonezya Yurt D\u0131\u015f\u0131 H\u0131zl\u0131 Kargo"},"content":{"rendered":"\n<h3 class=\"wp-block-heading\"><strong><span style=\"vertical-align: inherit;\"><span style=\"vertical-align: inherit;\"><span style=\"vertical-align: inherit;\"><span style=\"vertical-align: inherit;\"><span style=\"vertical-align: inherit;\"><span style=\"vertical-align: inherit;\"><span style=\"vertical-align: inherit;\"><span style=\"vertical-align: inherit;\">Endonezya Yurt D\u0131\u015f\u0131 H\u0131zl\u0131<\/span><\/span> Kargo<\/span><\/span><\/span><\/span><\/span><\/span><\/strong><\/h3>\n\n\n\n<p><span style=\"vertical-align: inherit;\"><span style=\"vertical-align: inherit;\"> \u00a0\u00a0\u00a0\u00a0\u00a0\u00a0\u00a0\u00a0\u00a0\u00a0\u00a0\u00a0\u00a0\u00a0 \u0130nsanlar\u0131n birbirlerine g\u00f6ndermek istedikleri \u00fcr\u00fcnleri en k\u0131sa s\u00fcrede ve g\u00fcvenle g\u00f6nderebilmesi i\u00e7in kargo faaliyetleri hizmet vermektedir. <\/span><\/span><strong>Endonezya Yurt D\u0131\u015f\u0131 H\u0131zl\u0131 Kargo<\/strong><span style=\"vertical-align: inherit;\"><span style=\"vertical-align: inherit;\"> g\u00f6nderimlerinde dikkat edilmesi gereken ve m\u00fc\u015fterilerin tercih etmesini sa\u011flayan \u00f6zellikler;<\/span><\/span><\/p>\n\n\n\n<ul class=\"wp-block-list\">\n<li>Maliyet a\u00e7\u0131s\u0131ndan hesapl\u0131 olan kargo g\u00f6nderimleri,<\/li>\n<li>Kargonun teslim edilene kadar g\u00fcvenli bir \u015fekilde olmas\u0131 ve hassas davran\u0131lmas\u0131,<\/li>\n<li>Kargonun en h\u0131zl\u0131 \u015fekilde al\u0131c\u0131 ile bulu\u015fmas\u0131<\/li>\n<\/ul>\n\n\n\n<figure class=\"wp-block-image\"><img decoding=\"async\" src=\"https:\/\/cdntr2.img.sputniknews.com\/images\/\/103889\/64\/1038896453.jpg\" alt=\"Yurt D\u0131\u015f\u0131 Kargo\" \/><\/figure>\n\n\n\n<p><strong>Endonezya Yurt D\u0131\u015f\u0131 H\u0131zl\u0131 Kargo<\/strong> T\u00fcm bu konularda olduk\u00e7a ba\u015far\u0131l\u0131 olan Acil Kargo, \u00a02010 y\u0131l\u0131ndan bu zamana T\u00fcrkiye\u2019nin en kaliteli hava yolu kargo \u015firketlerinden bir tanesi konumunda bulunmaktad\u0131r. \u0130stanbul merkezden t\u00fcm d\u00fcnyaya olacak \u015fekilde kargo hizmetlerini s\u00fcrd\u00fcren firma, uzman kadrosu ile t\u00fcm g\u00f6nderileri profesyonel bir \u015fekilde adresten adrese, hava alan\u0131ndan adrese, adresten hava alan\u0131na, hava alan\u0131ndan hava alan\u0131na g\u00f6nderiler teslim etmektedir. Yurt i\u00e7i ve yurt d\u0131\u015f\u0131 kargolar\u0131 en h\u0131zl\u0131 \u015fekilde adrese teslim \u015fekilde iletmek m\u00fcmk\u00fcn olmaktad\u0131r.<\/p>\n\n\n\n<h3 class=\"wp-block-heading\"><strong>H\u0131zl\u0131 Kargo<\/strong><\/h3>\n\n\n\n<p>\u00a0\u00a0\u00a0\u00a0\u00a0\u00a0\u00a0\u00a0\u00a0\u00a0\u00a0\u00a0\u00a0\u00a0\u00a0 Kargo g\u00f6ndermek i\u00e7in en ba\u015fta firman\u0131n \u00e7a\u011fr\u0131 merkezi ile irtibat kurulur. Sa\u011flanan irtibat neticesinde kargo bilgileri al\u0131nmaktad\u0131r. Eksiksiz bir bilgi al\u0131\u015fveri\u015finden sonra uzman ekip bilgileri analiz eder ve servis s\u00fcresi, fiyat bilgisi ve teslimat s\u00fcresi gibi durumlar m\u00fc\u015fteriye bildirilir. Kargo kayd\u0131 olu\u015fturulduktan sonra kargo \u0130stanbul\u2019da ise adresten al\u0131n\u0131p Endonezya\u2019daki al\u0131c\u0131ya teslim edilmek \u00fczere yola \u00e7\u0131kmaktad\u0131r. E\u011fer kargo \u0130stanbul d\u0131\u015f\u0131nda ise \u00f6ncelikle \u0130stanbul\u2019daki merkez ofise g\u00f6nderilmelidir. Endonezya\u2019da ger\u00e7ekle\u015ftirilen kontroller ve al\u0131nan izinler neticesinde de acente firma ile kargo al\u0131c\u0131 ki\u015fiye imza kar\u015f\u0131l\u0131\u011f\u0131nda teslim edilmektedir.<\/p>\n\n\n\n<h3 class=\"wp-block-heading\"><strong>U\u00e7ak Kargo \u0130le Endonezya\u2019ya H\u0131zl\u0131 Teslimat<\/strong><\/h3>\n\n\n\n<p>\u00a0\u00a0\u00a0\u00a0\u00a0\u00a0\u00a0\u00a0\u00a0\u00a0\u00a0\u00a0\u00a0\u00a0\u00a0 Bir Okyanusya ve Asya \u00fclkesi olan Endonezya, binlerce adadan meydana gelmektedir. Endonezya\u2019ya yap\u0131lan hava yolu kargo g\u00f6nderimleri ile en h\u0131zl\u0131 ve g\u00fcvenli \u015fekilde kargo teslimatlar\u0131 firmam\u0131z taraf\u0131ndan yap\u0131labilmektedir. Anla\u015fmal\u0131 olan hava yolu \u015firketleri ile al\u0131nan kargo ilk Endonezya seferinde al\u0131c\u0131ya ula\u015ft\u0131r\u0131lmak \u00fczere yola \u00e7\u0131kar\u0131lmaktad\u0131r. Ayr\u0131ca Express ve Ekonomik se\u00e7enekleri ile <strong>Endonezya Yurt D\u0131\u015f\u0131 Kargo <\/strong>sunun ne \u015fekilde ula\u015faca\u011f\u0131n\u0131 belirlemek m\u00fcmk\u00fcnd\u00fcr. H\u0131zl\u0131 kargo g\u00f6nderileri i\u00e7in Express kargo, maliyet a\u00e7\u0131s\u0131ndan hesapl\u0131 olmas\u0131 istenen kargolar ise Ekonomik kargo ile g\u00f6nderilebilir. Endonezya\u2019da havaalan\u0131 bulunan t\u00fcm \u015fehirlere <strong>Kargo<\/strong> hizmetleri g\u00f6t\u00fcr\u00fclebilmektedir.<\/p>\n\n\n\n<p class=\"has-text-color\" style=\"color: #ffffff;\"><strong>Nas\u0131l Kargo G\u00f6nderilir<\/strong><br \/>7\/24 <strong>destek <\/strong>alabilirsiniz.<\/p>\n","protected":false},"excerpt":{"rendered":"<p>Endonezya Yurt D\u0131\u015f\u0131 H\u0131zl\u0131 Kargo \u00a0\u00a0\u00a0\u00a0\u00a0\u00a0\u00a0\u00a0\u00a0\u00a0\u00a0\u00a0\u00a0\u00a0 \u0130nsanlar\u0131n birbirlerine g\u00f6ndermek istedikleri \u00fcr\u00fcnleri en k\u0131sa s\u00fcrede ve g\u00fcvenle g\u00f6nderebilmesi i\u00e7in kargo faaliyetleri<\/p>\n","protected":false},"author":2,"featured_media":0,"parent":0,"menu_order":0,"comment_status":"closed","ping_status":"closed","template":"","meta":{"footnotes":""},"class_list":["post-1168","page","type-page","status-publish","hentry","comments-off"],"_links":{"self":[{"href":"https:\/\/ucakkargo.org\/kargo\/wp-json\/wp\/v2\/pages\/1168","targetHints":{"allow":["GET"]}}],"collection":[{"href":"https:\/\/ucakkargo.org\/kargo\/wp-json\/wp\/v2\/pages"}],"about":[{"href":"https:\/\/ucakkargo.org\/kargo\/wp-json\/wp\/v2\/types\/page"}],"author":[{"embeddable":true,"href":"https:\/\/ucakkargo.org\/kargo\/wp-json\/wp\/v2\/users\/2"}],"replies":[{"embeddable":true,"href":"https:\/\/ucakkargo.org\/kargo\/wp-json\/wp\/v2\/comments?post=1168"}],"version-history":[{"count":0,"href":"https:\/\/ucakkargo.org\/kargo\/wp-json\/wp\/v2\/pages\/1168\/revisions"}],"wp:attachment":[{"href":"https:\/\/ucakkargo.org\/kargo\/wp-json\/wp\/v2\/media?parent=1168"}],"curies":[{"name":"wp","href":"https:\/\/api.w.org\/{rel}","templated":true}]}}