{"id":1180,"date":"2019-01-16T19:51:24","date_gmt":"2019-01-16T19:51:24","guid":{"rendered":"http:\/\/www.ucakkargo.net\/?page_id=1180"},"modified":"2019-01-16T19:51:24","modified_gmt":"2019-01-16T19:51:24","slug":"etiyopya-ucak-kargo","status":"publish","type":"page","link":"https:\/\/ucakkargo.org\/kargo\/etiyopya-ucak-kargo\/","title":{"rendered":"Etiyopya U\u00e7ak Yurt D\u0131\u015f\u0131 Kargo"},"content":{"rendered":"\n<h3 class=\"wp-block-heading\"><strong>Etiyopya U\u00e7ak Yurt D\u0131\u015f\u0131 Kargo Se\u00e7enekleri<\/strong><\/h3>\n\n\n\n<p>G\u00fcn\u00fcm\u00fczde kargo hizmetleri insanlar taraf\u0131ndan olduk\u00e7a fazla tercih edilmekte ve uygulanmaktad\u0131r. <strong>Etiyopya U\u00e7ak Yurt D\u0131\u015f\u0131 Kargo<\/strong> i\u015flemlerinde en \u00e7ok dikkat edilmesi gereken ve m\u00fc\u015fterilerin \u00f6nem verdi\u011fi konular \u015fu \u015fekilde \u00f6zetlenebilir;<\/p>\n\n\n\n<figure class=\"wp-block-image\"><img decoding=\"async\" src=\"https:\/\/insamer.com\/rsm\/icerik\/buyuk\/icerik_1508.jpg\" alt=\"Yurt D\u0131\u015f\u0131 Kargo\" \/><\/figure>\n\n\n\n<p>&nbsp;<\/p>\n\n\n\n<ul class=\"wp-block-list\">\n<li>Kargonun en h\u0131zl\u0131 \u015fekilde al\u0131c\u0131ya ula\u015ft\u0131r\u0131lmas\u0131,<\/li>\n<li>Kargonun maliyet a\u00e7\u0131s\u0131ndan hesapl\u0131 olmas\u0131,<\/li>\n<li>Kargo yap\u0131lan \u00fcr\u00fcn\u00fcn hasars\u0131z ve g\u00fcvenli \u015fekilde al\u0131c\u0131ya ula\u015ft\u0131r\u0131lmas\u0131.<\/li>\n<\/ul>\n\n\n\n<p>T\u00fcm bu \u00f6zelliklerde m\u00fc\u015fterilerin g\u00fcvenini ve memnuniyeti kazanan, T\u00fcrkiye\u2019nin en h\u0131zl\u0131 kargo \u015firketi olan Acil Kargo ile kargolar g\u00fcvenli \u015fekilde al\u0131c\u0131lara ula\u015ft\u0131r\u0131lmaktad\u0131r. 2010 y\u0131l\u0131ndan bu yana T\u00fcrkiye\u2019nin en kaliteli hava yolu kargo \u015firketlerinden bir tanesi olan Acil Kargo, \u0130stanbul merkezden t\u00fcm d\u00fcnyaya olacak \u015fekilde kargo hizmetlerini devam ettirmektedir. Tecr\u00fcbeli ve uzman olan kadrosu ile t\u00fcm g\u00f6nderiler profesyonel bir \u015fekilde adresten adrese, hava alan\u0131ndan adrese, adresten hava alan\u0131na, hava alan\u0131ndan hava alan\u0131na g\u00f6nderiler teslim edilebilir. Yurt i\u00e7i ve yurt d\u0131\u015f\u0131 kargolar\u0131 en h\u0131zl\u0131 \u015fekilde adrese teslim \u015fekilde iletmek m\u00fcmk\u00fcn olmaktad\u0131r.\u00a0<\/p>\n\n\n\n<h3 class=\"wp-block-heading\"><strong>Etiyopya U\u00e7ak Yurt D\u0131\u015f\u0131 Kargo \u0130le Etiyopya\u2019ya Kargo G\u00f6nderilmesi<\/strong><\/h3>\n\n\n\n<p>\u00a0\u00a0\u00a0\u00a0\u00a0\u00a0\u00a0\u00a0\u00a0\u00a0\u00a0\u00a0\u00a0\u00a0\u00a0 Bir Do\u011fu Afrika \u00fclkesi olan Etiyopya\u2019ya \u00fclkemizden bir\u00e7ok kargo g\u00f6nderimi yap\u0131lmaktad\u0131r. Etiyopya\u2019ya yap\u0131lan hava yolu kargo g\u00f6nderimleri ile en h\u0131zl\u0131 ve g\u00fcvenli \u015fekilde kargo teslimatlar\u0131 firmam\u0131z taraf\u0131ndan yap\u0131l\u0131r. Hava yolu \u015firketleri ile al\u0131nan kargo ilk Etiyopya seferinde al\u0131c\u0131ya ula\u015ft\u0131r\u0131lmak \u00fczere yola \u00e7\u0131kar\u0131lmaktad\u0131r. Bunun yan\u0131nda Express ve Ekonomik se\u00e7enekleri ile <strong>Etiyopya u\u00e7ak Yurt D\u0131\u015f\u0131 Kargo <\/strong>sunun 2-3 i\u015f g\u00fcn\u00fc ya da 5-6 i\u015f g\u00fcn\u00fc i\u00e7erisinde al\u0131c\u0131ya teslim edilmesi m\u00fc\u015fteri taraf\u0131ndan belirlenmektedir. H\u0131zl\u0131 kargo g\u00f6nderileri i\u00e7in Express kargo, maliyet a\u00e7\u0131s\u0131ndan hesapl\u0131 olmas\u0131 ve zaman konusunda hassas olunmamas\u0131 istenen kargolar ise Ekonomik kargo se\u00e7ene\u011fi ile g\u00f6nderilebilir.<\/p>\n\n\n\n<h3 class=\"wp-block-heading\"><strong>Etiyopya\u2019ya Kargo G\u00f6nderme \u0130\u015flemi<\/strong><\/h3>\n\n\n\n<p>\u00a0\u00a0\u00a0\u00a0\u00a0\u00a0\u00a0\u00a0\u00a0\u00a0\u00a0\u00a0\u00a0\u00a0\u00a0 Kargo g\u00f6ndermek i\u00e7in en ba\u015fta firman\u0131n \u00e7a\u011fr\u0131 merkezi ile irtibata ge\u00e7ilir. Olu\u015fan irtibat neticesinde kargo bilgileri al\u0131nmaktad\u0131r. Eksiksiz bir bilgi al\u0131\u015fveri\u015finden sonra uzman ekip bilgileri analiz eder ve servis s\u00fcresi, fiyat bilgisi ve teslimat s\u00fcresi gibi durumlar m\u00fc\u015fteriye aktar\u0131l\u0131r. Kargo kayd\u0131 olu\u015fturulduktan sonra kargo \u0130stanbul\u2019da ise adresten al\u0131n\u0131p Etiyopya\u2019daki al\u0131c\u0131ya teslim edilmek \u00fczere yola \u00e7\u0131kmaktad\u0131r. E\u011fer kargo \u0130stanbul d\u0131\u015f\u0131nda ise \u00f6ncelikle \u0130stanbul\u2019daki merkez ofise g\u00f6nderilmelidir. Etiyopya\u2019da ger\u00e7ekle\u015ftirilen kontroller ve al\u0131nan izinlerden sonra da acente firmas\u0131 ile al\u0131c\u0131ya teslimat ger\u00e7ekle\u015ftirilir.<\/p>\n\n\n\n<p class=\"has-text-color\" style=\"color: #ffffff;\"><strong>Nas\u0131l Kargo G\u00f6nderilir<\/strong><br \/>7\/24 <strong>destek <\/strong>alabilirsiniz.<\/p>\n","protected":false},"excerpt":{"rendered":"<p>Etiyopya U\u00e7ak Yurt D\u0131\u015f\u0131 Kargo Se\u00e7enekleri G\u00fcn\u00fcm\u00fczde kargo hizmetleri insanlar taraf\u0131ndan olduk\u00e7a fazla tercih edilmekte ve uygulanmaktad\u0131r. Etiyopya U\u00e7ak Yurt<\/p>\n","protected":false},"author":2,"featured_media":0,"parent":0,"menu_order":0,"comment_status":"closed","ping_status":"closed","template":"","meta":{"footnotes":""},"class_list":["post-1180","page","type-page","status-publish","hentry","comments-off"],"_links":{"self":[{"href":"https:\/\/ucakkargo.org\/kargo\/wp-json\/wp\/v2\/pages\/1180","targetHints":{"allow":["GET"]}}],"collection":[{"href":"https:\/\/ucakkargo.org\/kargo\/wp-json\/wp\/v2\/pages"}],"about":[{"href":"https:\/\/ucakkargo.org\/kargo\/wp-json\/wp\/v2\/types\/page"}],"author":[{"embeddable":true,"href":"https:\/\/ucakkargo.org\/kargo\/wp-json\/wp\/v2\/users\/2"}],"replies":[{"embeddable":true,"href":"https:\/\/ucakkargo.org\/kargo\/wp-json\/wp\/v2\/comments?post=1180"}],"version-history":[{"count":0,"href":"https:\/\/ucakkargo.org\/kargo\/wp-json\/wp\/v2\/pages\/1180\/revisions"}],"wp:attachment":[{"href":"https:\/\/ucakkargo.org\/kargo\/wp-json\/wp\/v2\/media?parent=1180"}],"curies":[{"name":"wp","href":"https:\/\/api.w.org\/{rel}","templated":true}]}}