{"id":1182,"date":"2019-01-16T19:51:31","date_gmt":"2019-01-16T19:51:31","guid":{"rendered":"http:\/\/www.ucakkargo.net\/?page_id=1182"},"modified":"2019-01-16T19:51:31","modified_gmt":"2019-01-16T19:51:31","slug":"acil-yurt-disi-evden-eve-nakliyat","status":"publish","type":"page","link":"https:\/\/ucakkargo.org\/kargo\/acil-yurt-disi-evden-eve-nakliyat\/","title":{"rendered":"Acil Yurt D\u0131\u015f\u0131 Evden Eve Nakliyat"},"content":{"rendered":"\n<h3 class=\"wp-block-heading\"><strong>Acil Yurt D\u0131\u015f\u0131 Evden Eve Nakliyat<\/strong><\/h3>\n\n\n\n<p>Nakliyat her yerde yap\u0131lan bir i\u015flemdir. \u00d6zellikle ev ta\u015f\u0131malar\u0131nda nakliyat olduk\u00e7a \u00f6nemli bir yer tutar. Firmam\u0131z olduk\u00e7a kapsaml\u0131 bir \u015fekilde <strong>Acil yurt d\u0131\u015f\u0131 evden eve nakliyat <\/strong>yapmaktad\u0131r. Gerek uluslararas\u0131 gerekse yurt i\u00e7i nakliyat i\u015flemleri i\u00e7in firmam\u0131z taraf\u0131ndan ta\u015f\u0131mac\u0131l\u0131k yap\u0131lmaktad\u0131r. Ayr\u0131ca bu nakliyat hem kara yolu hem de hava yolu ile yap\u0131lmaktad\u0131r. Bu sayede evden eve yap\u0131lan nakliyat i\u015flemleri normalden \u00e7ok daha h\u0131zl\u0131 bir \u015fekilde tamamlanmaktad\u0131r. Ayn\u0131 zamanda olduk\u00e7a g\u00fcvenli bir ta\u015f\u0131ma i\u015flemi yap\u0131l\u0131r ve bu i\u015flem s\u0131ras\u0131nda herhangi bir e\u015fyaya zarar gelmez.<\/p>\n\n\n\n<figure class=\"wp-block-image is-resized\"><img loading=\"lazy\" decoding=\"async\" class=\"wp-image-3459\" src=\"https:\/\/yurtdisihavakargo.com\/wp-content\/uploads\/2019\/02\/Karayolu-Kargo-Kamyon-T\u0131r.jpg\" alt=\"Acil Yurt D\u0131\u015f\u0131 Evden Eve Nakliyat\" width=\"563\" height=\"328\" \/><\/figure>\n\n\n\n<h3 class=\"wp-block-heading\"><strong>Sorunsuz Nakliyat \u0130\u015flemleri<\/strong><\/h3>\n\n\n\n<p>Firmam\u0131z taraf\u0131ndan hem uluslararas\u0131 hem de yurt i\u00e7inde yap\u0131lan nakliyat i\u015flemlerinde gerekli b\u00fct\u00fcn g\u00fcvenlik \u00f6nlemleri al\u0131nmaktad\u0131r. B\u00fct\u00fcn e\u015fyalar dikkatli bir \u015fekilde ta\u015f\u0131n\u0131r ve teslimat s\u00fcresi boyunca firmam\u0131z\u0131n g\u00fcvencesi alt\u0131nda olur. Bu sayede olduk\u00e7a kaliteli ve sorunsuz bir Acil<strong>yurt d\u0131\u015f\u0131 evden eve nakliyat <\/strong>yap\u0131l\u0131r. Firmam\u0131z e\u015fyalar\u0131n teslimat\u0131n\u0131 tamamlayana kadar b\u00fct\u00fcn hepsini sigortalar ve g\u00fcvencesi alt\u0131na al\u0131r. Bu sayede herhangi bir e\u015fyada teslimat s\u0131ras\u0131nda sorun olu\u015fursa firmam\u0131z taraf\u0131ndan zarar kar\u015f\u0131lanmaktad\u0131r. Bu g\u00fcvence ile de yap\u0131lan nakliyat\u0131n kalitesi artmaktad\u0131r.<\/p>\n\n\n\n<h3 class=\"wp-block-heading\"><strong><span style=\"vertical-align: inherit;\"><span style=\"vertical-align: inherit;\">Acil Yurt D\u0131\u015f\u0131 Evden Eve Nakliyat Zaman\u0131nda Ve H\u0131zl\u0131 Teslimat<\/span><\/span><\/strong><\/h3>\n\n\n\n<p>Firmam\u0131z taraf\u0131ndan hem yurt i\u00e7i hem de yurt d\u0131\u015f\u0131 i\u00e7in ta\u015f\u0131mac\u0131l\u0131k yap\u0131l\u0131r. Ayr\u0131ca kara yolu ya da hava yolu ile ta\u015f\u0131mac\u0131l\u0131k imkan\u0131 vard\u0131r. Hem h\u0131zl\u0131 hem de g\u00fcvenli bir <strong>evden eve nakliyat <\/strong>i\u015flemi i\u00e7in firmam\u0131z ekipleri profesyonel bir \u015fekilde \u00e7al\u0131\u015fmaktad\u0131r. Bu sayede en k\u0131sa s\u00fcrede teslimat yap\u0131l\u0131r ve b\u00fct\u00fcn i\u015flemler kusursuz bir \u015fekilde tamamlan\u0131r. Nakliyat i\u015flemi, fiyat\u0131 ile de olduk\u00e7a iyidir. Uygun maliyetli f\u0131rsatlar ile \u00e7ok avantajl\u0131 nakliyat i\u015flemleri yap\u0131labilir. Firmam\u0131z sunmu\u015f oldu\u011fu birtak\u0131m kampanyal\u0131 teklifler ile de nakliyat i\u00e7in kolayl\u0131k sa\u011flamaktad\u0131r.<\/p>\n\n\n\n<h3 class=\"wp-block-heading\"><strong>Nakliyat S\u00fcrecini \u0130nternet \u00dczerinden G\u00f6rmek<\/strong><\/h3>\n\n\n\n<p>Firmam\u0131z taraf\u0131ndan nakliyat ba\u015flamadan \u00f6ncetakip numaras\u0131 verilir ve bu numara sayesinde nakliyat\u0131n durumu internet \u00fczerinden kontrol edilir. Ta\u015f\u0131ma s\u00fcreci hakk\u0131nda bilgilere ula\u015fmak i\u00e7in bu takip numaras\u0131 kullan\u0131lmaktad\u0131r. Ta\u015f\u0131ma s\u00fcreci tamamland\u0131\u011f\u0131 zaman ise nakliyat sahibi bilgilendirilir. H\u0131zl\u0131, sorunsuz, kaliteli bir nakliyat i\u015flemi i\u00e7in firmam\u0131zdan her zaman kolayl\u0131kla hizmet alabilirsiniz. <br \/>7\/24 <strong>destek <\/strong>alabilirsiniz.<\/p>\n\n\n\n<p class=\"has-text-color\" style=\"color: #ffffff;\"><strong>Nas\u0131l Kargo G\u00f6nderilir<\/strong><br \/>7\/24 <strong>destek <\/strong>alabilirsiniz.<\/p>\n","protected":false},"excerpt":{"rendered":"<p>Acil Yurt D\u0131\u015f\u0131 Evden Eve Nakliyat Nakliyat her yerde yap\u0131lan bir i\u015flemdir. \u00d6zellikle ev ta\u015f\u0131malar\u0131nda nakliyat olduk\u00e7a \u00f6nemli bir yer<\/p>\n","protected":false},"author":2,"featured_media":0,"parent":0,"menu_order":0,"comment_status":"closed","ping_status":"closed","template":"","meta":{"footnotes":""},"class_list":["post-1182","page","type-page","status-publish","hentry","comments-off"],"_links":{"self":[{"href":"https:\/\/ucakkargo.org\/kargo\/wp-json\/wp\/v2\/pages\/1182","targetHints":{"allow":["GET"]}}],"collection":[{"href":"https:\/\/ucakkargo.org\/kargo\/wp-json\/wp\/v2\/pages"}],"about":[{"href":"https:\/\/ucakkargo.org\/kargo\/wp-json\/wp\/v2\/types\/page"}],"author":[{"embeddable":true,"href":"https:\/\/ucakkargo.org\/kargo\/wp-json\/wp\/v2\/users\/2"}],"replies":[{"embeddable":true,"href":"https:\/\/ucakkargo.org\/kargo\/wp-json\/wp\/v2\/comments?post=1182"}],"version-history":[{"count":0,"href":"https:\/\/ucakkargo.org\/kargo\/wp-json\/wp\/v2\/pages\/1182\/revisions"}],"wp:attachment":[{"href":"https:\/\/ucakkargo.org\/kargo\/wp-json\/wp\/v2\/media?parent=1182"}],"curies":[{"name":"wp","href":"https:\/\/api.w.org\/{rel}","templated":true}]}}