{"id":1236,"date":"2019-01-16T19:51:25","date_gmt":"2019-01-16T19:51:25","guid":{"rendered":"http:\/\/www.ucakkargo.net\/?page_id=1236"},"modified":"2019-01-16T19:51:25","modified_gmt":"2019-01-16T19:51:25","slug":"hava-tasimaciligi-yurt-disi-kargo","status":"publish","type":"page","link":"https:\/\/ucakkargo.org\/kargo\/hava-tasimaciligi-yurt-disi-kargo\/","title":{"rendered":"Hava Ta\u015f\u0131mac\u0131l\u0131\u011f\u0131 Yurt D\u0131\u015f\u0131 Kargo"},"content":{"rendered":"\n<h3 class=\"wp-block-heading\"><strong>Hava Ta\u015f\u0131mac\u0131l\u0131\u011f\u0131 Yurt D\u0131\u015f\u0131 Kargo<\/strong><\/h3>\n\n\n\n<p>Kargo ile e\u015fya veya belge g\u00f6nderimi genellikle iki \u015fekilde yap\u0131lmaktad\u0131r. Kara yolu veya <strong>hava<\/strong> <strong>ta\u015f\u0131mac\u0131l\u0131\u011f\u0131 yurt d\u0131\u015f\u0131 kargo <\/strong>kullan\u0131larak her yurt i\u00e7inde teslimat yap\u0131labilmektedir. Hava yolu ile yap\u0131lan teslimatlar \u00e7ok h\u0131zl\u0131 oldu\u011fu i\u00e7in \u00f6zellikle en acil durumlarda \u00e7ok s\u0131k tercih edilmektedir. Firmam\u0131z, kargo u\u00e7aklar\u0131 kullanarak hava yolu ile ta\u015f\u0131mac\u0131l\u0131k yapmaktad\u0131r. Hava yolu ile yap\u0131lan teslimatlar hem daha h\u0131zl\u0131 tamamlan\u0131r hem de \u00e7ok g\u00fcvenlidir. Baz\u0131 durumlarda \u015fehirler aras\u0131 belge veya evrak teslimat\u0131 i\u00e7in acil olarak u\u00e7ak kullan\u0131labilmektedir. \u00d6nemli evrak ve belgelerin h\u0131zl\u0131 bir \u015fekilde gidece\u011fi adrese ula\u015ft\u0131r\u0131lmas\u0131 i\u00e7in hava yolu ile ta\u015f\u0131mac\u0131l\u0131k yap\u0131lmaktad\u0131r. Bunun yan\u0131 s\u0131ra her t\u00fcrl\u00fc e\u015fyan\u0131n daha h\u0131zl\u0131 bir \u015fekilde teslim edilmesi i\u00e7in firmam\u0131z taraf\u0131ndan organize ekipler ile i\u015flem yap\u0131l\u0131r.<\/p>\n\n\n\n<figure class=\"wp-block-image\"><img decoding=\"async\" class=\"wp-image-3688\" src=\"https:\/\/yurtdisihavakargo.com\/wp-content\/uploads\/2019\/03\/express-kargo.jpg\" alt=\"Yurt D\u0131\u015f\u0131 Kargo\" \/><\/figure>\n\n\n\n<h3 class=\"wp-block-heading\"><strong>Hava Ta\u015f\u0131mac\u0131l\u0131\u011f\u0131 Yurt D\u0131\u015f\u0131 Kargo Teslimat S\u00fcreci<\/strong><\/h3>\n\n\n\n<p>Hava yolu ta\u015f\u0131mac\u0131l\u0131\u011f\u0131 ile kargo ta\u015f\u0131mac\u0131l\u0131\u011f\u0131 yapmak bir\u00e7ok a\u00e7\u0131dan avantaj sa\u011flad\u0131\u011f\u0131 i\u00e7in \u00e7ok faydal\u0131d\u0131r. Firmam\u0131z taraf\u0131ndan kargo u\u00e7aklar\u0131 ile yap\u0131lan ta\u015f\u0131mac\u0131l\u0131k g\u00fcvenli bir \u015fekilde ger\u00e7ekle\u015fir. Ayn\u0131 zamanda \u00e7ok k\u0131sa s\u00fcrede \u00fcr\u00fcn teslimat\u0131 yap\u0131larak h\u0131zl\u0131 bir ta\u015f\u0131mac\u0131l\u0131k i\u015flemi ger\u00e7ekle\u015ftirilir. Kargoya verilecek \u00fcr\u00fcn i\u00e7in firmam\u0131z\u0131n web adresi \u00fczerinden g\u00f6nderi kayd\u0131 olu\u015fturuldu\u011fu takdirde \u00fcr\u00fcn, evden teslim al\u0131n\u0131r ve merkeze g\u00f6t\u00fcr\u00fcl\u00fcr. Bunun d\u0131\u015f\u0131nda g\u00f6nderi sahibi taraf\u0131ndan merkeze de yollanabilir. Firmam\u0131z\u0131n personeli, g\u00f6nderiyi merkezden alarak havaalan\u0131na g\u00f6t\u00fcrmektedir. Havaalan\u0131nda dikkatli bir \u015fekilde u\u00e7a\u011fa yerle\u015ftirilen \u00fcr\u00fcn, teslimat adresine g\u00f6t\u00fcr\u00fclmek \u00fczere u\u00e7akla ta\u015f\u0131n\u0131r. U\u00e7ak havaalan\u0131na vard\u0131\u011f\u0131 zaman g\u00f6nderi, firmam\u0131z\u0131n personelleri taraf\u0131ndan al\u0131n\u0131r ve en k\u0131sa s\u00fcrede adrese teslimat yap\u0131l\u0131r. Teslimat tamamland\u0131ktan sonra ise <strong>hava yolu ta\u015f\u0131mac\u0131l\u0131\u011f\u0131 <\/strong>firmam\u0131z taraf\u0131ndan g\u00f6nderi sahibine bildirim yap\u0131lmaktad\u0131r.<\/p>\n\n\n\n<h3 class=\"wp-block-heading\"><strong>Teslimat S\u00fcreci G\u00fcvenli Midir?<\/strong><\/h3>\n\n\n\n<p>Hava yolu ile yap\u0131lan ta\u015f\u0131mac\u0131l\u0131k i\u00e7in gerekli g\u00fcvenlik \u00f6nlemleri firmam\u0131z taraf\u0131ndan al\u0131nmaktad\u0131r. Teslimat\u0131 yap\u0131lacak olan b\u00fct\u00fcn \u00fcr\u00fcnler, b\u00fcy\u00fck bir titizlik ile ambalajlanmaktad\u0131r. U\u00e7a\u011fa yerle\u015ftirilirken de \u00e7ok dikkat edilmektedir. B\u00f6ylece yurt i\u00e7inde olduk\u00e7a g\u00fcvenli bir \u015fekilde ta\u015f\u0131mac\u0131l\u0131k yap\u0131lmaktad\u0131r. Firmam\u0131z taraf\u0131nca teslimat s\u00fcreci boyunca da profesyonel ekipler ile \u00e7al\u0131\u015f\u0131l\u0131r ve bu sayede g\u00f6nderiler en iyi \u015fekilde korunur. Yurt i\u00e7inde u\u00e7aklar ile <strong>hava<\/strong> <strong>yolu ta\u015f\u0131mac\u0131l\u0131\u011f\u0131<\/strong> kullanarak g\u00fcvenli kargo g\u00f6nderimi yapmak i\u00e7in firmam\u0131zdan hizmet alabilirsiniz.<\/p>\n\n\n\n<p class=\"has-text-color\" style=\"color: #ffffff;\"><strong>Nas\u0131l Kargo G\u00f6nderilir<\/strong><br \/>7\/24 <strong>destek <\/strong>alabilirsiniz.<\/p>\n","protected":false},"excerpt":{"rendered":"<p>Hava Ta\u015f\u0131mac\u0131l\u0131\u011f\u0131 Yurt D\u0131\u015f\u0131 Kargo Kargo ile e\u015fya veya belge g\u00f6nderimi genellikle iki \u015fekilde yap\u0131lmaktad\u0131r. Kara yolu veya hava ta\u015f\u0131mac\u0131l\u0131\u011f\u0131<\/p>\n","protected":false},"author":2,"featured_media":0,"parent":0,"menu_order":0,"comment_status":"closed","ping_status":"closed","template":"","meta":{"footnotes":""},"class_list":["post-1236","page","type-page","status-publish","hentry","comments-off"],"_links":{"self":[{"href":"https:\/\/ucakkargo.org\/kargo\/wp-json\/wp\/v2\/pages\/1236","targetHints":{"allow":["GET"]}}],"collection":[{"href":"https:\/\/ucakkargo.org\/kargo\/wp-json\/wp\/v2\/pages"}],"about":[{"href":"https:\/\/ucakkargo.org\/kargo\/wp-json\/wp\/v2\/types\/page"}],"author":[{"embeddable":true,"href":"https:\/\/ucakkargo.org\/kargo\/wp-json\/wp\/v2\/users\/2"}],"replies":[{"embeddable":true,"href":"https:\/\/ucakkargo.org\/kargo\/wp-json\/wp\/v2\/comments?post=1236"}],"version-history":[{"count":0,"href":"https:\/\/ucakkargo.org\/kargo\/wp-json\/wp\/v2\/pages\/1236\/revisions"}],"wp:attachment":[{"href":"https:\/\/ucakkargo.org\/kargo\/wp-json\/wp\/v2\/media?parent=1236"}],"curies":[{"name":"wp","href":"https:\/\/api.w.org\/{rel}","templated":true}]}}