{"id":1254,"date":"2019-01-16T19:51:25","date_gmt":"2019-01-16T19:51:25","guid":{"rendered":"http:\/\/www.ucakkargo.net\/?page_id=1254"},"modified":"2019-01-16T19:51:25","modified_gmt":"2019-01-16T19:51:25","slug":"hizli-yurt-disi-kargo","status":"publish","type":"page","link":"https:\/\/ucakkargo.org\/kargo\/hizli-yurt-disi-kargo\/","title":{"rendered":"H\u0131zl\u0131 Yurt D\u0131\u015f\u0131 Kargo"},"content":{"rendered":"\n<h3 class=\"wp-block-heading\"><strong>H\u0131zl\u0131 Yurt D\u0131\u015f\u0131 Kargo<\/strong><\/h3>\n\n\n\n<p>\u00a0\u00a0\u00a0\u00a0\u00a0\u00a0\u00a0\u00a0\u00a0\u00a0\u00a0\u00a0\u00a0\u00a0 H\u0131zl\u0131 yurt d\u0131\u015f\u0131 kargo insanlar\u0131n bir \u00fcr\u00fcn\u00fc ba\u015fka bir yere g\u00f6nderebilmesi i\u00e7in kargo hizmetleri veren kurulu\u015flar bulunmaktad\u0131r. Kargo kurulu\u015flar\u0131 yapt\u0131klar\u0131 kargo transferleri ile al\u0131c\u0131lar\u0131n ve g\u00f6ndericilerin bu konudaki ihtiya\u00e7lar\u0131n\u0131 kar\u015f\u0131lamaktad\u0131r. G\u00fcn\u00fcm\u00fcz d\u00fcnyas\u0131nda b\u00fcy\u00fck ya da k\u00fc\u00e7\u00fck bir\u00e7ok farkl\u0131 kargo hizmeti veren firmalar bulunmaktad\u0131r. Ancak kargo \u015firketlerini birbirinden ay\u0131ran baz\u0131 \u00f6zellikler de mevcuttur. \u00d6zellikle m\u00fc\u015fterilerin kargo sitelerini tercih ederken baz\u0131 hususlara dikkat etti\u011fi bilinmektedir. Bu hususlar; kargo transferinin maliyet a\u00e7\u0131s\u0131ndan hesapl\u0131 olmas\u0131, kargoyu olabilecek en h\u0131zl\u0131 \u015fekilde al\u0131c\u0131ya teslim etmek ve kargonun hasars\u0131z ve g\u00fcvenli bir bi\u00e7imde al\u0131c\u0131ya teslim edilmesi olarak s\u00f6ylenebilir. T\u00fcm bu \u00f6zelliklere sahip olan ve olumlu referanslar alan firmalar bir\u00e7ok kez tercih edilebilir. \u0130nsanlar\u0131n en \u00e7ok dikkat ettikleri bu durumlara uygun hareket eden firmalar her ge\u00e7en g\u00fcn geli\u015fmeye ve b\u00fcy\u00fcmeye de ihtiya\u00e7 duyar.<\/p>\n\n\n\n<figure class=\"wp-block-image\"><img decoding=\"async\" class=\"wp-image-3688\" src=\"https:\/\/yurtdisihavakargo.com\/wp-content\/uploads\/2019\/03\/express-kargo.jpg\" alt=\"Yurt D\u0131\u015f\u0131 Kargo\" \/><\/figure>\n\n\n\n<h3 class=\"wp-block-heading\"><strong>H\u0131zl\u0131 Kargo Se\u00e7ene\u011fi<\/strong><\/h3>\n\n\n\n<p>\u00a0\u00a0\u00a0\u00a0\u00a0\u00a0\u00a0\u00a0\u00a0\u00a0\u00a0\u00a0\u00a0\u00a0 Kargo \u015firketlerini birbirinden ay\u0131ran ve insanlar\u0131n g\u00f6z\u00fcnde daha iyi bir konuma gelmesini sa\u011flayan en temel \u00f6zelliklerden birisi h\u0131zl\u0131 kargo se\u00e7ene\u011finin olmas\u0131d\u0131r. G\u00f6ndericiden ald\u0131klar\u0131 kargoyu en k\u0131sa s\u00fcrede al\u0131c\u0131ya teslim etmeyi ama\u00e7lar. Bu hizmet sayesinde hem g\u00f6ndericinin hem de al\u0131c\u0131n\u0131n i\u015flemi \u00e7ok k\u0131sa bir s\u00fcrede g\u00f6r\u00fcl\u00fcr ve memnuniyet verici ad\u0131mlar at\u0131l\u0131r. H\u0131zl\u0131 kargo hizmeti genellikle hava yolu ile sa\u011flanmaktad\u0131r. En h\u0131zl\u0131 ula\u015f\u0131m \u015fekli olan hava yolu tercih edilerek kargonun en k\u0131sa s\u00fcrede al\u0131c\u0131ya ula\u015ft\u0131r\u0131lmas\u0131 sa\u011flan\u0131r.<\/p>\n\n\n\n<h3 class=\"wp-block-heading\"><strong>H\u0131zl\u0131 Kargo Yapan Sitelere Olan Bak\u0131\u015f A\u00e7\u0131s\u0131<\/strong><\/h3>\n\n\n\n<p>\u00a0\u00a0\u00a0\u00a0\u00a0\u00a0\u00a0\u00a0\u00a0\u00a0\u00a0\u00a0\u00a0\u00a0\u00a0 G\u00fcn\u00fcm\u00fczde insanlar\u0131n kargo \u015firketinden en b\u00fcy\u00fck beklentileri aras\u0131nda kargonun en k\u0131sa s\u00fcrede al\u0131c\u0131ya ula\u015ft\u0131r\u0131lmas\u0131 say\u0131labilmektedir. \u00d6zellikle herhangi bir bilgi, evrak ya da \u00fcr\u00fcn\u00fcn acil olarak al\u0131c\u0131ya g\u00f6nderilmesinin istenmesi \u00e7ok\u00e7a kar\u015f\u0131la\u015f\u0131lan bir durumdur. Bu durumlarda ortaya \u00e7\u0131kan <strong>h\u0131zl\u0131 yurt d\u0131\u015f\u0131 kargo yapan siteler <\/strong>sayesinde olduk\u00e7a b\u00fcy\u00fck bir sorun ortadan kalkm\u0131\u015f olur. Bu i\u015flemi ger\u00e7ekle\u015ftiren kargo firmalar\u0131 sayesinde \u00fcr\u00fcn en k\u0131sa s\u00fcre al\u0131c\u0131ya iletilir. \u00dcstelik h\u0131zl\u0131 kargo i\u015flemlerinde kargonun yine hasars\u0131z ve g\u00fcvenli bir \u015fekilde al\u0131c\u0131ya ula\u015ft\u0131r\u0131lmas\u0131 da sa\u011flan\u0131r. Maliyet a\u00e7\u0131s\u0131ndan farkl\u0131l\u0131klar\u0131 bulunsa da bir\u00e7ok ki\u015fi h\u0131zl\u0131 kargo se\u00e7eneklerinden faydalanaca\u011f\u0131 <strong>h\u0131zl\u0131 yurt d\u0131\u015f\u0131 kargo yapan siteler<\/strong> e ba\u015fvurmaktad\u0131r.<\/p>\n\n\n\n<p class=\"has-text-color\" style=\"color: #ffffff;\"><strong>Nas\u0131l Kargo G\u00f6nderilir<\/strong><br \/>7\/24 <strong>destek <\/strong>alabilirsiniz.<\/p>\n","protected":false},"excerpt":{"rendered":"<p>H\u0131zl\u0131 Yurt D\u0131\u015f\u0131 Kargo \u00a0\u00a0\u00a0\u00a0\u00a0\u00a0\u00a0\u00a0\u00a0\u00a0\u00a0\u00a0\u00a0\u00a0 H\u0131zl\u0131 yurt d\u0131\u015f\u0131 kargo insanlar\u0131n bir \u00fcr\u00fcn\u00fc ba\u015fka bir yere g\u00f6nderebilmesi i\u00e7in kargo hizmetleri veren<\/p>\n","protected":false},"author":2,"featured_media":0,"parent":0,"menu_order":0,"comment_status":"closed","ping_status":"closed","template":"","meta":{"footnotes":""},"class_list":["post-1254","page","type-page","status-publish","hentry","comments-off"],"_links":{"self":[{"href":"https:\/\/ucakkargo.org\/kargo\/wp-json\/wp\/v2\/pages\/1254","targetHints":{"allow":["GET"]}}],"collection":[{"href":"https:\/\/ucakkargo.org\/kargo\/wp-json\/wp\/v2\/pages"}],"about":[{"href":"https:\/\/ucakkargo.org\/kargo\/wp-json\/wp\/v2\/types\/page"}],"author":[{"embeddable":true,"href":"https:\/\/ucakkargo.org\/kargo\/wp-json\/wp\/v2\/users\/2"}],"replies":[{"embeddable":true,"href":"https:\/\/ucakkargo.org\/kargo\/wp-json\/wp\/v2\/comments?post=1254"}],"version-history":[{"count":0,"href":"https:\/\/ucakkargo.org\/kargo\/wp-json\/wp\/v2\/pages\/1254\/revisions"}],"wp:attachment":[{"href":"https:\/\/ucakkargo.org\/kargo\/wp-json\/wp\/v2\/media?parent=1254"}],"curies":[{"name":"wp","href":"https:\/\/api.w.org\/{rel}","templated":true}]}}