{"id":1284,"date":"2019-01-16T19:51:25","date_gmt":"2019-01-16T19:51:25","guid":{"rendered":"http:\/\/www.ucakkargo.net\/?page_id=1284"},"modified":"2019-01-16T19:51:25","modified_gmt":"2019-01-16T19:51:25","slug":"ispanya-yurt-disi-kargo","status":"publish","type":"page","link":"https:\/\/ucakkargo.org\/kargo\/ispanya-yurt-disi-kargo\/","title":{"rendered":"\u0130spanya Yurt D\u0131\u015f\u0131 Kargo"},"content":{"rendered":"\n<h3 class=\"wp-block-heading\"><strong>\u0130spanya Yurt D\u0131\u015f\u0131 Kargo<\/strong><\/h3>\n\n\n\n<p>\u00a0\u00a0\u00a0\u00a0\u00a0\u00a0\u00a0\u00a0\u00a0\u00a0\u00a0\u00a0\u00a0\u00a0 \u0130spanya yurt d\u0131\u015f\u0131 kargo hizmetleri sayesinde insanlar bir \u00fcr\u00fcn\u00fc bir ba\u015fka yere g\u00fcvenli ve h\u0131zl\u0131 bir \u015fekilde ula\u015ft\u0131r\u0131rlar. Bir\u00e7ok farkl\u0131 \u015fekilde olabilen kargo se\u00e7eneklerinde m\u00fc\u015fterilerin \u00f6nem verdikleri konular; kargonun en g\u00fcvenli \u015fekilde al\u0131c\u0131ya teslim edilmesi, h\u0131z a\u00e7\u0131s\u0131ndan olduk\u00e7a tatmin edici s\u00fcreler ve hesapl\u0131 kargo ta\u015f\u0131mac\u0131l\u0131\u011f\u0131d\u0131r. Belirtilen konularda bir\u00e7ok a\u00e7\u0131dan takdir kazanan ve T\u00fcrkiye\u2019nin en h\u0131zl\u0131 kargo \u015firketi olan Acil Kargo ile kargolar uzman ve tecr\u00fcbeli personeller taraf\u0131ndan al\u0131c\u0131lara g\u00fcvenli ve h\u0131zl\u0131 bir \u015fekilde teslim edilir. \u0130stanbul merkezden t\u00fcm d\u00fcnyaya olacak \u015fekilde kargo hizmetlerini yapan Acil Kargo, deneyimli ve uzman olan kadrosu ile t\u00fcm g\u00f6nderiler profesyonel bir \u015fekilde adresten adrese, hava alan\u0131ndan adrese, adresten hava alan\u0131na, hava alan\u0131ndan hava alan\u0131na g\u00f6nderiler teslim edilebilir. Yurt i\u00e7i ve yurt d\u0131\u015f\u0131 kargolar\u0131 en h\u0131zl\u0131 \u015fekilde adrese teslim \u015fekilde iletmek m\u00fcmk\u00fcn olmaktad\u0131r.<\/p>\n\n\n\n<figure class=\"wp-block-image\"><img decoding=\"async\" src=\"https:\/\/gezimanya.com\/sites\/default\/files\/styles\/900x636\/public\/madrid-overview-sunsetovermadrid-xlarge.jpg?itok=nYzWES6x\" alt=\"Yurt D\u0131\u015f\u0131 Kargo\" \/><\/figure>\n\n\n\n<h3 class=\"wp-block-heading\"><strong>\u0130spanya\u2019ya Acil Kargo Hizmeti<\/strong><\/h3>\n\n\n\n<p>\u00a0\u00a0\u00a0\u00a0\u00a0\u00a0\u00a0\u00a0\u00a0\u00a0\u00a0\u00a0\u00a0\u00a0\u00a0 Avrupa\u2019n\u0131n g\u00fcneybat\u0131s\u0131nda yer alan \u0130spanya\u2019n\u0131n t\u00fcm havaalanlar\u0131na teslimatlar yap\u0131labilir. Acil kargo se\u00e7enekleri ile <strong>\u0130spanya kargo <\/strong>hizmetleri en h\u0131zl\u0131 ve g\u00fcvenli \u015fekilde olu\u015fturulur. Hava yolu se\u00e7enekleri \u015feklinde yap\u0131lan servisleri kullanmak m\u00fcmk\u00fcnd\u00fcr. Profesyonel bir \u015fekilde kargolar\u0131n ki\u015filer ile bulu\u015fturulmas\u0131 sa\u011flanmaktad\u0131r. T\u00fcm d\u00fcnya \u00fclkeleri gibi <strong>\u0130spanya kargo <\/strong>i\u015flemlerini de Express ve Ekonomik se\u00e7enekler ile ger\u00e7ekle\u015ftirebiliriz. Se\u00e7ilmi\u015f olan Express kargo se\u00e7ene\u011fi ile kargonun en h\u0131zl\u0131 \u015fekilde al\u0131c\u0131ya ula\u015fmas\u0131 sa\u011flan\u0131r. Ekonomik paket ise zaman konusunda hassas olmayan kargolar i\u00e7in tercih edilebilir. Bu konuda tercih m\u00fc\u015fterinin iste\u011fi do\u011frultusundad\u0131r.<\/p>\n\n\n\n<h3 class=\"wp-block-heading\"><strong>\u0130spanya\u2019ya Kargo G\u00f6nderme \u0130\u015flemleri<\/strong><\/h3>\n\n\n\n<p>\u00a0\u00a0\u00a0\u00a0\u00a0\u00a0\u00a0\u00a0\u00a0\u00a0\u00a0\u00a0\u00a0\u00a0\u00a0 Kargo g\u00f6ndermek i\u00e7in en ba\u015fta firman\u0131n \u00e7a\u011fr\u0131 merkezi ile ileti\u015fime ge\u00e7ilmelidir. Ger\u00e7ekle\u015fen irtibat neticesinde kargo bilgileri al\u0131nmaktad\u0131r. Eksiksiz bir bilgi al\u0131\u015fveri\u015finden sonra uzman ekip bilgileri analiz eder ve servis s\u00fcresi, fiyat bilgisi ve teslimat s\u00fcresi gibi durumlar m\u00fc\u015fteriye aktar\u0131l\u0131r. Kargo kayd\u0131 olu\u015fturulduktan sonra kargo \u0130stanbul\u2019da ise adresten \u00fccretsiz bir \u015fekilde al\u0131n\u0131p \u0130spanya\u2019daki al\u0131c\u0131ya teslim edilmek \u00fczere yola \u00e7\u0131kmaktad\u0131r. E\u011fer kargo \u0130stanbul d\u0131\u015f\u0131nda ise \u00f6ncelikle \u0130stanbul\u2019daki merkez ofise g\u00f6nderilmelidir. \u0130spanya\u2019da olu\u015fturulan kontroller ve al\u0131nan izinlerden sonra da acente firmas\u0131 ile al\u0131c\u0131ya teslimat ger\u00e7ekle\u015ftirilir.<\/p>\n\n\n\n<p class=\"has-text-color\" style=\"color: #ffffff;\"><strong>Nas\u0131l Kargo G\u00f6nderilir<\/strong><br \/>7\/24 <strong>destek <\/strong>alabilirsiniz.<\/p>\n","protected":false},"excerpt":{"rendered":"<p>\u0130spanya Yurt D\u0131\u015f\u0131 Kargo \u00a0\u00a0\u00a0\u00a0\u00a0\u00a0\u00a0\u00a0\u00a0\u00a0\u00a0\u00a0\u00a0\u00a0 \u0130spanya yurt d\u0131\u015f\u0131 kargo hizmetleri sayesinde insanlar bir \u00fcr\u00fcn\u00fc bir ba\u015fka yere g\u00fcvenli ve h\u0131zl\u0131<\/p>\n","protected":false},"author":2,"featured_media":0,"parent":0,"menu_order":0,"comment_status":"closed","ping_status":"closed","template":"","meta":{"footnotes":""},"class_list":["post-1284","page","type-page","status-publish","hentry","comments-off"],"_links":{"self":[{"href":"https:\/\/ucakkargo.org\/kargo\/wp-json\/wp\/v2\/pages\/1284","targetHints":{"allow":["GET"]}}],"collection":[{"href":"https:\/\/ucakkargo.org\/kargo\/wp-json\/wp\/v2\/pages"}],"about":[{"href":"https:\/\/ucakkargo.org\/kargo\/wp-json\/wp\/v2\/types\/page"}],"author":[{"embeddable":true,"href":"https:\/\/ucakkargo.org\/kargo\/wp-json\/wp\/v2\/users\/2"}],"replies":[{"embeddable":true,"href":"https:\/\/ucakkargo.org\/kargo\/wp-json\/wp\/v2\/comments?post=1284"}],"version-history":[{"count":0,"href":"https:\/\/ucakkargo.org\/kargo\/wp-json\/wp\/v2\/pages\/1284\/revisions"}],"wp:attachment":[{"href":"https:\/\/ucakkargo.org\/kargo\/wp-json\/wp\/v2\/media?parent=1284"}],"curies":[{"name":"wp","href":"https:\/\/api.w.org\/{rel}","templated":true}]}}