{"id":1288,"date":"2019-01-16T19:51:25","date_gmt":"2019-01-16T19:51:25","guid":{"rendered":"http:\/\/www.ucakkargo.net\/?page_id=1288"},"modified":"2019-01-16T19:51:25","modified_gmt":"2019-01-16T19:51:25","slug":"istanbul-ici-kurye","status":"publish","type":"page","link":"https:\/\/ucakkargo.org\/kargo\/istanbul-ici-kurye\/","title":{"rendered":"\u0130stanbul \u0130\u00e7i Kurye"},"content":{"rendered":"\n<h3 class=\"wp-block-heading\"><strong>\u0130stanbul \u0130\u00e7i Kurye<\/strong><\/h3>\n\n\n\n<p>Kurye, belirli bir noktaya ula\u015fmas\u0131 istenen g\u00f6nderiyi bir yerden ba\u015fka bir yere ta\u015f\u0131yarak g\u00f6t\u00fcren ki\u015fiye verilen isimdir. \u00d6zellikle \u015firket ve i\u015fyerleri i\u00e7in b\u00fcy\u00fck \u00f6neme sahip olan kurye hizmetleri ile \u00fcr\u00fcn, evrak ve belge g\u00f6nderimi \u00e7ok daha h\u0131zl\u0131 ve g\u00fcvenli olur. Kurye, haz\u0131rlanm\u0131\u015f olan \u00fcr\u00fcn\u00fc al\u0131p g\u00f6nderinin ula\u015faca\u011f\u0131 adresi net olarak belirleyip en k\u0131sa yollar\u0131 se\u00e7erek h\u0131zl\u0131 bir \u015fekilde iletilmesi gereken adrese ula\u015ft\u0131rma g\u00f6revini yapar. Kurye i\u015fi yapan ki\u015finin insanlarla iyi ileti\u015fim kurabilen, yo\u011fun i\u015f temposuna ve esnek \u00e7al\u0131\u015fma saatlerine uyum sa\u011flayabilen, zaman\u0131 iyi kullanabilen, h\u0131zl\u0131 ve \u00e7evik ki\u015filer olmal\u0131d\u0131r. <strong>\u0130stanbul i\u00e7i kurye<\/strong> g\u00f6revini \u00fcstlenen ki\u015fi \u0130stanbul trafi\u011finde h\u0131zl\u0131 hareket edebilme y\u00f6ntemlerini bilen ve \u00e7ok iyi kullanabilen bir ki\u015fi olmas\u0131 gerekir. \u0130stanbul H\u0131zl\u0131 Kurye<\/p>\n\n\n\n<figure class=\"wp-block-image\"><img decoding=\"async\" src=\"https:\/\/i.sozcu.com.tr\/wp-content\/uploads\/2018\/04\/iecrop\/istanbulun-gezilecek-yerleri_16_9_1522653029.jpg\" alt=\"\u0130stanbul \u0130\u00e7i Kurye\" \/><\/figure>\n\n\n\n<h3 class=\"wp-block-heading\"><strong>Kurye \u00c7e\u015fitleri<\/strong><\/h3>\n\n\n\n<p>B\u00fcy\u00fck metropol \u0130stanbul\u2019un kalabal\u0131\u011f\u0131 ve yo\u011fun trafi\u011fi ula\u015f\u0131m\u0131 zor ve a\u015f\u0131lmaz hale getiren unsurlard\u0131r. <strong>\u0130stanbul i\u00e7i kurye<\/strong> hizmeti verecek ki\u015finin bu zor ko\u015fullar\u0131 a\u015fabilen ve k\u0131sa yollar\u0131 ve kolay ula\u015f\u0131m\u0131 ba\u015farabilen bir ki\u015fi olmas\u0131 gerekir. Kurye hizmetinde en \u00e7ok kullan\u0131lan kurye \u015fekli moto kurye hizmetidir. Motorlu kurye, motor ile daha dar yollara ve ara\u00e7 ile ula\u015f\u0131m\u0131 zor olan noktalara daha kolay ve h\u0131zl\u0131 ula\u015f\u0131m sa\u011flayabilir. Yaya kuryeler \u0130stanbul trafi\u011finde toplu ta\u015f\u0131ma ile nas\u0131l daha h\u0131zl\u0131 bir ula\u015f\u0131m sa\u011flanabilece\u011fini bilen ki\u015filer taraf\u0131ndan kullan\u0131l\u0131r. Arabal\u0131 kuryeler yo\u011fun ara\u00e7 trafi\u011finin ya\u015fand\u0131\u011f\u0131 \u015fehirde k\u0131sa yollar\u0131 ve kolay ula\u015f\u0131m\u0131 bilmelidir. Bisikletli kuryeler ara\u00e7 veya motosiklet ile girilemeyecek yerlere ula\u015fabilen bir y\u00f6ntem geli\u015ftirirler. \u0130stanbul<\/p>\n\n\n\n<h3 class=\"wp-block-heading\"><strong>Kurye Hizmetleri<\/strong><\/h3>\n\n\n\n<p>B\u00fcy\u00fck \u015fehir \u0130stanbul\u2019da en h\u0131zl\u0131 ve g\u00fcvenli kurye hizmetini veriyoruz. Kurye alan\u0131nda uzman ve deneyimli ekibimiz ile g\u00f6nderilerinizi tam zamanl\u0131 olarak ula\u015ft\u0131r\u0131lmas\u0131 gereken adrese g\u00fcvenli bir \u015fekilde ula\u015ft\u0131r\u0131yoruz. Y\u0131llar\u0131n verdi\u011fi tecr\u00fcbe ve m\u00fc\u015fteri memnuniyeti prensibi ile profesyonel kurye hizmeti sunuyoruz. Kurye ekibimiz bu alanda deneyimli ki\u015filer oldu\u011fundan \u0130stanbul\u2019u \u00e7ok iyi bilen ve adres tespitini h\u0131zl\u0131 bir \u015fekilde yaparak tam zaman\u0131nda g\u00f6nderinizi ula\u015ft\u0131rabilen ki\u015filerdir. <strong>\u0130stanbul i\u00e7i kurye <\/strong>i\u00e7in en iyi hizmeti bizden alabilirsiniz. \u0130stanbul<\/p>\n\n\n\n<p class=\"has-text-color\" style=\"color: #ffffff;\"><strong>Nas\u0131l Kargo G\u00f6nderilir<\/strong><br \/>7\/24 <strong>destek <\/strong>alabilirsiniz.<\/p>\n","protected":false},"excerpt":{"rendered":"<p>\u0130stanbul \u0130\u00e7i Kurye Kurye, belirli bir noktaya ula\u015fmas\u0131 istenen g\u00f6nderiyi bir yerden ba\u015fka bir yere ta\u015f\u0131yarak g\u00f6t\u00fcren ki\u015fiye verilen isimdir.<\/p>\n","protected":false},"author":2,"featured_media":0,"parent":0,"menu_order":0,"comment_status":"closed","ping_status":"closed","template":"","meta":{"footnotes":""},"class_list":["post-1288","page","type-page","status-publish","hentry","comments-off"],"_links":{"self":[{"href":"https:\/\/ucakkargo.org\/kargo\/wp-json\/wp\/v2\/pages\/1288","targetHints":{"allow":["GET"]}}],"collection":[{"href":"https:\/\/ucakkargo.org\/kargo\/wp-json\/wp\/v2\/pages"}],"about":[{"href":"https:\/\/ucakkargo.org\/kargo\/wp-json\/wp\/v2\/types\/page"}],"author":[{"embeddable":true,"href":"https:\/\/ucakkargo.org\/kargo\/wp-json\/wp\/v2\/users\/2"}],"replies":[{"embeddable":true,"href":"https:\/\/ucakkargo.org\/kargo\/wp-json\/wp\/v2\/comments?post=1288"}],"version-history":[{"count":0,"href":"https:\/\/ucakkargo.org\/kargo\/wp-json\/wp\/v2\/pages\/1288\/revisions"}],"wp:attachment":[{"href":"https:\/\/ucakkargo.org\/kargo\/wp-json\/wp\/v2\/media?parent=1288"}],"curies":[{"name":"wp","href":"https:\/\/api.w.org\/{rel}","templated":true}]}}