{"id":1317,"date":"2019-01-16T19:51:26","date_gmt":"2019-01-16T19:51:26","guid":{"rendered":"http:\/\/www.ucakkargo.net\/?page_id=1317"},"modified":"2019-01-16T19:51:26","modified_gmt":"2019-01-16T19:51:26","slug":"kambocya-yurt-disi-kargo","status":"publish","type":"page","link":"https:\/\/ucakkargo.org\/kargo\/kambocya-yurt-disi-kargo\/","title":{"rendered":"Kambo\u00e7ya Yurt D\u0131\u015f\u0131 Kargo"},"content":{"rendered":"\n<h3 class=\"wp-block-heading\"><strong>Kambo\u00e7ya Yurt D\u0131\u015f\u0131 Kargo<\/strong><\/h3>\n\n\n\n<p><span style=\"vertical-align: inherit;\"><span style=\"vertical-align: inherit;\">Kambo\u00e7ya yurt d\u0131\u015f\u0131 kargo ula\u015f\u0131m hizmetlerinin geli\u015fmesi ve \u00fclkeler aras\u0131 ileti\u015fimlerin artmas\u0131 ile beraber her anlamda ili\u015fkiler geli\u015fmeler ba\u015flam\u0131\u015ft\u0131r. \u00dclkeler aras\u0131nda \u00f6\u011frenci de\u011fi\u015fimleri, uluslararas\u0131 yat\u0131r\u0131mlar, turizm ya da g\u00f6\u00e7 gibi durumlar s\u0131n\u0131r a\u015fan ta\u015f\u0131mac\u0131l\u0131k hizmetlerinin artmas\u0131n\u0131 sa\u011flam\u0131\u015ft\u0131r. \u00dclkeler aras\u0131 y\u00fcr\u00fct\u00fclen faaliyetlerin bir sonucu olarak kargo hizmetleri de s\u0131n\u0131r tan\u0131maz hale gelmi\u015ftir. \u00d6zellikle \u00c7in ve Amerika gibi \u00fclkelerden t\u00fcm d\u00fcnyaya \u00fcr\u00fcn sat\u0131\u015f\u0131 yap\u0131lmaktad\u0131r. Bu gibi i\u015flemlerde kargo s\u00fcrelerinin 1 ay\u0131 buldu\u011fu g\u00f6r\u00fclmektedir. Baz\u0131 durumlarda 1 ay gibi bir s\u00fcrenin beklenmesi \u00e7ok ciddi kay\u0131plar olu\u015fturmaktad\u0131r. <\/span><\/span><\/p>\n\n\n\n<figure class=\"wp-block-image\"><img decoding=\"async\" src=\"https:\/\/www.aimsaddergisi.com\/wp-content\/uploads\/2016\/12\/CambodiaSiemReap-777x437.jpg\" alt=\"Yurt D\u0131\u015f\u0131 Kargo\" \/><\/figure>\n\n\n\n<h3 class=\"wp-block-heading\">\u00a0<\/h3>\n\n\n\n<p><span style=\"vertical-align: inherit;\"><span style=\"vertical-align: inherit;\">Ki\u015filerin kendilerinin beraberlerinde g\u00f6t\u00fcrme imk\u00e2nlar\u0131n\u0131n olmad\u0131\u011f\u0131 durumlarda genellikle u\u00e7akla kargo g\u00f6nderimi yapan firmalar acil olan bu kargolar\u0131n yeti\u015ftirilmesinde \u00f6nemli rol oynamaktad\u0131r. Acil olan kargolara \u00f6rnek olarak \u00e7ek, senet,s\u00f6zle\u015fme, fikri s\u0131nai hak belgesi, diploma ya da ila\u00e7 say\u0131labilir. Firmam\u0131z \u00fclkemizin \u00f6nde gelen acil kargo kurumlar\u0131ndand\u0131r. \u00dclke i\u00e7i ve \u00fclke d\u0131\u015f\u0131 \u00e7al\u0131\u015fma ortaklar\u0131 sayesinde kargolar zaman\u0131nda adreslerine ula\u015ft\u0131r\u0131lmaktad\u0131r. Firmam\u0131z\u0131n kargo ta\u015f\u0131mac\u0131l\u0131\u011f\u0131 yapt\u0131\u011f\u0131 \u00fclkelerden birisi de Kambo\u00e7ya\u2019d\u0131r. Kambo\u00e7ya Kargo servisimiz T\u00fcrkiye\u2019den \u00e7\u0131k\u0131\u015f\u0131 yap\u0131lan kargolar\u0131n takibini ve teslimini yapan \u00f6zel nitelikli personelden olu\u015fur.<\/span><\/span><\/p>\n\n\n\n<h3 class=\"wp-block-heading\"><strong>Kambo\u00e7ya Kargo ile Zaman\u0131nda Teslimat<\/strong><\/h3>\n\n\n\n<p>Kambo\u00e7ya\u2019n\u0131n T\u00fcrkiye\u2019den uzakl\u0131\u011f\u0131 7385 kilometredir. Havayolu d\u0131\u015f\u0131ndaki di\u011fer ula\u015f\u0131m \u015fekilleri ile kargonun zaman\u0131nda g\u00f6nderilmesi m\u00fcmk\u00fcn g\u00f6z\u00fckmemektedir. Bunun fark\u0131nda olan firmam\u0131z <strong>Kambo\u00e7ya kargo<\/strong> g\u00f6nderimlerini havayolu vas\u0131tas\u0131yla yapmaktad\u0131r. Acil kargo hizmetlerinde ilk a\u015famadan son a\u015famaya kadar azami gayret g\u00f6sterilmektedir. Bu nedenle \u00f6ncelikle kargonun evden ya da i\u015f yerinden teslim al\u0131nmas\u0131 a\u015famas\u0131n\u0131n h\u0131zl\u0131 yap\u0131lmas\u0131 gerekmektedir. \u0130stanbul i\u00e7i olan g\u00f6nderiler motor kuryeler ile hemen al\u0131nmaktad\u0131r. Di\u011fer illerde kap\u0131dan al\u0131nan kargo paketleri u\u00e7ak ula\u015f\u0131m\u0131 ile \u0130stanbul\u2019a getirilmektedir. Firmam\u0131zda i\u015f b\u00f6l\u00fcm\u00fc yap\u0131lm\u0131\u015ft\u0131r ve herkes uzmanl\u0131k alan\u0131nda \u00e7al\u0131\u015fmaktad\u0131r. \u0130stanbul iline gelen paketlerin \u00fclkelere g\u00f6re da\u011fl\u0131m\u0131 yap\u0131larak en yak\u0131n u\u00e7ak tarifleri ayarlanmaktad\u0131r.<\/p>\n\n\n\n<h3 class=\"wp-block-heading\"><strong>G\u00fcvenli \u015eekilde Adrese Ula\u015f\u0131m<\/strong><\/h3>\n\n\n\n<p>G\u00f6nderilecekleri u\u00e7aklar ayarlanan <strong>Kambo\u00e7ya kargo<\/strong> paketleri g\u00fcmr\u00fck b\u00f6l\u00fcm\u00fcm\u00fcz taraf\u0131ndan g\u00fcmr\u00fckleme i\u015flerine sokulur. Buradaki y\u00f6ntemlere ve kurallara h\u00e2kim olan personelimizi taraf\u0131ndan i\u015flemlerin tamamlanmas\u0131ndan sonra paket u\u00e7a\u011f\u0131na bindirilir. U\u00e7a\u011fa bindirilen paketin boyutu, niteli\u011fi ve adresi ile ilgili bilgi Kambo\u00e7ya \u015fubesinde g\u00f6nderilerek haz\u0131rl\u0131kl\u0131 olmalar\u0131 sa\u011flan\u0131r. Gelen paketler ile ilgili planlamas\u0131n\u0131 yapan \u015fube taraf\u0131ndan en k\u0131sa s\u00fcrede adrese ula\u015ft\u0131r\u0131l\u0131r. Firmam\u0131z\u0131n h\u0131z\u0131n\u0131n yan\u0131nda kargonun izlenmesine imkan veren online hizmetleri ile de g\u00f6nderici ya da al\u0131c\u0131lar\u0131n habersiz kalmas\u0131n\u0131 engellemektedir. G\u00fcvenli ve h\u0131zl\u0131 bir kargo g\u00f6nderisi yapmak i\u00e7in firmam\u0131za internet ya da telefon \u00fczerinden ula\u015farak kay\u0131t olu\u015fturman\u0131z yeterlidir.<\/p>\n\n\n\n<p class=\"has-text-color\" style=\"color: #ffffff;\"><strong>Nas\u0131l Kargo G\u00f6nderilir<\/strong><br \/>7\/24 <strong>destek <\/strong>alabilirsiniz.<\/p>\n","protected":false},"excerpt":{"rendered":"<p>Kambo\u00e7ya Yurt D\u0131\u015f\u0131 Kargo Kambo\u00e7ya yurt d\u0131\u015f\u0131 kargo ula\u015f\u0131m hizmetlerinin geli\u015fmesi ve \u00fclkeler aras\u0131 ileti\u015fimlerin artmas\u0131 ile beraber her anlamda<\/p>\n","protected":false},"author":2,"featured_media":0,"parent":0,"menu_order":0,"comment_status":"closed","ping_status":"closed","template":"","meta":{"footnotes":""},"class_list":["post-1317","page","type-page","status-publish","hentry","comments-off"],"_links":{"self":[{"href":"https:\/\/ucakkargo.org\/kargo\/wp-json\/wp\/v2\/pages\/1317","targetHints":{"allow":["GET"]}}],"collection":[{"href":"https:\/\/ucakkargo.org\/kargo\/wp-json\/wp\/v2\/pages"}],"about":[{"href":"https:\/\/ucakkargo.org\/kargo\/wp-json\/wp\/v2\/types\/page"}],"author":[{"embeddable":true,"href":"https:\/\/ucakkargo.org\/kargo\/wp-json\/wp\/v2\/users\/2"}],"replies":[{"embeddable":true,"href":"https:\/\/ucakkargo.org\/kargo\/wp-json\/wp\/v2\/comments?post=1317"}],"version-history":[{"count":0,"href":"https:\/\/ucakkargo.org\/kargo\/wp-json\/wp\/v2\/pages\/1317\/revisions"}],"wp:attachment":[{"href":"https:\/\/ucakkargo.org\/kargo\/wp-json\/wp\/v2\/media?parent=1317"}],"curies":[{"name":"wp","href":"https:\/\/api.w.org\/{rel}","templated":true}]}}