{"id":1327,"date":"2019-01-16T19:51:26","date_gmt":"2019-01-16T19:51:26","guid":{"rendered":"http:\/\/www.ucakkargo.net\/?page_id=1327"},"modified":"2019-01-16T19:51:26","modified_gmt":"2019-01-16T19:51:26","slug":"kara-yolu-tasimaciligi","status":"publish","type":"page","link":"https:\/\/ucakkargo.org\/kargo\/kara-yolu-tasimaciligi\/","title":{"rendered":"Kara yolu Ta\u015f\u0131mac\u0131l\u0131\u011f\u0131"},"content":{"rendered":"\n<h3 class=\"wp-block-heading\"><strong>Kara yolu Ta\u015f\u0131mac\u0131l\u0131\u011f\u0131<\/strong><\/h3>\n\n\n\n<p>\u0130nsanlar veya kurumlar aras\u0131nda s\u00fcrekli olarak e\u015fya ve benzeri \u015feylerin ta\u015f\u0131mac\u0131l\u0131\u011f\u0131 yap\u0131l\u0131r. Kargo firmalar\u0131 arac\u0131l\u0131\u011f\u0131 ile yurt i\u00e7inde istenilen her yere belge veya e\u015fya teslimat\u0131 yap\u0131lmaktad\u0131r. Firmam\u0131z yurt i\u00e7inde <strong>kara yolu ta\u015f\u0131mac\u0131l\u0131\u011f\u0131 <\/strong>yaparak b\u00fct\u00fcn kargolar\u0131 zaman\u0131nda ve h\u0131zl\u0131 bir \u015fekilde teslim etmektedir. Kara yolunda yap\u0131lan her t\u00fcrl\u00fc ta\u015f\u0131mac\u0131l\u0131kta firmam\u0131z taraf\u0131ndan g\u00fcvenlik a\u00e7\u0131s\u0131ndan da h\u0131z a\u00e7\u0131s\u0131ndan da en iyi \u015fekilde g\u00f6nderim yap\u0131lmaktad\u0131r. Firmam\u0131z, b\u00fct\u00fcn bu ta\u015f\u0131mac\u0131l\u0131k i\u015flemlerini zaman\u0131nda yapmaktad\u0131r.<\/p>\n\n\n\n<figure class=\"wp-block-image\"><img decoding=\"async\" class=\"wp-image-3688\" src=\"https:\/\/yurtdisihavakargo.com\/wp-content\/uploads\/2019\/03\/express-kargo.jpg\" alt=\"Kara Yolu Ta\u015f\u0131mac\u0131l\u0131\u011f\u0131 Yurt D\u0131\u015f\u0131 Kargo\" \/><\/figure>\n\n\n\n<h3 class=\"wp-block-heading\"><strong>Kara yolu Ta\u015f\u0131mac\u0131l\u0131\u011f\u0131n\u0131n Teslimat\u0131 Uzun S\u00fcrer Mi?<\/strong><\/h3>\n\n\n\n<p>Karayolu teslimat\u0131 yeterince h\u0131zl\u0131 olmaktad\u0131r ve g\u00f6nderilen kargonun teslimi zaman\u0131nda yap\u0131l\u0131r. Kargo merkezden \u00e7\u0131kt\u0131\u011f\u0131 anda Firmam\u0131z, kara yolunda yapt\u0131\u011f\u0131 ta\u015f\u0131mac\u0131l\u0131k ile olduk\u00e7a h\u0131zl\u0131 ve g\u00fcvenli bir \u015fekilde g\u00f6nderi teslimat\u0131 yapmaktad\u0131r. Yurt i\u00e7inde her zaman ve her yerde kara yolu kullan\u0131larak h\u0131zl\u0131 bir \u015fekilde teslimat yap\u0131labilmektedir. Bunun yan\u0131 s\u0131ra kargonun takip edilebilmesi ve g\u00f6nderinin belirli bir s\u00fcreli\u011fine sigortalanmas\u0131 da \u00e7ok yararl\u0131 olmaktad\u0131r.<\/p>\n\n\n\n<h3 class=\"wp-block-heading\"><strong>Kara Yolu Ta\u015f\u0131mac\u0131l\u0131\u011f\u0131yla Yap\u0131lan Teslimat\u0131n Kontrol\u00fc<\/strong><\/h3>\n\n\n\n<p>Kara yolu kullan\u0131larak yap\u0131lan teslimatlar, firmam\u0131z\u0131n olu\u015fturmu\u015f oldu\u011fu takip sistemi arac\u0131l\u0131\u011f\u0131 ile kontrol edilebilmektedir. Firmam\u0131z\u0131n internet sitesine girildi\u011fi takdirde kargo takip numaras\u0131 kullan\u0131larak g\u00f6nderinin durumu hakk\u0131nda bilgi sahibi olmak m\u00fcmk\u00fcnd\u00fcr. G\u00f6nderinin \u015fubelerden \u00e7\u0131k\u0131\u015f saati gibi bilgilere firmam\u0131z internet adresinden ula\u015f\u0131labilmektedir. <strong>Kara yolu ta\u015f\u0131mac\u0131l\u0131\u011f\u0131, <\/strong>bu takip numaras\u0131 sayesinde s\u00fcrekli olarak kontrol edilmektedir. Ayn\u0131 zamanda g\u00fcvenli olan bu ta\u015f\u0131mac\u0131l\u0131k y\u00f6ntemi en h\u0131zl\u0131 \u015fekilde teslimat yapmaya imkan verir. Teslimat s\u00fcreci tamamland\u0131ktan sonra da firmam\u0131za gelen bilgiler do\u011frultusunda g\u00f6nderi sahibine bilgi verilmektedir. B\u00f6ylece kara yolu ile yap\u0131lan kargo ta\u015f\u0131mac\u0131l\u0131\u011f\u0131 hem g\u00fcvenli hem h\u0131zl\u0131 hem de kontroll\u00fc bir \u015fekilde tamamlan\u0131r.<\/p>\n\n\n\n<h3 class=\"wp-block-heading\"><strong>G\u00fcvenli Ambalaj Ve Paketleme \u0130\u015flemi \u0130le Sorunsuz Kargolar<\/strong><\/h3>\n\n\n\n<p>Firmam\u0131z, g\u00f6nderilen kargolar\u0131 en iyi \u015fekilde ambalajlamaktad\u0131r. Ayn\u0131 zamanda bu kargolar\u0131n paketlemesi de sa\u011flam bir \u015fekilde yap\u0131lmaktad\u0131r. Bu sayede paketler, <strong>kara yolu ta\u015f\u0131mac\u0131l\u0131\u011f\u0131 <\/strong>s\u0131ras\u0131nda zarar g\u00f6rmemektedir. Merkezden \u00e7\u0131k\u0131\u015ftan, adrese teslime kadar her a\u015famada firmam\u0131z\u0131n profesyonel ekipleri \u00e7al\u0131\u015f\u0131r. B\u00f6ylece hem h\u0131zl\u0131 hem g\u00fcvenli ta\u015f\u0131mac\u0131l\u0131k yap\u0131l\u0131r. Yurt i\u00e7inde kara yolu ile ta\u015f\u0131mac\u0131l\u0131k yapma hizmeti i\u00e7in firmam\u0131z\u0131 tercih edebilirsiniz.<\/p>\n\n\n\n<p class=\"has-text-color\" style=\"color: #ffffff;\"><strong>Nas\u0131l Kargo G\u00f6nderilir<\/strong><br \/>7\/24 <strong>destek <\/strong>alabilirsiniz.<\/p>\n","protected":false},"excerpt":{"rendered":"<p>Kara yolu Ta\u015f\u0131mac\u0131l\u0131\u011f\u0131 \u0130nsanlar veya kurumlar aras\u0131nda s\u00fcrekli olarak e\u015fya ve benzeri \u015feylerin ta\u015f\u0131mac\u0131l\u0131\u011f\u0131 yap\u0131l\u0131r. Kargo firmalar\u0131 arac\u0131l\u0131\u011f\u0131 ile yurt<\/p>\n","protected":false},"author":2,"featured_media":0,"parent":0,"menu_order":0,"comment_status":"closed","ping_status":"closed","template":"","meta":{"footnotes":""},"class_list":["post-1327","page","type-page","status-publish","hentry","comments-off"],"_links":{"self":[{"href":"https:\/\/ucakkargo.org\/kargo\/wp-json\/wp\/v2\/pages\/1327","targetHints":{"allow":["GET"]}}],"collection":[{"href":"https:\/\/ucakkargo.org\/kargo\/wp-json\/wp\/v2\/pages"}],"about":[{"href":"https:\/\/ucakkargo.org\/kargo\/wp-json\/wp\/v2\/types\/page"}],"author":[{"embeddable":true,"href":"https:\/\/ucakkargo.org\/kargo\/wp-json\/wp\/v2\/users\/2"}],"replies":[{"embeddable":true,"href":"https:\/\/ucakkargo.org\/kargo\/wp-json\/wp\/v2\/comments?post=1327"}],"version-history":[{"count":0,"href":"https:\/\/ucakkargo.org\/kargo\/wp-json\/wp\/v2\/pages\/1327\/revisions"}],"wp:attachment":[{"href":"https:\/\/ucakkargo.org\/kargo\/wp-json\/wp\/v2\/media?parent=1327"}],"curies":[{"name":"wp","href":"https:\/\/api.w.org\/{rel}","templated":true}]}}