{"id":1331,"date":"2019-01-16T19:51:33","date_gmt":"2019-01-16T19:51:33","guid":{"rendered":"http:\/\/www.ucakkargo.net\/?page_id=1331"},"modified":"2019-01-16T19:51:33","modified_gmt":"2019-01-16T19:51:33","slug":"yurtici-kara-yolu-teslimat-terminli","status":"publish","type":"page","link":"https:\/\/ucakkargo.org\/kargo\/yurtici-kara-yolu-teslimat-terminli\/","title":{"rendered":"Yurt \u0130\u00e7i Kara Yolu Teslimat Terminli"},"content":{"rendered":"\n<h2 class=\"wp-block-heading\"><strong><span style=\"vertical-align: inherit;\">Yurt \u0130\u00e7i Kara Yolu Teslimat Terminli<\/span><\/strong><\/h2>\n\n\n\n<p>Yurt i\u00e7inde yap\u0131lacak olan her t\u00fcrl\u00fc ta\u015f\u0131mac\u0131l\u0131k i\u015fleminde kara yolu ile h\u0131zl\u0131 teslimat yap\u0131labilmektedir. Yurti\u00e7i Kara Yolu Teslimat Terminli y\u00f6ntemi ile firmam\u0131z, kara yolunu kullanarak \u015fehirler aras\u0131 g\u00fcvenli ve sorunsuz teslimat imkan\u0131 sunmaktad\u0131r. Teslimat i\u00e7in daha \u00f6nceden bir tarih belirlenmesi durumunda, firmam\u0131z taraf\u0131ndan tarihe uygun olarak e\u015fya teslimi yap\u0131lmaktad\u0131r. <strong>Yurti\u00e7i kara yolu teslimat terminli <\/strong>nakliye i\u015flemleri, ekstrem ko\u015fullar haricinde her zaman belirlenen tarihte tamamlanmaktad\u0131r. Ayr\u0131ca b\u00fct\u00fcn e\u015fyalar\u0131n g\u00fcvenli\u011fi firmam\u0131z taraf\u0131ndan sa\u011flan\u0131r. Teslimat i\u00e7in yetkili personelimiz ile profesyonel bir \u015fekilde \u00e7al\u0131\u015f\u0131lmaktad\u0131r. Bu sayede teslimatlar istenilen s\u00fcrede tamamlanmaktad\u0131r.<\/p>\n\n\n\n<figure class=\"wp-block-image\"><img decoding=\"async\" class=\"wp-image-3264\" src=\"https:\/\/yurtdisihavakargo.com\/wp-content\/uploads\/2019\/02\/Yurti\u00e7i-Kara-Yolu-Teslimat-Terminli.jpg\" alt=\" Yurti\u00e7i Kara Yolu Teslimat Terminli\" \/><\/figure>\n\n\n\n<h3 class=\"wp-block-heading\"><strong><span style=\"vertical-align: inherit;\">Yurt \u0130\u00e7indeki Ta\u015f\u0131malarda Dayan\u0131kl\u0131 Paketleme Ve Sigorta \u0130le G\u00fcvence <\/span><\/strong><\/h3>\n\n\n\n<p style=\"text-align: left;\">Yurt i\u00e7inde kara yolu ile yap\u0131lan teslimatlar i\u00e7in gerekli b\u00fct\u00fcn g\u00fcvenlik \u00f6nlemleri al\u0131nmaktad\u0131r. <strong>Kara yolu teslimat terminli <\/strong>e\u015fya g\u00f6nderileri hem zaman\u0131nda teslim edilmesi hem de \u00f6zenle paketlenmesi sayesinde olduk\u00e7a kullan\u0131\u015fl\u0131d\u0131r. Firmam\u0131z e\u015fyalar\u0131 ara\u00e7lara koymadan \u00f6nce ambalaj ve paketleme i\u015flemlerini yapar. Daha sonra ise e\u015fyalar dikkatlice \u00a0ara\u00e7lara koyulur. Ta\u015f\u0131mac\u0131l\u0131k s\u0131ras\u0131nda da ayn\u0131 \u00f6zen yetkili personel taraf\u0131ndan g\u00f6sterilmektedir. Ayn\u0131 zamanda teslimat s\u00fcreci boyunca b\u00fct\u00fcn e\u015fyalara sigorta yap\u0131lmaktad\u0131r. Bu sigorta, ta\u015f\u0131ma s\u0131ras\u0131nda zarar g\u00f6ren e\u015fyalar i\u00e7in g\u00f6nderi sahibine zarar\u0131n kar\u015f\u0131lanmas\u0131n\u0131 talep etme hakk\u0131 verir. Firmam\u0131z bu sigorta s\u00f6zle\u015fmesi ile b\u00fct\u00fcn m\u00fc\u015fterilerine sorunsuz ta\u015f\u0131ma g\u00fcvencesi vermektedir. Hem belirlenen zamanda teslimat g\u00fcvencesi hem de sigorta ile sa\u011flanan g\u00fcvence ile yurt i\u00e7inde kara yoluyla nakliyat, ta\u015f\u0131mac\u0131l\u0131k yap\u0131lmaktad\u0131r.<\/p>\n\n\n\n<h3 class=\"wp-block-heading\"><strong><span style=\"vertical-align: inherit;\">Uygun Maliyet \u0130le Kara Yollar\u0131n\u0131n Teslimat Terminli Ta\u015f\u0131mac\u0131l\u0131\u011f\u0131<\/span><\/strong><\/h3>\n\n\n\n<p>Kara yollar\u0131 kullan\u0131larak yurt i\u00e7inde firmam\u0131z taraf\u0131ndan yap\u0131lan ta\u015f\u0131mac\u0131l\u0131k i\u015flemleri olduk\u00e7a uygun maliyetli olmaktad\u0131r. Daha \u00f6nceden belirlenen zamana uygun olarak yap\u0131lan <strong>kara yolu teslimat terminli <\/strong>ta\u015f\u0131mac\u0131l\u0131k i\u015flemleri hem h\u0131zl\u0131 hem g\u00fcvenli hem de d\u00fc\u015f\u00fck maliyetlidir. Yap\u0131lan nakliyenin kalitesi dikkate al\u0131nd\u0131\u011f\u0131 takdirde \u00e7ok avantajl\u0131 bir \u015fekilde ta\u015f\u0131mac\u0131l\u0131k yap\u0131lmaktad\u0131r. Ayn\u0131 zamanda firmam\u0131z\u0131n baz\u0131 kampanyalar\u0131 sayesinde de \u00e7ok avantajl\u0131 fiyatlar ile yurt i\u00e7inde belirlenen g\u00fcn ve saatlerde kara yolu ile teslimat yap\u0131lmaktad\u0131r. Nakliye hizmeti ile b\u00fct\u00fcn \u015fehirlere kara yoluyla e\u015fya g\u00f6nderilebilmektedir. Firmam\u0131zdan hem uygun maliyetli hem de belirlenen tarihler do\u011frultusunda <strong>h\u0131zl\u0131 ta\u015f\u0131mac\u0131l\u0131k hizmeti <\/strong>alabilirsiniz.<\/p>\n","protected":false},"excerpt":{"rendered":"<p>Yurt \u0130\u00e7i Kara Yolu Teslimat Terminli Yurt i\u00e7inde yap\u0131lacak olan her t\u00fcrl\u00fc ta\u015f\u0131mac\u0131l\u0131k i\u015fleminde kara yolu ile h\u0131zl\u0131 teslimat yap\u0131labilmektedir.<\/p>\n","protected":false},"author":2,"featured_media":0,"parent":0,"menu_order":0,"comment_status":"closed","ping_status":"closed","template":"","meta":{"footnotes":""},"class_list":["post-1331","page","type-page","status-publish","hentry","comments-off"],"_links":{"self":[{"href":"https:\/\/ucakkargo.org\/kargo\/wp-json\/wp\/v2\/pages\/1331","targetHints":{"allow":["GET"]}}],"collection":[{"href":"https:\/\/ucakkargo.org\/kargo\/wp-json\/wp\/v2\/pages"}],"about":[{"href":"https:\/\/ucakkargo.org\/kargo\/wp-json\/wp\/v2\/types\/page"}],"author":[{"embeddable":true,"href":"https:\/\/ucakkargo.org\/kargo\/wp-json\/wp\/v2\/users\/2"}],"replies":[{"embeddable":true,"href":"https:\/\/ucakkargo.org\/kargo\/wp-json\/wp\/v2\/comments?post=1331"}],"version-history":[{"count":0,"href":"https:\/\/ucakkargo.org\/kargo\/wp-json\/wp\/v2\/pages\/1331\/revisions"}],"wp:attachment":[{"href":"https:\/\/ucakkargo.org\/kargo\/wp-json\/wp\/v2\/media?parent=1331"}],"curies":[{"name":"wp","href":"https:\/\/api.w.org\/{rel}","templated":true}]}}