{"id":1413,"date":"2019-01-16T19:51:27","date_gmt":"2019-01-16T19:51:27","guid":{"rendered":"http:\/\/www.ucakkargo.net\/?page_id=1413"},"modified":"2019-01-16T19:51:27","modified_gmt":"2019-01-16T19:51:27","slug":"kargo-takip","status":"publish","type":"page","link":"https:\/\/ucakkargo.org\/kargo\/kargo-takip\/","title":{"rendered":"Kargo Takip"},"content":{"rendered":"\n<h3 class=\"wp-block-heading\"><strong>Kargo Takip<\/strong><\/h3>\n\n\n\n<p>Kargo g\u00f6nderimi hemen hemen her yerde olduk\u00e7a s\u0131k tercih edilen bir i\u015flemdir. Firmam\u0131z, \u00e7e\u015fitli \u00fcr\u00fcnleri kargolamaktad\u0131r.\u00a0 Kargo ta\u015f\u0131mac\u0131l\u0131\u011f\u0131 yapan firmam\u0131z, m\u00fc\u015fterilerine kadrolar\u0131n\u0131 takip etme imkan\u0131 verir. <strong>Kargo <\/strong>hizmeti ile g\u00f6nderinin teslimat s\u00fcreci izlenebilmektedir. Her t\u00fcrl\u00fc kargoyu ta\u015f\u0131yan firmam\u0131z, hizmeti ile kargo sahiplerine g\u00f6nderileri hakk\u0131nda bilgi sahibi olma f\u0131rsat\u0131 tan\u0131maktad\u0131r. Firmam\u0131z, kargolar\u0131n\u0131n takip edilmesine imkan veren sistemler ile bir\u00e7ok ki\u015fiye kolayl\u0131k sa\u011flamaktad\u0131r. Kargonun takip edilebilmesi i\u00e7in firmam\u0131z taraf\u0131ndan gerekli \u00e7al\u0131\u015fmalar yap\u0131lmaktad\u0131r. Teslimat tamamlanana kadar firmam\u0131z taraf\u0131ndan kargonun takip edilebilmesi sa\u011flan\u0131r. Yurt D\u0131\u015f\u0131 Kargo<\/p>\n\n\n\n<figure class=\"wp-block-image\"><img decoding=\"async\" class=\"wp-image-3688\" src=\"https:\/\/yurtdisihavakargo.com\/wp-content\/uploads\/2019\/03\/express-kargo.jpg\" alt=\"Yurt D\u0131\u015f\u0131 Kargo\" \/><\/figure>\n\n\n\n<h3 class=\"wp-block-heading\"><strong>Kargonun Takip Edilebilmesi<\/strong><\/h3>\n\n\n\n<p>Yurt i\u00e7i veya yurt d\u0131\u015f\u0131 kargo g\u00f6nderimlerinin tamam\u0131 takip edilebilmektedir. Firmam\u0131z, g\u00f6nderi kayd\u0131 olu\u015fturan ve kargo g\u00f6nderimi yapacak olan ki\u015filere numaras\u0131 vermektedir. Bu numara ile kargonun takibi m\u00fcmk\u00fcn olmaktad\u0131r. Firmam\u0131z, sahip oldu\u011fu internet sitesi \u00fczerinde kargo takibi i\u00e7in bir alan olu\u015fturmu\u015ftur. Bu alanda, kargolar\u0131n takibi i\u00e7in verilen numara kullan\u0131l\u0131r ve g\u00f6nderinin hareketler d\u00f6k\u00fcm\u00fcne ula\u015f\u0131l\u0131r. Site \u00fczerinde, kargonun \u015fubeden \u00e7\u0131k\u0131\u015f\u0131 ve hareket halinde olu\u015fu gibi bilgilere ula\u015f\u0131labilmektedir. Bu sayede kargo sahipleri, g\u00f6nderdikleri paketin teslimat\u0131n\u0131n hangi a\u015famada oldu\u011fu hakk\u0131nda bilgi sahibi olabilmektedir. Firmam\u0131z, takibine imkan veren bu sistemler ile olduk\u00e7a faydal\u0131 i\u015flemler yapmaktad\u0131r. Web adresimiz ziyaret edildi\u011fi takdirde kargo takip alan\u0131ndan, kargo hakk\u0131ndaki teslimat bilgilerine ula\u015fmak m\u00fcmk\u00fcnd\u00fcr.<\/p>\n\n\n\n<h3 class=\"wp-block-heading\"><strong>Kargo Takibi Ne Kadar S\u00fcre Boyunca Yap\u0131labilir?<\/strong><\/h3>\n\n\n\n<p>Firmam\u0131z taraf\u0131ndan sunulan kargoyu takip etme hizmeti, teslimat s\u00fcreci tamamlanana kadar aktif olmaktad\u0131r. Bu sayede kargonun durumu hakk\u0131nda her an bilgi sahibi olabilmektedir. Teslimat tamamland\u0131\u011f\u0131nda ise firmam\u0131z\u0131n alan\u0131nda uzman olan yetkili personelleri merkezimiz ile ba\u011flant\u0131ya ge\u00e7er. \u00dcr\u00fcn, alan\u0131nda uzman olan personeller taraf\u0131ndan ta\u015f\u0131n\u0131r. Bu ta\u015f\u0131ma s\u00fcreci boyunca da sistemileri aktif olmaktad\u0131r. Teslimatlar\u0131n tamamland\u0131\u011f\u0131nda ve merkezimize bilgi gelince de firmam\u0131z taraf\u0131ndan kargo sahibine mesaj, mail veya telefon yolu ile ula\u015f\u0131l\u0131r ve bildirim yap\u0131l\u0131r. Firmam\u0131z, kargo takibi sistemini yurt i\u00e7i veya yurt d\u0131\u015f\u0131 b\u00fct\u00fcn g\u00f6nderim yollar\u0131nda kullanmaktad\u0131r. Kargo g\u00f6nderimi yapmak ve g\u00f6nderilen kargolar\u0131 takip ederek kontrol etmek i\u00e7in siz firmam\u0131z\u0131n hizmetlerinden de yararlanabilirsiniz.<\/p>\n\n\n\n<p class=\"has-text-color\" style=\"color: #ffffff;\"><strong>Nas\u0131l Kargo G\u00f6nderilir<\/strong><br \/>7\/24 <strong>destek <\/strong>alabilirsiniz.<\/p>\n","protected":false},"excerpt":{"rendered":"<p>Kargo Takip Kargo g\u00f6nderimi hemen hemen her yerde olduk\u00e7a s\u0131k tercih edilen bir i\u015flemdir. Firmam\u0131z, \u00e7e\u015fitli \u00fcr\u00fcnleri kargolamaktad\u0131r.\u00a0 Kargo ta\u015f\u0131mac\u0131l\u0131\u011f\u0131<\/p>\n","protected":false},"author":2,"featured_media":0,"parent":0,"menu_order":0,"comment_status":"closed","ping_status":"closed","template":"","meta":{"footnotes":""},"class_list":["post-1413","page","type-page","status-publish","hentry","comments-off"],"_links":{"self":[{"href":"https:\/\/ucakkargo.org\/kargo\/wp-json\/wp\/v2\/pages\/1413","targetHints":{"allow":["GET"]}}],"collection":[{"href":"https:\/\/ucakkargo.org\/kargo\/wp-json\/wp\/v2\/pages"}],"about":[{"href":"https:\/\/ucakkargo.org\/kargo\/wp-json\/wp\/v2\/types\/page"}],"author":[{"embeddable":true,"href":"https:\/\/ucakkargo.org\/kargo\/wp-json\/wp\/v2\/users\/2"}],"replies":[{"embeddable":true,"href":"https:\/\/ucakkargo.org\/kargo\/wp-json\/wp\/v2\/comments?post=1413"}],"version-history":[{"count":0,"href":"https:\/\/ucakkargo.org\/kargo\/wp-json\/wp\/v2\/pages\/1413\/revisions"}],"wp:attachment":[{"href":"https:\/\/ucakkargo.org\/kargo\/wp-json\/wp\/v2\/media?parent=1413"}],"curies":[{"name":"wp","href":"https:\/\/api.w.org\/{rel}","templated":true}]}}