{"id":1417,"date":"2019-01-16T19:51:26","date_gmt":"2019-01-16T19:51:26","guid":{"rendered":"http:\/\/www.ucakkargo.net\/?page_id=1417"},"modified":"2019-01-16T19:51:26","modified_gmt":"2019-01-16T19:51:26","slug":"kargo","status":"publish","type":"page","link":"https:\/\/ucakkargo.org\/kargo\/kargo\/","title":{"rendered":"Kargo"},"content":{"rendered":"\n<h3 class=\"wp-block-heading\"><strong>Kargo<\/strong><\/h3>\n\n\n\n<p>Kargo i\u015flemleri uzun s\u00fcreden beri d\u00fcnyan\u0131n her yerinde yap\u0131lmaktad\u0131r. Kargolama ile herhangi bir e\u015fyaya istenilen ba\u015fka bir adrese yollamak m\u00fcmk\u00fcnd\u00fcr. Firmam\u0131z taraf\u0131ndan kargolama i\u015flemleri yap\u0131lmaktad\u0131r ve bu i\u015flemler b\u00fcy\u00fck bir titizlik ile y\u00fcr\u00fct\u00fclmektedir. Kurumsal bir <strong>kargo <\/strong>firmas\u0131 olarak b\u00fct\u00fcn ula\u015f\u0131m yollar\u0131n\u0131 kullanarak kargolar\u0131 ta\u015f\u0131mamaktay\u0131z. Bazen e\u015fyalar\u0131n bazen de belge ve benzeri \u015feylerin g\u00f6nderimi yap\u0131lmaktad\u0131r. Firmam\u0131z bu \u00fcr\u00fcnleri hem k\u0131sa bir s\u00fcre i\u00e7erisinde hem de g\u00fcvenli bir \u015fekilde ta\u015f\u0131maktad\u0131r. Kargoculuk kapsam\u0131nda her t\u00fcrl\u00fc \u00fcr\u00fcn\u00fcn ta\u015f\u0131mac\u0131l\u0131\u011f\u0131 yap\u0131lmaktad\u0131r. Firmam\u0131z, gerek kargolar\u0131n ta\u015f\u0131ma s\u00fcrecinde g\u00f6sterilen profesyonellik, gerekse \u00fcr\u00fcnlerin paketleme ve takibi konusunda g\u00f6sterilen hassasiyet ile olduk\u00e7a kaliteli bir ta\u015f\u0131mac\u0131l\u0131k yapmaktad\u0131r.<\/p>\n\n\n\n<figure class=\"wp-block-image\"><img decoding=\"async\" class=\"wp-image-3688\" src=\"https:\/\/yurtdisihavakargo.com\/wp-content\/uploads\/2019\/03\/express-kargo.jpg\" alt=\"Yurt D\u0131\u015f\u0131 Kargo\" \/><\/figure>\n\n\n\n<h3 class=\"wp-block-heading\"><strong>Hangi Yollar \u0130le Kargolama Yap\u0131labilmektedir?<\/strong><\/h3>\n\n\n\n<p>\u00c7e\u015fitli yollar ile kargolama yap\u0131labilmektedir. Firmam\u0131z hem hava hem kara hem de deniz yolunu kullanmaktad\u0131r. B\u00fct\u00fcn kargolama y\u00f6ntemleri ayn\u0131 disiplin ve \u00f6zenle yap\u0131l\u0131r. Ancak teslimat yoluna g\u00f6re maliyet, s\u00fcre ve benzeri konularda farkl\u0131l\u0131klar olabilmektedir. Aciliyeti bulunan kargolar\u0131n teslimat\u0131 i\u00e7in hava yolu kullan\u0131labilmektedir. Yurt i\u00e7inde yap\u0131lacak normal teslimatlar i\u00e7in de kara yolu kullan\u0131m\u0131 yayg\u0131nd\u0131r. Teslimat\u0131n daha k\u0131sa s\u00fcrede tamamlanmas\u0131n\u0131 isteyenler i\u00e7in firmam\u0131z\u0131n u\u00e7ak ile kargolama hizmeti kullan\u0131lmaktad\u0131r. Uluslar aras\u0131 g\u00f6nderimlerde ise deniz yolu da etkili bir ta\u015f\u0131mac\u0131l\u0131k yoludur. Firmam\u0131z bir\u00e7ok farkl\u0131 \u00fcr\u00fcn\u00fc <strong>kargo <\/strong>kapsam\u0131nda ta\u015f\u0131r ve teslimat\u0131n\u0131 sorunsuz bir \u015fekilde yapar.<\/p>\n\n\n\n<h3 class=\"wp-block-heading\"><strong>Kargolar\u0131n Ta\u015f\u0131mac\u0131l\u0131\u011f\u0131 \u0130\u00e7in Sa\u011flanan G\u00fcvenlik<\/strong><\/h3>\n\n\n\n<p>Firmam\u0131z taraf\u0131ndan ta\u015f\u0131nan kargolar\u0131n tamam\u0131 i\u00e7in g\u00fcvenli bir \u015fekilde teslimat yap\u0131l\u0131r. Firmam\u0131z, \u00fcr\u00fcnlerin en h\u0131zl\u0131 \u015fekilde teslim edilmesinin yan\u0131 s\u0131ra, sorunsuz \u015fekilde teslim edilmesini de sa\u011flar. Herhangi bir sorunda ise sa\u011flanan sigorta ile <strong>kargo <\/strong>sahibine yard\u0131mc\u0131 olunmaktad\u0131r. Firmam\u0131z \u00fcr\u00fcnlerin paketlemesini iyi bir \u015fekilde kontrol eder. Bununla birlikte sigorta ile m\u00fc\u015fteriye g\u00fcvence verir.<\/p>\n\n\n\n<h3 class=\"wp-block-heading\"><strong>Kargolar\u0131n Teslimat S\u00fcresi<\/strong><\/h3>\n\n\n\n<p>Kargolar\u0131n teslimat s\u00fcresi birtak\u0131m fakt\u00f6rlere ba\u011fl\u0131 olarak de\u011fi\u015febilmektedir. Firmam\u0131z taraf\u0131ndan m\u00fcmk\u00fcn olan en k\u0131sa s\u00fcrelerde kargonunteslimat\u0131tamamlanmaktad\u0131r. Yurt d\u0131\u015f\u0131 i\u00e7in 1 ila 4 g\u00fcn aras\u0131 bir s\u00fcre\u00e7 sunulmaktad\u0131r. Bununla birlikte yurt i\u00e7inde, teslimat yoluna ba\u011fl\u0131 olarak ayn\u0131 g\u00fcn i\u00e7inde ya da 1 g\u00fcnde teslimat yap\u0131labilmektedir. B\u00fct\u00fcn kargolar i\u00e7in firmam\u0131zdan hizmet alabilirsiniz.<\/p>\n\n\n\n<h3 class=\"wp-block-heading\"><strong>Kargo<\/strong><\/h3>\n\n\n\n<p>G\u00fcn\u00fcm\u00fcz ticari, sosyal ve k\u00fclt\u00fcrel faaliyetlerinin i\u00e7erisinde kendisine \u00f6nemli bir pay alanlardan birisi de <strong>kargo<\/strong> hizmetleridir. Ticari g\u00f6nderiler, sosyal sorumluluk projeleri ya da hediyele\u015fme gibi olduk\u00e7a farkl\u0131 alanlarda kullan\u0131lan kargo hizmetleri art\u0131k s\u0131n\u0131r \u00f6tesine de profesyonelce ger\u00e7ekle\u015ftirilmektedir. Karayolu ve denizyolu ile kargo ta\u015f\u0131mac\u0131l\u0131\u011f\u0131 daha uzun zamandan beri var olsa, havayolu kargoculu\u011fu son y\u0131llarda s\u0131k kullan\u0131lmaya ba\u015flanm\u0131\u015ft\u0131r. Teslimat s\u00fcrelerinin k\u0131salt\u0131lmak istenmesi, acil durumlar\u0131n \u00e7\u00f6z\u00fclmesi gibi ihtiya\u00e7lar havayolu kargoculu\u011funu zorunlu k\u0131lmaktad\u0131r. Firmam\u0131z uluslararas\u0131 kargo ta\u015f\u0131mac\u0131l\u0131\u011f\u0131nda havayolu ula\u015f\u0131m imk\u00e2n\u0131n\u0131 en efektif kullanan firmalardand\u0131r. Yerli ve yabanc\u0131 havayolu \u015firketleri ile yap\u0131lan anla\u015fmalar, yurtd\u0131\u015f\u0131nda a\u00e7\u0131lm\u0131\u015f acenteler ve yat\u0131r\u0131m yap\u0131lan fiziki ve online sistemleri sayesinde firmam\u0131z yurtd\u0131\u015f\u0131 g\u00f6nderilerini kolay hale getirmektedir.<\/p>\n\n\n\n<h3 class=\"wp-block-heading\"><strong>Uluslararas\u0131 Kargo Ta\u015f\u0131mac\u0131l\u0131\u011f\u0131<\/strong><\/h3>\n\n\n\n<p>Geli\u015fen teknoloji ile beraber denizyolu, demiryolu ve karayolu ara\u00e7lar\u0131n\u0131n donan\u0131mlar\u0131 da geli\u015fmi\u015f ve uluslararas\u0131 ta\u015f\u0131mac\u0131l\u0131k i\u00e7in daha elveri\u015fli hale gelmi\u015ftir. Par\u00e7a bak\u0131m\u0131ndan b\u00fcy\u00fck alan isteyen ya da a\u011f\u0131rl\u0131\u011f\u0131 olduk\u00e7a fazla olan g\u00f6nderilerde gemi ta\u015f\u0131mac\u0131l\u0131\u011f\u0131 \u00f6n plana \u00e7\u0131kmaktad\u0131r. Y\u00fczlerce t\u0131r ile yap\u0131labilecek sevkiyatlar tek gemi ile halledilebilmektedir. Demiryolu g\u00fcn\u00fcm\u00fczde genellikle s\u0131n\u0131r kom\u015fular\u0131 aras\u0131nda olmaktad\u0131r. Karayolu ise nispeten daha yak\u0131n alanlarda olumlu sonu\u00e7lar vermektedir.<\/p>\n\n\n\n<h3 class=\"wp-block-heading\"><strong>Havayolu Kargo Ta\u015f\u0131mac\u0131l\u0131\u011f\u0131<\/strong><\/h3>\n\n\n\n<p>Daha uzun mesafeli olan g\u00f6nderilerde daha k\u0131sa az zamanda teslimat\u0131n yap\u0131labilmesi i\u00e7in kullan\u0131lan, di\u011fer ta\u015f\u0131ma y\u00f6ntemlerine g\u00f6re pahal\u0131 olmas\u0131na ra\u011fmen daha h\u0131zl\u0131 sonu\u00e7 almas\u0131 nedeniyle \u00e7ok\u00e7a tercih edilen bir y\u00f6ntemdir. Havayolu<strong> kargo<\/strong> ta\u015f\u0131mac\u0131l\u0131\u011f\u0131nda s\u0131n\u0131rl\u0131 ta\u015f\u0131ma kapasitesi bulunmaktad\u0131r. Ancak Havayolu tercihlerinin b\u00fcy\u00fck \u00e7o\u011funlu\u011fu maliyet d\u00fc\u015f\u00fcrmekten ziyade zaman\u0131nda ula\u015f\u0131m sa\u011flamakt\u0131r. Firmam\u0131z t\u00fcm havalimanlar\u0131ndan T\u00fcrkiye\u2019ye, T\u00fcrkiye\u2019den de t\u00fcm havalimanlar\u0131na g\u00f6nderi yapabilme kabiliyetine sahiptir. H\u0131zl\u0131 ta\u015f\u0131nmas\u0131 gereken kargolar\u0131n\u0131z adresinizden al\u0131nmakta ve derhal u\u00e7u\u015f i\u015flemlerine tabi tutulmaktad\u0131r. Firmam\u0131z\u0131n g\u00fcmr\u00fck personeli kurye hizmetlerine e\u015f g\u00fcd\u00fcml\u00fc olarak \u00e7\u0131k\u0131\u015f i\u015flemlerini ba\u015flatt\u0131\u011f\u0131ndan kontrol ve onay s\u00fcre\u00e7leri daha k\u0131sa s\u00fcrede olmaktad\u0131r.<\/p>\n\n\n\n<h3 class=\"wp-block-heading\"><strong>U\u00e7ak Kargonun Avantajlar\u0131<\/strong><\/h3>\n\n\n\n<p>Firmam\u0131z taraf\u0131ndan sunulan u\u00e7ak <strong>kargo<\/strong> hizmetleri acil hizmetlerde tek ge\u00e7erli y\u00f6ntemdir. Farkl\u0131 \u00fclkelerin s\u0131n\u0131r i\u015flemlerine tabi olmaks\u0131z\u0131n, yol kontrollerinden ge\u00e7meksizin tek g\u00fcmr\u00fck i\u015flemi ile yap\u0131lan u\u00e7ak kargo s\u00fcrenin her \u015feyden \u00f6nemli oldu\u011fu durumlarda kurtar\u0131c\u0131 olmaktad\u0131r. \u00d6rnek vermek gerekirse, bir hastan\u0131n g\u00f6nderilecek bir ilaca, kana ihtiyac\u0131 oldu\u011fu s\u00fcre\u00e7te u\u00e7ak kargo ba\u015far\u0131l\u0131 g\u00f6r\u00fclmektedir. Firmam\u0131z g\u00f6nderileri adresten al\u0131p, adrese telim etmektedir. S\u00fcre\u00e7 i\u00e7erisinde m\u00fc\u015fterisi ile irtibat\u0131 kopartmayan firmam\u0131z, m\u00fc\u015fterisini geli\u015fmelerden haberdar etmektedir. Ayr\u0131ca sistemlerimizden m\u00fc\u015fteri kendisi de kargonun seyrini g\u00f6rebilmektedir. Kargo i\u015flerinizde, al\u0131\u015fveri\u015flerinizde ya da acil durumlar\u0131n\u0131zda firmam\u0131z\u0131 tercih ederek, emniyetli bir ta\u015f\u0131ma sa\u011flamak istiyorsan\u0131z ileti\u015fime ge\u00e7iniz.<\/p>\n\n\n\n<p class=\"has-text-color\" style=\"color: #ffffff;\"><strong>Nas\u0131l Kargo G\u00f6nderilir<\/strong><br \/>7\/24 <strong>destek <\/strong>alabilirsiniz.<\/p>\n","protected":false},"excerpt":{"rendered":"<p>Kargo Kargo i\u015flemleri uzun s\u00fcreden beri d\u00fcnyan\u0131n her yerinde yap\u0131lmaktad\u0131r. Kargolama ile herhangi bir e\u015fyaya istenilen ba\u015fka bir adrese yollamak<\/p>\n","protected":false},"author":2,"featured_media":0,"parent":0,"menu_order":0,"comment_status":"closed","ping_status":"closed","template":"","meta":{"footnotes":""},"class_list":["post-1417","page","type-page","status-publish","hentry","comments-off"],"_links":{"self":[{"href":"https:\/\/ucakkargo.org\/kargo\/wp-json\/wp\/v2\/pages\/1417","targetHints":{"allow":["GET"]}}],"collection":[{"href":"https:\/\/ucakkargo.org\/kargo\/wp-json\/wp\/v2\/pages"}],"about":[{"href":"https:\/\/ucakkargo.org\/kargo\/wp-json\/wp\/v2\/types\/page"}],"author":[{"embeddable":true,"href":"https:\/\/ucakkargo.org\/kargo\/wp-json\/wp\/v2\/users\/2"}],"replies":[{"embeddable":true,"href":"https:\/\/ucakkargo.org\/kargo\/wp-json\/wp\/v2\/comments?post=1417"}],"version-history":[{"count":0,"href":"https:\/\/ucakkargo.org\/kargo\/wp-json\/wp\/v2\/pages\/1417\/revisions"}],"wp:attachment":[{"href":"https:\/\/ucakkargo.org\/kargo\/wp-json\/wp\/v2\/media?parent=1417"}],"curies":[{"name":"wp","href":"https:\/\/api.w.org\/{rel}","templated":true}]}}