{"id":1422,"date":"2019-01-16T19:51:27","date_gmt":"2019-01-16T19:51:27","guid":{"rendered":"http:\/\/www.ucakkargo.net\/?page_id=1422"},"modified":"2019-01-16T19:51:27","modified_gmt":"2019-01-16T19:51:27","slug":"kayseri-ucak-kargo","status":"publish","type":"page","link":"https:\/\/ucakkargo.org\/kargo\/kayseri-ucak-kargo\/","title":{"rendered":"Kayseri U\u00e7ak Yurt D\u0131\u015f\u0131 Kargo"},"content":{"rendered":"\n<h3 class=\"wp-block-heading\"><strong>Kayseri U\u00e7ak Yurt D\u0131\u015f\u0131 Kargo<\/strong><\/h3>\n\n\n\n<p>U\u00e7akla kargo hizmeti s\u00fcrenin s\u0131n\u0131rl\u0131 oldu\u011fu zamanlarda kullan\u0131lan istisnai bir kargo ta\u015f\u0131mac\u0131l\u0131\u011f\u0131 olarak g\u00f6r\u00fclmektedir. Normal kargolara, nakliyat ambarlar\u0131na ya da evden eve nakliyat yapan kamyonlara e\u015fya ta\u015f\u0131tan ki\u015filer belli s\u00fcreleri g\u00f6ze almaktad\u0131r. Yine bu ta\u015f\u0131malarda yol ya da \u00e7al\u0131\u015fan \u015fartlar\u0131ndan kaynaklanan gecikmeler de \u00e7o\u011funlukla b\u00fcy\u00fck problemlere yol a\u00e7mamaktad\u0131r. Ancak belli bir s\u00fcre k\u0131s\u0131tlamas\u0131n\u0131n oldu\u011fu durumlarda her bir dakikan\u0131n \u00f6nemli olmas\u0131 bu ta\u015f\u0131mac\u0131l\u0131k y\u00f6ntemlerinin alternatifi olarak u\u00e7akla kargo ta\u015f\u0131mac\u0131l\u0131\u011f\u0131n\u0131n \u00f6n plana \u00e7\u0131kmas\u0131n\u0131 sa\u011flam\u0131\u015ft\u0131r. U\u00e7akla kargo hizmetini ilk olarak faaliyete ge\u00e7iren firmam\u0131z <strong>Kayseri u\u00e7ak yurt d\u0131\u015f\u0131 kargo<\/strong> servisi ile Kayseri\u2019de de faaliyete ba\u015flam\u0131\u015ft\u0131r.<\/p>\n\n\n\n<figure class=\"wp-block-image\"><img decoding=\"async\" src=\"http:\/\/i.hurimg.com\/i\/hurriyet\/75\/590x332\/5b604f8beb10bb34a413bbb4.jpg\" alt=\"Yurt D\u0131\u015f\u0131 Kargo\" \/><\/figure>\n\n\n\n<h3 class=\"wp-block-heading\"><strong>Kayseri U\u00e7akla Kargo A\u015famalar\u0131<\/strong><\/h3>\n\n\n\n<p>Firmam\u0131z taraf\u0131ndan sunulan ta\u015f\u0131mac\u0131l\u0131k hizmeti vip servisler aras\u0131ndad\u0131r. Her a\u015famas\u0131 \u015feffaf y\u00fcr\u00fct\u00fclen ve m\u00fc\u015fteri ile diyalog halinde s\u00fcrd\u00fcr\u00fclen ta\u015f\u0131mac\u0131l\u0131k hizmetimizin s\u00fcre\u00e7leri ba\u015fvuru ile ba\u015flamaktad\u0131r.<strong> Kayseri u\u00e7akla kargo <\/strong>ba\u015fvurusu yapmak i\u00e7in \u00e7a\u011fr\u0131 merkezimizde bulunan m\u00fc\u015fteri hizmetleri personelimize u\u00e7akla kargo ihtiyac\u0131n\u0131zdan bahsetmek yeteridir. Konu\u015fma imk\u00e2n\u0131 olmayanlar i\u00e7in internet sayfas\u0131ndan ba\u015fvuru yapmak da ba\u015fka bir alternatiftir. Gerekli ayr\u0131nt\u0131lar hakk\u0131nda bilgi sahibi olunduktan sonra m\u00fc\u015fteri hizmetleri personelimiz kay\u0131t formunu ilgili birime ula\u015ft\u0131r\u0131l\u0131r. Merkez ofisimizden ta\u015f\u0131ma planlamas\u0131 yap\u0131l\u0131rken, kurye adrese intikal eder ve paketi al\u0131r. Merkez ofis taraf\u0131ndan i\u015flemleri \u00e7oktan yap\u0131lm\u0131\u015f olan paket zaman kaybetmeden u\u00e7a\u011fa yerle\u015ftirilir. U\u00e7a\u011f\u0131n var\u0131\u015f\u0131 ile beraber di\u011fer il kuryesi taraf\u0131ndan teslimat yolculu\u011fu ba\u015flat\u0131l\u0131r. Firmam\u0131z taraf\u0131ndan her a\u015famas\u0131 takip edilen bu s\u00fcre\u00e7lerin toplam s\u00fcresi 1 ile 4 saat aral\u0131\u011f\u0131ndad\u0131r.<\/p>\n\n\n\n<h3 class=\"wp-block-heading\"><strong>U\u00e7akla H\u0131zl\u0131 Kargo Fiyatlar\u0131<\/strong><\/h3>\n\n\n\n<p>U\u00e7akla kargo ihtiyac\u0131 do\u011fan ki\u015filerin tek iste\u011fi bir an \u00f6nce s\u0131k\u0131nt\u0131lar\u0131n\u0131n giderilmesidir. Bu ki\u015filer genellikle ta\u015f\u0131man\u0131n \u00fccretini ikinci planda tutarlar. Firmam\u0131z bunu f\u0131rsat olarak g\u00f6rmez, Bu ki\u015filerin ekonomik olarak bu ta\u015f\u0131madan yararlanmas\u0131 i\u00e7in t\u00fcm altyap\u0131s\u0131n\u0131 haz\u0131rlam\u0131\u015ft\u0131r.<strong> Kayseri u\u00e7akla kargo <\/strong>ta\u015f\u0131mac\u0131l\u0131\u011f\u0131 olduk\u00e7a ekonomiktir.U\u00e7akla kargo ta\u015f\u0131mac\u0131l\u0131\u011f\u0131nda \u00f6deme ara\u00e7lar\u0131, ticari defterler, haf\u0131za kartlar\u0131, teknolojik aletler, ekipmanlar, par\u00e7alar, sa\u011fl\u0131k \u00fcr\u00fcnleri, pasaportlar, nakliyat belgeleri gibi alternatifi olmayan \u00fcr\u00fcnler yer almaktad\u0131r. Firmam\u0131z\u0131n bu \u00fcr\u00fcnlerin paketlemesini yapar. Motorlu kurye ile ta\u015f\u0131nmas\u0131 esnas\u0131nda \u00fcr\u00fcn\u00fcn zarar g\u00f6rmemesi ve kaybolmamas\u0131 i\u00e7in gerekli \u00f6nlemler al\u0131n\u0131r. Firmam\u0131z taraf\u0131ndan Kayseri\u2019den t\u00fcm illere, t\u00fcm illerden de Kayseri\u2019ye u\u00e7akla kargo hizmeti verilmektedir. Firmam\u0131z\u0131n avantajlar\u0131ndan birisi de m\u00fc\u015fterileri merakta b\u0131rakmamas\u0131d\u0131r. Firmam\u0131z\u0131n ta\u015f\u0131ma faaliyetlerinin her an\u0131nda m\u00fc\u015fteri ile diyalog halinde olunur ve ona bilgi verilir. H\u0131zl\u0131 kargoyu avantajl\u0131 fiyatlarla elde etmek i\u00e7in firmam\u0131zla irtibata ge\u00e7iniz.<\/p>\n\n\n\n<p class=\"has-text-color\" style=\"color: #ffffff;\"><strong>Nas\u0131l Kargo G\u00f6nderilir<\/strong><br \/>7\/24 <strong>destek <\/strong>alabilirsiniz.<\/p>\n","protected":false},"excerpt":{"rendered":"<p>Kayseri U\u00e7ak Yurt D\u0131\u015f\u0131 Kargo U\u00e7akla kargo hizmeti s\u00fcrenin s\u0131n\u0131rl\u0131 oldu\u011fu zamanlarda kullan\u0131lan istisnai bir kargo ta\u015f\u0131mac\u0131l\u0131\u011f\u0131 olarak g\u00f6r\u00fclmektedir. Normal<\/p>\n","protected":false},"author":2,"featured_media":0,"parent":0,"menu_order":0,"comment_status":"closed","ping_status":"closed","template":"","meta":{"footnotes":""},"class_list":["post-1422","page","type-page","status-publish","hentry","comments-off"],"_links":{"self":[{"href":"https:\/\/ucakkargo.org\/kargo\/wp-json\/wp\/v2\/pages\/1422","targetHints":{"allow":["GET"]}}],"collection":[{"href":"https:\/\/ucakkargo.org\/kargo\/wp-json\/wp\/v2\/pages"}],"about":[{"href":"https:\/\/ucakkargo.org\/kargo\/wp-json\/wp\/v2\/types\/page"}],"author":[{"embeddable":true,"href":"https:\/\/ucakkargo.org\/kargo\/wp-json\/wp\/v2\/users\/2"}],"replies":[{"embeddable":true,"href":"https:\/\/ucakkargo.org\/kargo\/wp-json\/wp\/v2\/comments?post=1422"}],"version-history":[{"count":0,"href":"https:\/\/ucakkargo.org\/kargo\/wp-json\/wp\/v2\/pages\/1422\/revisions"}],"wp:attachment":[{"href":"https:\/\/ucakkargo.org\/kargo\/wp-json\/wp\/v2\/media?parent=1422"}],"curies":[{"name":"wp","href":"https:\/\/api.w.org\/{rel}","templated":true}]}}