{"id":1424,"date":"2019-01-16T19:51:27","date_gmt":"2019-01-16T19:51:27","guid":{"rendered":"http:\/\/www.ucakkargo.net\/?page_id=1424"},"modified":"2019-01-16T19:51:27","modified_gmt":"2019-01-16T19:51:27","slug":"kazakistan-yurt-disi-kargo","status":"publish","type":"page","link":"https:\/\/ucakkargo.org\/kargo\/kazakistan-yurt-disi-kargo\/","title":{"rendered":"Kazakistan Yurt D\u0131\u015f\u0131 Kargo"},"content":{"rendered":"\n<h3 class=\"wp-block-heading\"><strong>Kazakistan Yurt D\u0131\u015f\u0131 Kargo<\/strong><\/h3>\n\n\n\n<p>Kazakistan yurt d\u0131\u015f\u0131 kargo olarak, en ucuz ve hesapl\u0131 kargo g\u00f6nderimi ile birlikte, t\u00fcm hava yollar\u0131n\u0131n toptan sat\u0131c\u0131s\u0131 olman\u0131n fark\u0131ndal\u0131\u011f\u0131 ve gururu ile bu sekt\u00f6rde hizmet vermekteyiz. Hizmetlerimiz kapsam\u0131nda Express ve u\u00e7ak kargo g\u00f6nderimi yapmaktay\u0131z. Sundu\u011fumuz hizmetler ile size zaman ve maliyet bak\u0131m\u0131ndan b\u00fcy\u00fck kolayl\u0131klar sa\u011flamaktay\u0131z. Kazakistan kargo kapsam\u0131nda; Astana, Karaganda, Zhezkazgan, Almati, Kostanay, Semipalatinsk, Aktau, Pavlodar, Taldy-Kurgan, Shimkent, Krayniy, Petropavlovsk, Atyrau, Uralsk, Balhash, Ust-Kamenogorsk, Zhambyl, Zaisan, Aktobe, Kokshetau, Kzyl-Orda \u015fehirlerine sorunsuz \u015fekilde kargo i\u015flemi yapabilirsiniz.<\/p>\n\n\n\n<figure class=\"wp-block-image\"><img decoding=\"async\" src=\"https:\/\/www.bursaha.com\/wp-content\/uploads\/2018\/12\/T%C3%BCrkiye-Kazakistan-Dostluk-Gecesi-Bursada-Ger%C3%A7ekle%C5%9Fti.jpg\" alt=\"Yurt D\u0131\u015f\u0131 Kargo\" \/><\/figure>\n\n\n\n<p>T\u00dcRK\u0130YE Kazakistan aras\u0131 kargo g\u00f6nderimi i\u00e7in en kaliteli ve do\u011fru sonuca ula\u015fmak a\u00e7\u0131s\u0131ndan bizimle ileti\u015fime ge\u00e7ebilir ve hizmetlerimizden faydalanabilirsiniz.<\/p>\n\n\n\n<h3 class=\"wp-block-heading\"><strong>KAZAK\u0130STAN\u2019A KARGO NASIL G\u00d6NDER\u0130L\u0130R?<\/strong><\/h3>\n\n\n\n<p>Kazakistan\u2019a kargo g\u00f6nderme i\u015fleminde ilk ad\u0131m olarak \u00e7a\u011fr\u0131 merkezimiz ile ileti\u015fime ge\u00e7ebilirsiniz. \u00c7a\u011fr\u0131 merkezimizdeki \u00e7al\u0131\u015fanlar\u0131m\u0131z sizden kargonuz ile alakal\u0131 ald\u0131klar\u0131 tam bilgiler sayesinde size zaman ve maliyet ile alakal\u0131 bilgiler vereceklerdir. Size y\u00f6neltilen zaman ve fiyat sizin i\u00e7in uygunsa onay\u0131n\u0131z al\u0131n\u0131r ve kargo kayd\u0131n\u0131z ba\u015far\u0131 ile olu\u015fturulur.<\/p>\n\n\n\n<p>G\u00f6nderim i\u015flemini ba\u015flataca\u011f\u0131n\u0131z \u015fehir \u0130stanbul ise kargonuz adresinizden yetkili servislerimiz taraf\u0131ndan al\u0131nmaktad\u0131r. \u0130stanbul d\u0131\u015f\u0131 g\u00f6nderimlerde ise e\u011fer acilen yeti\u015fmesi gerekiyorsa, yurt i\u00e7i u\u00e7ak kargo ile ofisimize ayn\u0131 g\u00fcn i\u00e7inde ula\u015fma \u015fans\u0131 vard\u0131r. Zaman y\u00f6n\u00fcnden size ekstra tasarruf sa\u011flayabilir ancak maliyeti y\u00fcksek bir i\u015ftir. E\u011fer kargonuz acil de\u011filse herhangi bir yurt i\u00e7i \u00e7al\u0131\u015fan kargo \u015firketi ile ofisimize iletebilir ve g\u00f6nderim i\u015flemine ba\u015flayabilirsiniz.<\/p>\n\n\n\n<h2 class=\"wp-block-heading\">Yurt D\u0131\u015f\u0131 Kargo<\/h2>\n\n\n\n<p>Firma olarak yurt d\u0131\u015f\u0131nda yapt\u0131\u011f\u0131m\u0131z hizmetlerin d\u0131\u015f\u0131nda, havaalan\u0131 bulunan \u015fehirlere de yurt i\u00e7i kargo i\u015flemi yapmaktay\u0131z. \u0130stanbul merkez ofisimize ula\u015fan kargolar\u0131n\u0131z, i\u015flemlerin devam\u0131 i\u00e7in yetkili birimlere aktar\u0131l\u0131r. \u0130letti\u011finiz ileti\u015fim bilgileri arac\u0131l\u0131\u011f\u0131 ile kargonuzun durumu hakk\u0131nda sizi bilgi sahibi yapmaktay\u0131z. Yap\u0131lan kontrollerin ard\u0131ndan, kargo i\u00e7eri\u011finde ve paketleme i\u015fleminde herhangi bir problem g\u00f6r\u00fclmedi\u011fi takdirde, \u00f6deme elimize ula\u015f\u0131nca \u00e7\u0131k\u0131\u015f belgeleri haz\u0131rlanarak ad\u0131mlar ba\u015far\u0131l\u0131 bir \u015fekilde at\u0131lm\u0131\u015f olur. Kargolar son olarak kargo u\u00e7a\u011f\u0131na iletilir.<\/p>\n\n\n\n<p>E\u011fer g\u00f6nderim yap\u0131lacak \u00fcr\u00fcn g\u0131da ise ilk olarak g\u0131da \u00fcretim sertifikan\u0131z\u0131 taraf\u0131m\u0131za e posta yolu ile iletmeniz gerekmektedir. Daha sonra bu sertifikalar, birlikte \u00e7al\u0131\u015ft\u0131\u011f\u0131m\u0131z firmalara y\u00f6nlendirilir.<\/p>\n\n\n\n<h3 class=\"wp-block-heading\"><strong>KAZAK\u0130STAN KARGO \u00dcCRET\u0130 NEYE G\u00d6RE HESAPLANIR?<\/strong><\/h3>\n\n\n\n<p>Yurt d\u0131\u015f\u0131 kargo g\u00f6nderim kriterleri, a\u011f\u0131rl\u0131k boyut ve servis se\u00e7imi ile belirlenmektedir. \u0130lk olarak kargonuzun a\u011f\u0131rl\u0131\u011f\u0131na bak\u0131l\u0131r. Fiyat hesaplamas\u0131 yap\u0131l\u0131rken hacim a\u011f\u0131rl\u0131\u011f\u0131 yap\u0131l\u0131r ve boyutlar\u0131 \u00f6l\u00e7\u00fcl\u00fcr. Fiyatlar\u0131n belirlenmesinde en \u00f6nemli fakt\u00f6rd\u00fcr.<\/p>\n\n\n\n<h3 class=\"wp-block-heading\"><strong>KAZAK\u0130STAN KARGO TAK\u0130P SORGULAMA S\u0130STEM\u0130<\/strong><\/h3>\n\n\n\n<p>Kargolar\u0131n\u0131z\u0131n paketleme i\u015fleminden itibaren edinece\u011finiz kargo takip numaras\u0131 ile kargonuz hakk\u0131nda nerede oldu\u011fu ve yap\u0131lan i\u015flemler gibi hassas bilgilere ula\u015fabilirsiniz. en h\u0131zl\u0131 \u015fekilde takip i\u015flemini ger\u00e7ekle\u015ftirmek i\u00e7in kargo takip sorgulama sayfas\u0131ndan takip numaran\u0131z ile arama yapabilirsiniz. Teslim yap\u0131lana kadar istedi\u011finiz zaman kargonuzun durumu ile alakal\u0131 bilgi alabilir ve kontrol edebilirsiniz.<\/p>\n\n\n\n<h3 class=\"wp-block-heading\"><strong>KAZAK\u0130STAN KARGO HAC\u0130M A\u011eIRLI\u011eI HESAPLAMA<\/strong><\/h3>\n\n\n\n<p>Hacim a\u011f\u0131rl\u0131\u011f\u0131 hesaplama i\u015flemindeki ama\u00e7 kargonun kriterlerinin belirlenerek fiyat seviyesi ortaya \u00e7\u0131kar\u0131lmas\u0131d\u0131r. Kargo g\u00f6nderim i\u015flemlerinde k\u00fc\u00e7\u00fck birimler bile kargonun fiyat\u0131na etki edebilmektedir. Bu sebeple hassasiyet gerektiren bir i\u015flemdir.<\/p>\n\n\n\n<p>Alan\u0131nda uzman personeller ve g\u00fcvenilir bir \u015firket ar\u0131yorsan\u0131z, en do\u011fru sonuca en kolay yoldan ula\u015fmak i\u00e7in bizimle ileti\u015fime ge\u00e7ebilir ve kaliteli hizmetimizden yararlanabilirsiniz.\u00a0<\/p>\n\n\n\n<p class=\"has-text-color\" style=\"color: #ffffff;\"><strong>Nas\u0131l Kargo G\u00f6nderilir<\/strong><br \/>7\/24 <strong>destek <\/strong>alabilirsiniz.<\/p>\n","protected":false},"excerpt":{"rendered":"<p>Kazakistan Yurt D\u0131\u015f\u0131 Kargo Kazakistan yurt d\u0131\u015f\u0131 kargo olarak, en ucuz ve hesapl\u0131 kargo g\u00f6nderimi ile birlikte, t\u00fcm hava yollar\u0131n\u0131n<\/p>\n","protected":false},"author":2,"featured_media":0,"parent":0,"menu_order":0,"comment_status":"closed","ping_status":"closed","template":"","meta":{"footnotes":""},"class_list":["post-1424","page","type-page","status-publish","hentry","comments-off"],"_links":{"self":[{"href":"https:\/\/ucakkargo.org\/kargo\/wp-json\/wp\/v2\/pages\/1424","targetHints":{"allow":["GET"]}}],"collection":[{"href":"https:\/\/ucakkargo.org\/kargo\/wp-json\/wp\/v2\/pages"}],"about":[{"href":"https:\/\/ucakkargo.org\/kargo\/wp-json\/wp\/v2\/types\/page"}],"author":[{"embeddable":true,"href":"https:\/\/ucakkargo.org\/kargo\/wp-json\/wp\/v2\/users\/2"}],"replies":[{"embeddable":true,"href":"https:\/\/ucakkargo.org\/kargo\/wp-json\/wp\/v2\/comments?post=1424"}],"version-history":[{"count":0,"href":"https:\/\/ucakkargo.org\/kargo\/wp-json\/wp\/v2\/pages\/1424\/revisions"}],"wp:attachment":[{"href":"https:\/\/ucakkargo.org\/kargo\/wp-json\/wp\/v2\/media?parent=1424"}],"curies":[{"name":"wp","href":"https:\/\/api.w.org\/{rel}","templated":true}]}}