{"id":1448,"date":"2019-01-16T19:51:27","date_gmt":"2019-01-16T19:51:27","guid":{"rendered":"http:\/\/www.ucakkargo.net\/?page_id=1448"},"modified":"2019-01-16T19:51:27","modified_gmt":"2019-01-16T19:51:27","slug":"konya-ucak-yurt-disi-kargo","status":"publish","type":"page","link":"https:\/\/ucakkargo.org\/kargo\/konya-ucak-yurt-disi-kargo\/","title":{"rendered":"Konya U\u00e7ak Yurt D\u0131\u015f\u0131 Kargo"},"content":{"rendered":"\n<h3 class=\"wp-block-heading\"><strong>Konya U\u00e7ak Yurt D\u0131\u015f\u0131 Kargo<\/strong><\/h3>\n\n\n\n<p>G\u00fcn\u00fcm\u00fczde \u00e7ok yo\u011fun bir i\u015f hayat\u0131 ya\u015fand\u0131\u011f\u0131ndan insanlar i\u00e7in en de\u011ferli \u015fey zamand\u0131r. Acil olarak adresine ula\u015fmas\u0131 gereken evrak ve paket gibi materyaller i\u00e7in en h\u0131zl\u0131 ula\u015f\u0131m sistemi olan u\u00e7ak kargo devreye girmi\u015ftir. U\u00e7ak kargo sistemi ile havaalan\u0131 bulunan t\u00fcm \u015fehirlere kargo imk\u00e2n\u0131 sa\u011flan\u0131yor. Havaalan\u0131ndan havaalan\u0131na, adresten adrese, adresten havaalan\u0131na veya havaalan\u0131ndan adrese kargo ula\u015f\u0131m\u0131 en h\u0131zl\u0131 \u015fekilde ger\u00e7ekle\u015ftirilir. <strong>Konya u\u00e7ak yurt d\u0131\u015f\u0131 kargo<\/strong> hizmeti ile h\u0131zl\u0131 bir \u015fekilde adresine ula\u015fmas\u0131 gereken t\u00fcm kargolar\u0131n\u0131z g\u00fcvenli bir \u015fekilde ula\u015ft\u0131r\u0131l\u0131r. Zaman sizin i\u00e7in \u00e7ok de\u011ferliyse ve zamanla yar\u0131\u015ft\u0131\u011f\u0131n\u0131z bir hayat\u0131n\u0131z varsa acil u\u00e7ak kargo hizmetinden faydalanarak zaman\u0131 a\u015fabilirsiniz.<\/p>\n\n\n\n<figure class=\"wp-block-image\"><img decoding=\"async\" src=\"https:\/\/image.piri.net\/resim\/imagecrop\/2019\/03\/01\/04\/32\/resized_3a4bb-60f31ed2siyer28.jpg\" alt=\"Yurt D\u0131\u015f\u0131 Kargo\" \/><\/figure>\n\n\n\n<h3 class=\"wp-block-heading\"><strong>Konya U\u00e7ak Kargo Avantajlar\u0131 Nelerdir<\/strong><\/h3>\n\n\n\n<p>U\u00e7ak kargo hizmetinin en b\u00fcy\u00fck avantaj\u0131 h\u0131zl\u0131 olmas\u0131d\u0131r. Acilen al\u0131c\u0131ya ula\u015fmas\u0131 gereken evrak, paket vb. g\u00f6nderilerin tam zaman\u0131nda adrese ula\u015fmas\u0131n\u0131 sa\u011flayan en ideal ta\u015f\u0131mac\u0131l\u0131k \u015feklidir. Yurt i\u00e7inde havaalan\u0131 olan t\u00fcm \u015fehirlere acil kargo ula\u015f\u0131m\u0131 sa\u011flarken ayn\u0131 zamanda yurt d\u0131\u015f\u0131na da kargo avantaj\u0131 sa\u011flar. T\u00fcm d\u00fcnya \u00fclkelerine kargo g\u00f6nderimi, ithalat, ihracat, numune bazl\u0131 uluslar aras\u0131 kurye g\u00f6nderimini de <strong>Konya u\u00e7ak kargo<\/strong> hizmeti ile yapabilirsiniz. U\u00e7ak kargo ile uygun ta\u015f\u0131ma maliyetleri ile kargonuzu istedi\u011finiz yere h\u0131zla ula\u015ft\u0131rma \u015fans\u0131n\u0131z vard\u0131r. Sorunsuz ve tam zamanl\u0131 kargo imk\u00e2n\u0131 sunan u\u00e7ak kargo h\u0131zl\u0131 oldu\u011fu kadar g\u00fcvenli bir kargo sistemidir. En acil hava kargo sistemi olan u\u00e7ak kargo ile zamandan tasarruf ederek g\u00f6nderilerinizin h\u0131zl\u0131 bir \u015fekilde olmas\u0131 gereken adrese ula\u015fmas\u0131n\u0131 sa\u011flayabilirsiniz.\u00a0<\/p>\n\n\n\n<h3 class=\"wp-block-heading\"><strong>Konya U\u00e7ak Kargo Hizmetleri<\/strong><\/h3>\n\n\n\n<p>U\u00e7ak kargo hizmeti ile evrak ve paket gibi t\u00fcm kargolar\u0131n\u0131z\u0131 yurt i\u00e7i ve yurt d\u0131\u015f\u0131nda istedi\u011finiz adrese k\u0131sa s\u00fcrede ula\u015f\u0131m imk\u00e2n\u0131 yakalayabilirsiniz. <strong>Konya u\u00e7ak kargo<\/strong> firmam\u0131z y\u0131llar\u0131n verdi\u011fi tecr\u00fcbe ve m\u00fc\u015fteri memnuniyeti odakl\u0131 profesyonel \u00e7al\u0131\u015fma prensibi ile bu sekt\u00f6rde hizmet veriyor. Deneyimli ve uzman kargo ekibimiz ile kargolar\u0131n\u0131z emin ellerde istedi\u011finiz adrese acilen ula\u015facakt\u0131r. Kargonuz teslim edildi\u011fi anda taraf\u0131n\u0131za hemen haber verilecektir. Titizlikle \u00e7al\u0131\u015fan kargo ekibimiz kargonuzu en g\u00fcvenli ve en h\u0131zl\u0131 \u015fekilde yerine ula\u015ft\u0131racakt\u0131r. Talebinizi internet veya telefon arac\u0131l\u0131\u011f\u0131 ile bize bildirmeniz yeterli olacakt\u0131r. Kargonuz adresinizden al\u0131n\u0131p ula\u015fmas\u0131 gereken adrese acilen ula\u015ft\u0131r\u0131lacakt\u0131r. <br \/><br \/><\/p>\n\n\n\n<p class=\"has-text-color\" style=\"color: #ffffff;\"><strong>Nas\u0131l Kargo G\u00f6nderilir<\/strong> <br \/>7\/24 <strong>destek <\/strong>alabilirsiniz.<\/p>\n\n\n\n<p>&nbsp;<\/p>\n","protected":false},"excerpt":{"rendered":"<p>Konya U\u00e7ak Yurt D\u0131\u015f\u0131 Kargo G\u00fcn\u00fcm\u00fczde \u00e7ok yo\u011fun bir i\u015f hayat\u0131 ya\u015fand\u0131\u011f\u0131ndan insanlar i\u00e7in en de\u011ferli \u015fey zamand\u0131r. Acil olarak<\/p>\n","protected":false},"author":2,"featured_media":0,"parent":0,"menu_order":0,"comment_status":"closed","ping_status":"closed","template":"","meta":{"footnotes":""},"class_list":["post-1448","page","type-page","status-publish","hentry","comments-off"],"_links":{"self":[{"href":"https:\/\/ucakkargo.org\/kargo\/wp-json\/wp\/v2\/pages\/1448","targetHints":{"allow":["GET"]}}],"collection":[{"href":"https:\/\/ucakkargo.org\/kargo\/wp-json\/wp\/v2\/pages"}],"about":[{"href":"https:\/\/ucakkargo.org\/kargo\/wp-json\/wp\/v2\/types\/page"}],"author":[{"embeddable":true,"href":"https:\/\/ucakkargo.org\/kargo\/wp-json\/wp\/v2\/users\/2"}],"replies":[{"embeddable":true,"href":"https:\/\/ucakkargo.org\/kargo\/wp-json\/wp\/v2\/comments?post=1448"}],"version-history":[{"count":0,"href":"https:\/\/ucakkargo.org\/kargo\/wp-json\/wp\/v2\/pages\/1448\/revisions"}],"wp:attachment":[{"href":"https:\/\/ucakkargo.org\/kargo\/wp-json\/wp\/v2\/media?parent=1448"}],"curies":[{"name":"wp","href":"https:\/\/api.w.org\/{rel}","templated":true}]}}