{"id":1483,"date":"2019-01-16T19:51:28","date_gmt":"2019-01-16T19:51:28","guid":{"rendered":"http:\/\/www.ucakkargo.net\/?page_id=1483"},"modified":"2019-01-16T19:51:28","modified_gmt":"2019-01-16T19:51:28","slug":"makedonya-yurt-disi-kargo","status":"publish","type":"page","link":"https:\/\/ucakkargo.org\/kargo\/makedonya-yurt-disi-kargo\/","title":{"rendered":"Makedonya Yurt D\u0131\u015f\u0131 Kargo"},"content":{"rendered":"\n<h3 class=\"wp-block-heading\">Makedonya Yurt D\u0131\u015f\u0131 Kargo<\/h3>\n\n\n\n<p>Deneyimli firmam\u0131z d\u00fcnyan\u0131n 190\u2019\u0131 a\u015fk\u0131n \u00fclkesine kargo g\u00f6nderimi yapabildi\u011fi gibi Makedonya\u2019ya da kargo g\u00f6nderimi yapabilmektedir. Gerek T\u00fcrk Hava Yollar\u0131 gerekse alternatif hava yollar\u0131 ile pek \u00e7ok anla\u015fmas\u0131 olan firmam\u0131z arac\u0131l\u0131\u011f\u0131 ile ekonomik kargo g\u00f6nderilerinizin teslimat\u0131n\u0131 sa\u011flayabilirsiniz. Kargo i\u00e7eri\u011finiz tek par\u00e7adan olu\u015fan bir evrak olabilece\u011fi gibi ev e\u015fyalar\u0131, makineler veya yedek par\u00e7alar\u0131, kimyasal t\u00fcrdeki s\u0131v\u0131 maddeler, elektronik \u00fcr\u00fcnler veya ila\u00e7lar da olabilir. Kargo t\u00fcr\u00fc fark etmeksizin t\u00fcm materyallerinizin ta\u015f\u0131mac\u0131l\u0131\u011f\u0131n\u0131 herhangi bir zarar g\u00f6rmeden h\u0131zla yapabilmekteyiz. Makedonya Yurt D\u0131\u015f\u0131 Kargo<\/p>\n\n\n\n<figure class=\"wp-block-image\"><img decoding=\"async\" src=\"https:\/\/yoldaolmak.com\/wp-content\/uploads\/2015\/12\/Ohrid-Makedonya-Gezisi.jpg\" alt=\"Yurt D\u0131\u015f\u0131 Kargo\" \/><\/figure>\n\n\n\n<h3 class=\"wp-block-heading\">Makedonya\u2019ya Neler G\u00f6nderebilirim?<\/h3>\n\n\n\n<p>Yukar\u0131da da belirtti\u011fimiz gibi a\u011f\u0131rl\u0131\u011f\u0131, adedi ve t\u00fcr\u00fc ne olursa olsun Makedonya ve T\u00fcrkiye G\u00fcmr\u00fck Kanunlar\u0131na uygun olan t\u00fcm \u00fcr\u00fcnlerinizi g\u00f6nderebilir ya da Makedonya\u2019dan getirtebilirsiniz. Bunun i\u00e7in kurumsal bir firma olman\u0131za da gerek yoktur. Bireysel veya Kurumsal m\u00fc\u015fterilerin tamam\u0131 i\u00e7in karg\u0131 ta\u015f\u0131mac\u0131l\u0131\u011f\u0131n\u0131 hizmetimiz mevcuttur. Neler g\u00f6nderebilece\u011finiz hakk\u0131nda birka\u00e7 \u00f6rnek vermek gerekirse;<\/p>\n\n\n\n<ul class=\"wp-block-list\">\n<li>Hal\u0131 vb tekstil \u00fcr\u00fcnleri<\/li>\n<li>Ev gere\u00e7leri, elektronik aletler<\/li>\n<li>T\u0131bbi cihazlar<\/li>\n<li>\u0130la\u00e7lar, g\u0131dalar<\/li>\n<li>Makyaj malzemeleri, hediyelik e\u015fyalar<\/li>\n<li>Kozmetik sekt\u00f6r\u00fcndeki t\u00fcm \u00fcr\u00fcnler<\/li>\n<li>Numuneler<\/li>\n<\/ul>\n\n\n\n<h3 class=\"wp-block-heading\">Makedonya\u2019ya Nas\u0131l Kargo G\u00f6nderebilirim?<\/h3>\n\n\n\n<p>Bunun i\u00e7in tek yapman\u0131z gereken telefon numaralar\u0131m\u0131zdan bize ula\u015fman\u0131z ve kargonuz hakk\u0131nda a\u015fa\u011f\u0131da sorulan bilgileri bizlere iletmeniz yeterlidir;<\/p>\n\n\n\n<ul class=\"wp-block-list\">\n<li>Al\u0131c\u0131 ve g\u00f6nderici adresleri<\/li>\n<li>\u0130leti\u015fim numaralar\u0131<\/li>\n<li>Kargonuzun i\u00e7eri\u011fi<\/li>\n<li>Kargonuzun a\u011f\u0131rl\u0131\u011f\u0131 ve \u00f6l\u00e7\u00fcleri<\/li>\n<\/ul>\n\n\n\n<p>Yukar\u0131da an\u0131lan bilgileri ilettikten sonra Makedonya ve T\u00fcrkiye G\u00fcmr\u00fck Kurallar\u0131na uygunlu\u011fu halinde sizlere a\u015fa\u011f\u0131da yer ald\u0131\u011f\u0131 gibi detayl\u0131 bir fiyat teklifi sunulacakt\u0131r;<\/p>\n\n\n\n<ul class=\"wp-block-list\">\n<li>Makedonya Karayolu ta\u015f\u0131mac\u0131l\u0131\u011f\u0131 fiyat tarifeleri ve s\u00fcreleri<\/li>\n<li>Makedonya Havayolu ta\u015f\u0131mac\u0131l\u0131\u011f\u0131 fiyat tarifeleri ve s\u00fcreleri<\/li>\n<li>Alabilece\u011finiz ek hizmetler ve \u00fccretleri<\/li>\n<\/ul>\n\n\n\n<p>Detayl\u0131 raporumuzda b\u00fct\u00e7enize uygun bir kargo iletim paketini se\u00e7erek taraf\u0131m\u0131za d\u00f6n\u00fc\u015f sa\u011flayabilirsiniz. E\u011fer kargonuz \u0130stanbul il s\u0131n\u0131rlar\u0131 i\u00e7erisinde ise servis arac\u0131 \u00e7\u0131kartabilir ve kargolar\u0131n\u0131z\u0131 g\u00fcvenle paketleyerek yerinden alarak en yak\u0131n saatte kalkacak olan Makedonya Kargo Arac\u0131 veya Makedonya Kargo U\u00e7a\u011f\u0131na \u00f6zenle y\u00fcklemesini ger\u00e7ekle\u015ftirerek yola \u00e7\u0131kart\u0131r\u0131z. Elbette kargo tesliminden adrese iletilmesine dek ge\u00e7en s\u00fcre zarf\u0131nda t\u00fcm i\u015flemleri Makedonya Kargo Takip Sistemimizi kullanarak online g\u00f6r\u00fcnt\u00fcleyebilir ve e\u015f zamanl\u0131 olarak cep telefonunuza mesaj olarak alabilirsiniz.<\/p>\n\n\n\n<p class=\"has-text-color\" style=\"color: #ffffff;\"><strong>Nas\u0131l Kargo G\u00f6nderilir<\/strong><br \/>7\/24 <strong>destek <\/strong>alabilirsiniz.<\/p>\n","protected":false},"excerpt":{"rendered":"<p>Makedonya Yurt D\u0131\u015f\u0131 Kargo Deneyimli firmam\u0131z d\u00fcnyan\u0131n 190\u2019\u0131 a\u015fk\u0131n \u00fclkesine kargo g\u00f6nderimi yapabildi\u011fi gibi Makedonya\u2019ya da kargo g\u00f6nderimi yapabilmektedir. Gerek<\/p>\n","protected":false},"author":2,"featured_media":0,"parent":0,"menu_order":0,"comment_status":"closed","ping_status":"closed","template":"","meta":{"footnotes":""},"class_list":["post-1483","page","type-page","status-publish","hentry","comments-off"],"_links":{"self":[{"href":"https:\/\/ucakkargo.org\/kargo\/wp-json\/wp\/v2\/pages\/1483","targetHints":{"allow":["GET"]}}],"collection":[{"href":"https:\/\/ucakkargo.org\/kargo\/wp-json\/wp\/v2\/pages"}],"about":[{"href":"https:\/\/ucakkargo.org\/kargo\/wp-json\/wp\/v2\/types\/page"}],"author":[{"embeddable":true,"href":"https:\/\/ucakkargo.org\/kargo\/wp-json\/wp\/v2\/users\/2"}],"replies":[{"embeddable":true,"href":"https:\/\/ucakkargo.org\/kargo\/wp-json\/wp\/v2\/comments?post=1483"}],"version-history":[{"count":0,"href":"https:\/\/ucakkargo.org\/kargo\/wp-json\/wp\/v2\/pages\/1483\/revisions"}],"wp:attachment":[{"href":"https:\/\/ucakkargo.org\/kargo\/wp-json\/wp\/v2\/media?parent=1483"}],"curies":[{"name":"wp","href":"https:\/\/api.w.org\/{rel}","templated":true}]}}