{"id":1529,"date":"2019-01-16T19:51:31","date_gmt":"2019-01-16T19:51:31","guid":{"rendered":"http:\/\/www.ucakkargo.net\/?page_id=1529"},"modified":"2019-01-16T19:51:31","modified_gmt":"2019-01-16T19:51:31","slug":"yurtdisina-paket-nasil-gider","status":"publish","type":"page","link":"https:\/\/ucakkargo.org\/kargo\/yurtdisina-paket-nasil-gider\/","title":{"rendered":"Yurt D\u0131\u015f\u0131na Paket Nas\u0131l Gider"},"content":{"rendered":"\n<h3 class=\"wp-block-heading\"><a><strong>Yurt D\u0131\u015f\u0131na Paket Nas\u0131l Gider<\/strong><\/a><\/h3>\n\n\n<p>Teknolojinin geli\u015fmesi ile insanlar ta\u015f\u0131ma hizmetine ihtiya\u00e7 duymu\u015f ve bu do\u011frultuda kargo sekt\u00f6r\u00fc ortaya \u00e7\u0131km\u0131\u015ft\u0131r. Kargo hizmeti ile sevdiklerinize istedi\u011finiz g\u00fcn hediye g\u00f6nderebildi\u011finiz gibi, sizin i\u00e7in \u00f6nem ta\u015f\u0131yan elektronik cihaz vb. her \u015fey g\u00f6nderebilirsiniz. Ge\u00e7mi\u015f zamanlarda at arabalar\u0131 ile g\u00fcnler s\u00fcren bir yolculuk ile g\u00f6nderileriniz ki\u015fiye ula\u015f\u0131r iken teknolojinin geli\u015fmesi ile kullan\u0131lan ara\u00e7 ve teslimat s\u00fcresi k\u0131salm\u0131\u015ft\u0131r. At arabalar\u0131n\u0131n yerini motorlu ara\u00e7lar, gemi ve u\u00e7aklar alm\u0131\u015f iken, g\u00f6nderi teslimat\u0131n\u0131 sa\u011flayan ki\u015finin yerini e\u011fitimli g\u00f6revli elemanlar alm\u0131\u015ft\u0131r. Teslimat s\u00fcresi ise \u00fc\u00e7 g\u00fcn denilebilecek kadar k\u0131sa bir s\u00fcre olmu\u015ftur. Professional ki\u015filer taraf\u0131ndan verilen kargo hizmetinde g\u00f6nderinin muhafazas\u0131 ve h\u0131zl\u0131 bir \u015fekilde teslimat\u0131 \u00e7ok \u00f6nemlidir<strong>. Paket<\/strong> hizmetleri, h\u0131zl\u0131 sevkiyat ve g\u00fcvenli teslimat a\u015famalar\u0131ndan olu\u015fan kargo hizmeti g\u00fcn\u00fcm\u00fczce \u00e7ok tercih edilen bir hizmettir. Yurt D\u0131\u015f\u0131na Paket Nas\u0131l Gider<\/p>\n\n\n<figure class=\"wp-block-image\"><img decoding=\"async\" src=\"https:\/\/yurtdisihavakargo.com\/wp-content\/uploads\/2019\/03\/express-kargo.jpg\" alt=\"Yurt D\u0131\u015f\u0131na Paket Nas\u0131l Gider\" class=\"wp-image-3688\"\/><\/figure>\n\n\n<h3 class=\"wp-block-heading\"><strong>Paket ve Yurt D\u0131\u015f\u0131 Kargo Hesaplama <\/strong><\/h3>\n\n\n<p>Kargoya\nverilen her g\u00f6nderi belli bir \u00fccret kar\u015f\u0131l\u0131\u011f\u0131 ta\u015f\u0131n\u0131r ve teslimat\u0131 sa\u011flan\u0131r.\nG\u00f6nderi kar\u015f\u0131l\u0131\u011f\u0131nda talep edilecek \u00fccrete ise kullan\u0131lan kolinin boyutu ve\ng\u00f6nderinin a\u011f\u0131rl\u0131\u011f\u0131 ile karar verilir. Kolinin en, &nbsp;boy ve y\u00fcksekli\u011finin \u00f6l\u00e7\u00fclmesi, a\u011f\u0131rl\u0131\u011f\u0131n\u0131n\ntart\u0131lmas\u0131 ile yap\u0131lan hesaplama ile bir \u00fccret talep edilir. Bu hesaplamaya\ndesi hesaplama ad\u0131 verilir. Kargo firmas\u0131 ile s\u00f6zle\u015fme yap\u0131ld\u0131\u011f\u0131 takdirde ise\nindirimli kargo hizmetinden faydalanabilirsiniz. Kargo i\u015flemi i\u00e7in kargo\n\u015fubesine geldi\u011finizde g\u00f6nderi formu doldurulur ve sonras\u0131nda <strong>paket <\/strong>i\u00e7in \u00fccret talep etmek amac\u0131 ile\ndesi hesaplama yap\u0131l\u0131r. T\u00fcm bu i\u015flemlerden sonra g\u00f6nderi teslimat i\u00e7in\nsevkiyata verilir. <\/p>\n\n\n<h3 class=\"wp-block-heading\"><strong>Paketin G\u00fcvenli Ta\u015f\u0131nmas\u0131 \u0130\u00e7in Al\u0131nan\nTedbirler <\/strong><\/h3>\n\n\n<p>G\u00f6nderinin h\u0131zl\u0131 ve hasar g\u00f6rmeden teslimi i\u00e7in kargo \u015fubesi taraf\u0131ndan bir dizi \u00f6nlemler al\u0131n\u0131r. Bu \u00f6nlemler kargo g\u00f6nderimi i\u00e7in g\u00f6nderinin \u015fubeye getirilmesinden teslimat\u0131na kadar her a\u015famada al\u0131nmaktad\u0131r. G\u00f6nderinin hasar g\u00f6rmeden teslimat\u0131n\u0131n sa\u011flanmas\u0131 i\u00e7in uygun ambalaj \u00fcr\u00fcn\u00fc ile muhafazas\u0131 sa\u011flan\u0131r. K\u0131r\u0131lgan ve hasar g\u00f6rebilecek \u00fcr\u00fcnler airbox denilen \u00f6zel \u00fcretim bir \u00fcr\u00fcn ile paketlenir ve sonras\u0131nda uygun koliye konulur. <strong>Paket<\/strong> haline getirilen g\u00f6nderi k\u0131r\u0131lgan bir \u00fcr\u00fcn i\u00e7erir ise \u00fczerine bu ibare not edilir. Ta\u015f\u0131ma esnas\u0131nda da ayn\u0131 \u00f6zen ile ta\u015f\u0131n\u0131r. H\u0131zl\u0131 ve g\u00fcvenli bir \u015fekilde teslimat\u0131 sa\u011flan\u0131r. Hizmetlerimizden faydalanma i\u00e7in bizimle ileti\u015fime ge\u00e7ebilirsiniz. Yurt D\u0131\u015f\u0131na Paket Nas\u0131l Gider <\/p>\n","protected":false},"excerpt":{"rendered":"<p>Yurt D\u0131\u015f\u0131na Paket Nas\u0131l Gider Teknolojinin geli\u015fmesi ile insanlar ta\u015f\u0131ma hizmetine ihtiya\u00e7 duymu\u015f ve bu do\u011frultuda kargo sekt\u00f6r\u00fc ortaya \u00e7\u0131km\u0131\u015ft\u0131r.<\/p>\n","protected":false},"author":2,"featured_media":0,"parent":0,"menu_order":0,"comment_status":"closed","ping_status":"closed","template":"","meta":{"footnotes":""},"class_list":["post-1529","page","type-page","status-publish","hentry","comments-off"],"_links":{"self":[{"href":"https:\/\/ucakkargo.org\/kargo\/wp-json\/wp\/v2\/pages\/1529","targetHints":{"allow":["GET"]}}],"collection":[{"href":"https:\/\/ucakkargo.org\/kargo\/wp-json\/wp\/v2\/pages"}],"about":[{"href":"https:\/\/ucakkargo.org\/kargo\/wp-json\/wp\/v2\/types\/page"}],"author":[{"embeddable":true,"href":"https:\/\/ucakkargo.org\/kargo\/wp-json\/wp\/v2\/users\/2"}],"replies":[{"embeddable":true,"href":"https:\/\/ucakkargo.org\/kargo\/wp-json\/wp\/v2\/comments?post=1529"}],"version-history":[{"count":0,"href":"https:\/\/ucakkargo.org\/kargo\/wp-json\/wp\/v2\/pages\/1529\/revisions"}],"wp:attachment":[{"href":"https:\/\/ucakkargo.org\/kargo\/wp-json\/wp\/v2\/media?parent=1529"}],"curies":[{"name":"wp","href":"https:\/\/api.w.org\/{rel}","templated":true}]}}