{"id":1534,"date":"2019-01-16T19:51:32","date_gmt":"2019-01-16T19:51:32","guid":{"rendered":"http:\/\/www.ucakkargo.net\/?page_id=1534"},"modified":"2019-01-16T19:51:32","modified_gmt":"2019-01-16T19:51:32","slug":"yurt-disi-kargo-paketleme-nedir","status":"publish","type":"page","link":"https:\/\/ucakkargo.org\/kargo\/yurt-disi-kargo-paketleme-nedir\/","title":{"rendered":"Yurt D\u0131\u015f\u0131 Kargo Paketleme Nedir?"},"content":{"rendered":"\n<h3 class=\"wp-block-heading\"><strong>Yurt D\u0131\u015f\u0131 Kargo Paketleme Nedir?<\/strong><\/h3>\n\n\n<p>Paketleme, bir \u00fcr\u00fcn\u00fcn \u00fcreticiden t\u00fcketiciye ula\u015ft\u0131r\u0131lmas\u0131 s\u00fcrecinde zarar g\u00f6rmeden iletilebilmesi i\u00e7in korunakl\u0131 hale getirilmesi i\u015flemidir. Eskiden lojistik firmalar\u0131 yaln\u0131zca \u00fcr\u00fcn\u00fcn ula\u015ft\u0131r\u0131lmas\u0131n\u0131 sa\u011flarken g\u00fcn\u00fcm\u00fczde paketleme i\u015flemini de yap\u0131yor. Bir yerden ba\u015fka bir yere ula\u015ft\u0131r\u0131lmas\u0131 istenilen \u00fcr\u00fcn da\u011f\u0131t\u0131m merkezlerinde veya depolarda en uygun ambalaj malzemeleri kullan\u0131larak paketleniyor. \u00dcr\u00fcn \u00e7e\u015fidine g\u00f6re paketleme ara\u00e7lar\u0131 kullan\u0131larak i\u015finde uzman ekipler taraf\u0131ndan paketleme ger\u00e7ekle\u015ftiriliyor. <strong>Paketleme<\/strong> \u00fcr\u00fcn\u00fcn depolanmas\u0131 ve nakliyesi esnas\u0131nda d\u0131\u015f etkenlerden korunmas\u0131n\u0131 ve en iyi \u015fekilde saklanabilmesini sa\u011flar. Bunun yan\u0131 s\u0131ra m\u00fc\u015fteriye sunulacak \u00fcr\u00fcnler i\u00e7in g\u00f6r\u00fcn\u00fcm \u00f6nemlidir. Pazarlaman\u0131n en \u00f6nemli tekniklerinden biri de d\u0131\u015f g\u00f6r\u00fcn\u00fcm\u00fcn albenisi olmas\u0131d\u0131r. Bu nedenle nakliye sonras\u0131 direk m\u00fc\u015fteriye sunulacak \u00fcr\u00fcnler g\u00fczel ve \u00e7ekici g\u00f6r\u00fcn\u00fcme sahip paketleme teknikleri ile paketlenir. Yurt D\u0131\u015f\u0131 Kargo Paketleme Nedir?<\/p>\n\n\n<figure class=\"wp-block-image\"><img decoding=\"async\" src=\"https:\/\/yurtdisihavakargo.com\/wp-content\/uploads\/2019\/03\/express-kargo.jpg\" alt=\"Yurt D\u0131\u015f\u0131 Kargo\" class=\"wp-image-3688\"\/><\/figure>\n\n\n<h3 class=\"wp-block-heading\"><strong>Kargo Paketleme \u00c7e\u015fitleri Nelerdir?<\/strong><\/h3>\n\n\n<p>Paketleme i\u015flemi \u00fcr\u00fcn\u00fc d\u0131\u015f\netkenlerden koruyan ve iyi bir sunum sa\u011flar. Bu anlamda \u00fcr\u00fcn\u00fcn paketlenmesi\na\u015famalar\u0131 \u00fcr\u00fcn\u00fcn i\u00e7eri\u011fini koruyan, ta\u015f\u0131nmas\u0131n\u0131 ve depolanmas\u0131n\u0131 korunakl\u0131 hale\ngetiren, sat\u0131\u015f\u0131n\u0131 ve kullan\u0131m\u0131n\u0131 kolayla\u015ft\u0131ran \u00f6zelliklerde olmal\u0131d\u0131r.\nPaketleme malzemeleri geri d\u00f6n\u00fc\u015f\u00fcml\u00fc veya k\u0131smen d\u00f6n\u00fc\u015f\u00fcml\u00fc ya da tamamen\nat\u0131labilir \u00fcr\u00fcnler olabilir. \u00dcr\u00fcn\u00fcn kaplanmas\u0131, sar\u0131lmas\u0131, \u00f6rt\u00fclmesi veya\nbirle\u015ftirilmesi g\u00f6revini yapar.<strong>\nPaketleme<\/strong> \u00e7e\u015fitleri birincil ve ikincil paketleme ikiye ayr\u0131l\u0131r. Birincil\npaketleme \u00fcr\u00fcn\u00fc ilk olarak i\u00e7ine alan as\u0131l olan i\u00e7 ambalajd\u0131r. \u0130kincil\npaketleme ise birincil ambalaj\u0131 koruyan, \u00fcr\u00fcn\u00fcn ta\u015f\u0131nmas\u0131n\u0131 ve sunumunu\nsa\u011flayan d\u0131\u015f ambalaj\u0131d\u0131r. Birincil paketleme \u00fcr\u00fcn\u00fc i\u00e7te birle\u015ftirip saran ve\nb\u00fct\u00fcnleyen bir malzeme ile yap\u0131l\u0131rken ikincil paketleme \u00fcr\u00fcn\u00fcn m\u00fc\u015fteriye\nsunumunda da kullan\u0131lan d\u00fczg\u00fcn ve g\u00fczel bir paketleme malzemesi ile \u00f6zenle\nyap\u0131l\u0131r. <\/p>\n\n\n<h3 class=\"wp-block-heading\"><strong>Kargo Paketleme Hizmetleri<\/strong><\/h3>\n\n\n<p>Paketleme, \u00fcr\u00fcn\u00fcn korunmas\u0131 ve\nsunumu i\u00e7in \u00e7ok \u00f6nemli bir a\u015famad\u0131r. Lojistik sekt\u00f6r\u00fcnde paketleme \u00fcr\u00fcn\u00fcn\nta\u015f\u0131nmas\u0131 ve depolanmas\u0131 esnas\u0131nda t\u00fcm d\u0131\u015f etkenlerden korunmas\u0131 i\u00e7in \u00f6nemli\nbir fonksiyondur. M\u00fc\u015fterinin istekleri do\u011frultusunda kaliteli malzeme ile\nuygulanan paketleme teknikleri \u00fcr\u00fcn\u00fcn sunumu i\u00e7in de m\u00fchimdir. Y\u0131llar\u0131n verdi\u011fi\ntecr\u00fcbe ve deneyimli ekibimiz ile en iyi <strong>paketleme<\/strong>\nhizmetini sunuyoruz. Kaliteli ambalaj ve malzeme kullan\u0131m\u0131 ile sa\u011flam ve g\u00fczel\ng\u00f6r\u00fcn\u00fcml\u00fc kusursuz paketleme yap\u0131yoruz. M\u00fc\u015fteri memnuniyeti odakl\u0131 profesyonel\n\u00e7al\u0131\u015fma anlay\u0131\u015f\u0131m\u0131z ile hizmetinizdeyiz. <\/p>\n","protected":false},"excerpt":{"rendered":"<p>Yurt D\u0131\u015f\u0131 Kargo Paketleme Nedir? Paketleme, bir \u00fcr\u00fcn\u00fcn \u00fcreticiden t\u00fcketiciye ula\u015ft\u0131r\u0131lmas\u0131 s\u00fcrecinde zarar g\u00f6rmeden iletilebilmesi i\u00e7in korunakl\u0131 hale getirilmesi i\u015flemidir.<\/p>\n","protected":false},"author":2,"featured_media":0,"parent":0,"menu_order":0,"comment_status":"closed","ping_status":"closed","template":"","meta":{"footnotes":""},"class_list":["post-1534","page","type-page","status-publish","hentry","comments-off"],"_links":{"self":[{"href":"https:\/\/ucakkargo.org\/kargo\/wp-json\/wp\/v2\/pages\/1534","targetHints":{"allow":["GET"]}}],"collection":[{"href":"https:\/\/ucakkargo.org\/kargo\/wp-json\/wp\/v2\/pages"}],"about":[{"href":"https:\/\/ucakkargo.org\/kargo\/wp-json\/wp\/v2\/types\/page"}],"author":[{"embeddable":true,"href":"https:\/\/ucakkargo.org\/kargo\/wp-json\/wp\/v2\/users\/2"}],"replies":[{"embeddable":true,"href":"https:\/\/ucakkargo.org\/kargo\/wp-json\/wp\/v2\/comments?post=1534"}],"version-history":[{"count":0,"href":"https:\/\/ucakkargo.org\/kargo\/wp-json\/wp\/v2\/pages\/1534\/revisions"}],"wp:attachment":[{"href":"https:\/\/ucakkargo.org\/kargo\/wp-json\/wp\/v2\/media?parent=1534"}],"curies":[{"name":"wp","href":"https:\/\/api.w.org\/{rel}","templated":true}]}}