{"id":1566,"date":"2019-01-16T19:51:33","date_gmt":"2019-01-16T19:51:33","guid":{"rendered":"http:\/\/www.ucakkargo.net\/?page_id=1566"},"modified":"2019-01-16T19:51:33","modified_gmt":"2019-01-16T19:51:33","slug":"yurtici-yurtdisi-havayolu-saatli-teslimat","status":"publish","type":"page","link":"https:\/\/ucakkargo.org\/kargo\/yurtici-yurtdisi-havayolu-saatli-teslimat\/","title":{"rendered":"Yurt \u0130\u00e7i Yurt D\u0131\u015f\u0131 Hava Yolu Saatli Teslimat"},"content":{"rendered":"\n<h3 class=\"wp-block-heading\"><strong><span style=\"vertical-align: inherit;\">Yurt \u0130\u00e7i Yurt D\u0131\u015f\u0131 Hava Yolu Saatli Teslimat<\/span><\/strong><\/h3>\n\n\n\n<p>Kargo ta\u015f\u0131ma i\u015flemlerinde tercih edilebilecek en h\u0131zl\u0131 y\u00f6ntem, hava yolu ile yap\u0131lan ta\u015f\u0131mac\u0131l\u0131kt\u0131r. U\u00e7aklar ile kargo g\u00f6nderimi yapmak hem h\u0131zl\u0131 hem de \u00e7ok g\u00fcvenli bir i\u015flemdir. <strong>Yurti\u00e7i yurtd\u0131\u015f\u0131 havayolu saatli teslimat\u00a0y\u00f6nteminde\u00a0yurt\u00a0i\u00e7i\u00a0ve\u00a0yurtd\u0131\u015f\u0131\u00a0i\u00e7in<\/strong> kargo g\u00f6nderimi i\u00e7in firmam\u0131z taraf\u0131ndan u\u00e7aklar kullan\u0131larak h\u0131zl\u0131 bir g\u00f6nderi ta\u015f\u0131mac\u0131l\u0131\u011f\u0131 yap\u0131l\u0131r. G\u00f6nderiler ta\u015f\u0131n\u0131rken b\u00fct\u00fcn a\u015famalarda profesyonel ekipler ile \u00e7al\u0131\u015fan firmam\u0131z, her zaman kaliteli bir \u015fekilde teslimat yapmaktad\u0131r. Kargo merkezden \u00e7\u0131kar\u0131lmadan \u00f6nce gerekli i\u015flemler yap\u0131l\u0131r ve bundan sonra u\u00e7a\u011fa y\u00fckleme tamamlan\u0131r. Daha sonra u\u00e7ak gidece\u011fi havaalan\u0131na do\u011fru yola \u00e7\u0131kar. Havaalan\u0131nda yetkili personelimiz taraf\u0131ndan kargo paketleri al\u0131n\u0131r ve teslimat adresine do\u011fru g\u00f6t\u00fcr\u00fcl\u00fcr. Firmam\u0131z taraf\u0131ndan teslimat tamamland\u0131ktan sonra ise g\u00f6nderi sahibi ile ileti\u015fime ge\u00e7ilir. Firmam\u0131z, <strong>saatli teslimat <\/strong>imkan\u0131 ile tam zaman\u0131nda i\u015flem yapmaktad\u0131r. \u00d6zellikle acil evrak ve belge teslimi konusunda bu i\u015flemler \u00e7ok yararl\u0131 olmaktad\u0131r.<\/p>\n\n\n\n<figure class=\"wp-block-image\"><img decoding=\"async\" class=\"wp-image-3255\" src=\"https:\/\/yurtdisihavakargo.com\/wp-content\/uploads\/2019\/02\/Yurti\u00e7i-yurtd\u0131\u015f\u0131-havayolu-Saatli-Teslimat.jpg\" alt=\"Yurti\u00e7i yurtd\u0131\u015f\u0131 havayolu Saatli Teslimat\" \/><\/figure>\n\n\n\n<h3 class=\"wp-block-heading\"><strong><span style=\"vertical-align: inherit;\"> Saatli Teslimat\u0131n Kargo Takip Numaras\u0131<\/span><\/strong><\/h3>\n\n\n\n<p><strong>Yurti\u00e7i yurtd\u0131\u015f\u0131 havayolu saatli teslimat<\/strong> ile yap\u0131lan kargo ta\u015f\u0131mac\u0131l\u0131\u011f\u0131 \u00e7ok h\u0131zl\u0131 olur. Firmam\u0131z, <strong>saatli teslimat <\/strong>imkan\u0131 sunmaktad\u0131r ve bu sayede bir\u00e7ok \u00f6nemli evrak, iletilmesi gereken yere ula\u015ft\u0131r\u0131l\u0131r. Kargonun teslimat\u0131, firmam\u0131z\u0131n vermi\u015f oldu\u011fu takip numaras\u0131 ile izlenmektedir. Bu takip numaras\u0131 arac\u0131l\u0131\u011f\u0131 ile kargo paketinin b\u00fct\u00fcn hareketleri internet sitemiz \u00fczerinden g\u00f6r\u00fcnt\u00fclenebilir. Kargo takibi sayesinde de g\u00f6nderinin durumu rahatl\u0131kla kontrol edilebilmektedir. Bununla birlikte g\u00f6nderi teslim edildikten sonra an\u0131nda bildirim yap\u0131lmaktad\u0131r. B\u00f6ylece g\u00f6nderi sahibi, kargo hakk\u0131nda her zaman bilgi alabilmektedir. Firmam\u0131z taraf\u0131ndan b\u00fct\u00fcn \u00fcr\u00fcnlerin ambalaj ve paketlemesi \u00e7ok dikkatli bir \u015fekilde yap\u0131l\u0131r. B\u00f6ylece teslimat s\u0131ras\u0131nda herhangi bir zarar g\u00f6r\u00fclmesi \u00f6nlenir. Ayr\u0131ca hava yolu ile yap\u0131lan ta\u015f\u0131mac\u0131l\u0131k i\u015flemlerinde kargoya sigorta yap\u0131lmaktad\u0131r.<\/p>\n\n\n\n<h3 class=\"wp-block-heading\"><strong><span style=\"vertical-align: inherit;\">Saatlik Teslimatta Yap\u0131lan Kargo Sigortalama \u0130\u015flemi<\/span><\/strong><\/h3>\n\n\n\n<p>Hava yolu kullanarak yurt i\u00e7inde teslimat yapan firmam\u0131z, ta\u015f\u0131d\u0131\u011f\u0131 b\u00fct\u00fcn \u00fcr\u00fcnlere sigorta yapmaktad\u0131r. Bu sayede \u00fcr\u00fcne herhangi bir zarar gelmesi durumunda kar\u015f\u0131 tarafa hak talep etme imkan\u0131 verilmektedir. <strong>Saatlik teslimat <\/strong>i\u00e7in firmam\u0131z, ekipler halinde g\u00f6nderi ta\u015f\u0131mac\u0131l\u0131\u011f\u0131 yapmaktad\u0131r. Bu sayede tam saatinde hizmet verilmektedir. Hava yolu kullanarak h\u0131zl\u0131 ve g\u00fcvenli bir \u015fekilde kargo ta\u015f\u0131mac\u0131l\u0131\u011f\u0131 yapmak i\u00e7in firmam\u0131z\u0131 tercih edebilirsiniz. Firmam\u0131z saatinde yap\u0131lan teslimatlar ile h\u0131zl\u0131 kargo g\u00f6nderimi yapmaktad\u0131r.<\/p>\n","protected":false},"excerpt":{"rendered":"<p>Yurt \u0130\u00e7i Yurt D\u0131\u015f\u0131 Hava Yolu Saatli Teslimat Kargo ta\u015f\u0131ma i\u015flemlerinde tercih edilebilecek en h\u0131zl\u0131 y\u00f6ntem, hava yolu ile yap\u0131lan<\/p>\n","protected":false},"author":2,"featured_media":0,"parent":0,"menu_order":0,"comment_status":"closed","ping_status":"closed","template":"","meta":{"footnotes":""},"class_list":["post-1566","page","type-page","status-publish","hentry","comments-off"],"_links":{"self":[{"href":"https:\/\/ucakkargo.org\/kargo\/wp-json\/wp\/v2\/pages\/1566","targetHints":{"allow":["GET"]}}],"collection":[{"href":"https:\/\/ucakkargo.org\/kargo\/wp-json\/wp\/v2\/pages"}],"about":[{"href":"https:\/\/ucakkargo.org\/kargo\/wp-json\/wp\/v2\/types\/page"}],"author":[{"embeddable":true,"href":"https:\/\/ucakkargo.org\/kargo\/wp-json\/wp\/v2\/users\/2"}],"replies":[{"embeddable":true,"href":"https:\/\/ucakkargo.org\/kargo\/wp-json\/wp\/v2\/comments?post=1566"}],"version-history":[{"count":0,"href":"https:\/\/ucakkargo.org\/kargo\/wp-json\/wp\/v2\/pages\/1566\/revisions"}],"wp:attachment":[{"href":"https:\/\/ucakkargo.org\/kargo\/wp-json\/wp\/v2\/media?parent=1566"}],"curies":[{"name":"wp","href":"https:\/\/api.w.org\/{rel}","templated":true}]}}