{"id":1617,"date":"2019-01-16T19:51:29","date_gmt":"2019-01-16T19:51:29","guid":{"rendered":"http:\/\/www.ucakkargo.net\/?page_id=1617"},"modified":"2019-01-16T19:51:29","modified_gmt":"2019-01-16T19:51:29","slug":"stok-raporu-nedir","status":"publish","type":"page","link":"https:\/\/ucakkargo.org\/kargo\/stok-raporu-nedir\/","title":{"rendered":"Stok Raporu Nedir?"},"content":{"rendered":"\n<h3 class=\"wp-block-heading\"><strong>Stok Raporu Nedir?<\/strong><\/h3>\n\n\n\n<p>Stok raporu depo i\u00e7erisinde fiziki olarak bulunan kalem miktar\u0131n\u0131 belirten rapordur. Stok raporu depoda bulunan \u00fcr\u00fcn ile ilgili bir\u00e7ok \u00f6zelli\u011fin belirtildi\u011fi ayr\u0131nt\u0131l\u0131 bir d\u00fczenleme ile haz\u0131rlan\u0131r. Stok raporunda \u00fcr\u00fcn\u00fcn depoya giri\u015f tarihi, adedi, depolanaca\u011f\u0131 s\u00fcre, depolama maliyeti, ne zaman depodan \u00e7\u0131kaca\u011f\u0131, \u00fcr\u00fcn \u00f6zelli\u011fi gibi bir\u00e7ok bilgi yer al\u0131r. G\u00fcn\u00fcm\u00fczde \u00e7a\u011f\u0131m\u0131z teknolojisi internet ile stok raporlar\u0131 \u00e7ok daha kolay ve ayr\u0131nt\u0131l\u0131 bir \u015fekilde haz\u0131rlan\u0131yor. Stok durumu internet ortam\u0131nda h\u0131zl\u0131 bir \u015fekilde g\u00f6r\u00fcl\u00fcp incelenebiliyor. Depo i\u015fletmecileri i\u00e7in en \u00f6nemli evraklardan biri olan <strong>stok raporu nedir?<\/strong> depolanan \u00fcr\u00fcn hakk\u0131nda bilgi veren ve hayati \u00f6nem ta\u015f\u0131yan bir evrakt\u0131r. \u00dcr\u00fcn\u00fcn giri\u015f ve \u00e7\u0131k\u0131\u015f\u0131n\u0131n kontrol\u00fc i\u00e7in \u00f6nemli bir role sahip olan stok raporu \u00fcr\u00fcn\u00fcn tam zamanl\u0131 ve eksiksiz bir \u015fekilde m\u00fc\u015fteriye teslim edilebilmesi a\u00e7\u0131s\u0131ndan da olduk\u00e7a m\u00fchimdir.<\/p>\n\n\n\n<figure class=\"wp-block-image\"><img decoding=\"async\" class=\"wp-image-3688\" src=\"https:\/\/yurtdisihavakargo.com\/wp-content\/uploads\/2019\/03\/express-kargo.jpg\" alt=\"Stok Raporu\" \/><\/figure>\n\n\n\n<h3 class=\"wp-block-heading\"><strong>Stok Raporlar\u0131 Nelerdir<\/strong><\/h3>\n\n\n\n<p>Stok raporu i\u00e7erisinde yer alan ayr\u0131nt\u0131l\u0131 bilgiler belirleyici olur. Stok raporlar\u0131; stok durum listesi, iade kontrol raporu, fason takip raporu, ambar stok de\u011fer listesi, stok kart\u0131 fiyat listesi, detayl\u0131 stok maliyet ekstras\u0131, ayr\u0131nt\u0131l\u0131 sat\u0131\u015f raporu, irsaliye kontrol raporu, hammadde maliyet raporu, stok kart\u0131 parametre listesi, ambar giri\u015f-\u00e7\u0131k\u0131\u015f listesi, stok de\u011fer listesi, \u00f6zel stok maliyet raporu, stok fi\u015fleri listesi, g\u00fcnl\u00fck stok depo hareketleri, envanter raporu gibi bir\u00e7ok rapordan olu\u015fur. Depo i\u00e7erisinde yer alan \u00fcr\u00fcn hakk\u0131nda detayl\u0131 stok bilgisine stok raporlar\u0131 ile ula\u015fman\u0131z m\u00fcmk\u00fcnd\u00fcr. <strong>Stok raporu<\/strong> depo i\u00e7erisinde hareketin analiz olarak belirtilmesini sa\u011flar.<\/p>\n\n\n\n<h3 class=\"wp-block-heading\"><strong>Stok Raporu Nas\u0131l Haz\u0131rlan\u0131r<\/strong><\/h3>\n\n\n\n<p><strong>Stok raporu<\/strong> muhasebe bilgisi olan uzman ki\u015filer taraf\u0131ndan haz\u0131rlanmal\u0131d\u0131r. \u0130nternet ortam\u0131nda stok raporu haz\u0131rlamak \u00e7ok daha kolay ve pratik bir \u015fekilde yap\u0131labilse de bu konuda bilgi sahibi olan bir ki\u015fi taraf\u0131ndan d\u00fczenlenmelidir. Stok raporlar\u0131 haz\u0131rlan\u0131rken depoya giri\u015f \u00e7\u0131k\u0131\u015flar\u0131n tam zamanl\u0131 ve do\u011fru bir \u015fekilde yap\u0131labilmesi i\u00e7in titiz bir \u00e7al\u0131\u015fma yapmak \u015fartt\u0131r. M\u00fc\u015fteri memnuniyeti i\u00e7in en \u00f6nemli konulardan biri de zamanlamad\u0131r. \u00dcr\u00fcn\u00fcn uygun \u015fartlarda korunmas\u0131 sonras\u0131 tam zaman\u0131nda teslim edilmesi depo i\u015fletmecisi i\u00e7in b\u00fcy\u00fck bir art\u0131 olacakt\u0131r. D\u00fczenli stok raporlar\u0131 ve \u00e7al\u0131\u015fma prensibi ile profesyonel hizmeti bizden alabilirsiniz.<\/p>\n\n\n\n<p class=\"has-text-color\" style=\"color: #ffffff;\"><strong>Nas\u0131l Kargo G\u00f6nderilir<\/strong><br \/>7\/24 <strong>destek <\/strong>alabilirsiniz.<\/p>\n","protected":false},"excerpt":{"rendered":"<p>Stok Raporu Nedir? Stok raporu depo i\u00e7erisinde fiziki olarak bulunan kalem miktar\u0131n\u0131 belirten rapordur. Stok raporu depoda bulunan \u00fcr\u00fcn ile<\/p>\n","protected":false},"author":2,"featured_media":0,"parent":0,"menu_order":0,"comment_status":"closed","ping_status":"closed","template":"","meta":{"footnotes":""},"class_list":["post-1617","page","type-page","status-publish","hentry","comments-off"],"_links":{"self":[{"href":"https:\/\/ucakkargo.org\/kargo\/wp-json\/wp\/v2\/pages\/1617","targetHints":{"allow":["GET"]}}],"collection":[{"href":"https:\/\/ucakkargo.org\/kargo\/wp-json\/wp\/v2\/pages"}],"about":[{"href":"https:\/\/ucakkargo.org\/kargo\/wp-json\/wp\/v2\/types\/page"}],"author":[{"embeddable":true,"href":"https:\/\/ucakkargo.org\/kargo\/wp-json\/wp\/v2\/users\/2"}],"replies":[{"embeddable":true,"href":"https:\/\/ucakkargo.org\/kargo\/wp-json\/wp\/v2\/comments?post=1617"}],"version-history":[{"count":0,"href":"https:\/\/ucakkargo.org\/kargo\/wp-json\/wp\/v2\/pages\/1617\/revisions"}],"wp:attachment":[{"href":"https:\/\/ucakkargo.org\/kargo\/wp-json\/wp\/v2\/media?parent=1617"}],"curies":[{"name":"wp","href":"https:\/\/api.w.org\/{rel}","templated":true}]}}