{"id":1635,"date":"2019-01-16T19:51:29","date_gmt":"2019-01-16T19:51:29","guid":{"rendered":"http:\/\/www.ucakkargo.net\/?page_id=1635"},"modified":"2019-01-16T19:51:29","modified_gmt":"2019-01-16T19:51:29","slug":"tanzanya-yurt-disi-kargo","status":"publish","type":"page","link":"https:\/\/ucakkargo.org\/kargo\/tanzanya-yurt-disi-kargo\/","title":{"rendered":"Tanzanya Yurt D\u0131\u015f\u0131 Kargo"},"content":{"rendered":"\n<h3 class=\"wp-block-heading\">Tanzanya Yurt D\u0131\u015f\u0131 Kargo<\/h3>\n\n\n\n<p>Do\u011fu Afrika\u2019n\u0131n ba\u011f\u0131ms\u0131z \u00fclkelerinden biri olan Tanzanya yurt d\u0131\u015f\u0131 kargo g\u00f6nderimi i\u00e7in firmam\u0131z ile telefon arac\u0131l\u0131\u011f\u0131 ile ya da web sitemizdeki ileti\u015fim formu ile ileti\u015fime ge\u00e7ebilirsiniz. \u0130ster T\u00fcrkiye\u2019den Tanzanya\u2019ya ister Tanzanya\u2019dan T\u00fcrkiye\u2019ye her t\u00fcrl\u00fc materyalinizin g\u00f6nderilmesini sa\u011flayabilirsiniz. T\u00fcm yasal s\u00fcre\u00e7ler, kap\u0131dan kap\u0131ya teslimat ve di\u011fer ek hizmetler uzman kadromuz taraf\u0131ndan h\u0131zla sa\u011flanabilmektedir.<\/p>\n\n\n\n<figure class=\"wp-block-image\"><img decoding=\"async\" src=\"https:\/\/cdn.islamansiklopedisi.org.tr\/madde\/39\/tanzanya-2.jpg\" alt=\"Yurt D\u0131\u015f\u0131 Kargo\" \/><\/figure>\n\n\n\n<h3 class=\"wp-block-heading\">Tanzanya Hava Kargo<\/h3>\n\n\n\n<p>Tanzanya\u2019dan \u00fclkemize ya da \u00fclkemizden Tanzanya\u2019ya g\u00f6nderilen t\u00fcm \u00fcr\u00fcnleriniz kap\u0131dan teslim al\u0131narak son teknoloji paketleme \u2013 kolileme hizmetine tabi tutulduktan sonra Tanzanya U\u00e7ak Kargosuna y\u00fckleme i\u015flemleri yap\u0131l\u0131r. Kargonuz ile ilgili olarak yap\u0131lan t\u00fcm i\u015flemleri ve kargo durumunuzun ne oldu\u011fu \u2013 nerede oldu\u011funa dair t\u00fcm bilgileri anl\u0131k olarak size verece\u011fimiz Tanzanya Kargo Takip Sisteminden takip edebilirsiniz.<\/p>\n\n\n\n<h3 class=\"wp-block-heading\">Tanzanya Yurt D\u0131\u015f\u0131 Kargo<\/h3>\n\n\n\n<p>T\u00fcrki Ticaret Kanunu ve Tanzanya G\u00fcmr\u00fck Kanunlar\u0131 baz al\u0131narak kontrol edilen \u00fcr\u00fcnlerinizin t\u00fcm vergi i\u015flemleri, g\u00fcmr\u00fck vergisi dahi g\u00fcmr\u00fck giri\u015f \u2013 \u00e7\u0131k\u0131\u015flar\u0131 firmam\u0131z\u0131n deneyimli personelleri taraf\u0131ndan yap\u0131lmaktad\u0131r. Size kalan tek \u015fey kargo g\u00f6nderilerinizin ne a\u015famada \u2013 durumda oldu\u011funu oturdu\u011funuz yerden takip etmektedir. \u0130ster ithalat isterseniz de ihracat yapan bir kurumsal firma olun ya da bireysel olarak materyaller g\u00f6nderip \u2013 alan biri olun t\u00fcm kargo ta\u015f\u0131mac\u0131l\u0131\u011f\u0131 hizmetleriniz taraf\u0131m\u0131zca takip edilmekte ve i\u015flenmektedir.<\/p>\n\n\n\n<h3 class=\"wp-block-heading\">Tanzanya Kargo Fiyatlar\u0131<\/h3>\n\n\n\n<p>Tanzanya\u2019dan \u00fclkemize ya da \u00fclkemizden Tanzanya \u00fclkesine mal al\u0131\u015f veri\u015fi yapmadan \u00f6nce kesin olarak ne kadar maliyet tutaca\u011f\u0131n\u0131 firmam\u0131z\u0131n 7\/24 hizmete a\u00e7\u0131k olan telefonundan \u00f6\u011frenebilirsiniz. Dilerseniz bu bilgileri internet sitemizdeki web form arac\u0131l\u0131\u011f\u0131 ile de g\u00f6nderebilirsiniz. Bunun i\u00e7in a\u015fa\u011f\u0131daki bilgileri bizlere iletmeniz yeterli olacakt\u0131r.<\/p>\n\n\n\n<ul class=\"wp-block-list\">\n<li>Al\u0131c\u0131 ve g\u00f6nderici adresi<\/li>\n<li>\u00dcr\u00fcn tipi \u2013 t\u00fcr\u00fc ( kat\u0131 \u2013 s\u0131v\u0131 \u2013 gaz )<\/li>\n<li>\u00dcr\u00fcn adeti, \u00f6l\u00e7\u00fcleri ve a\u011f\u0131rl\u0131\u011f\u0131<\/li>\n<\/ul>\n\n\n\n<p>Yukar\u0131da gerekli olan bilgileri bizlere ilettikten sonra sorulmas\u0131 gereken tek bir soru kalmaktad\u0131r;<\/p>\n\n\n\n<p>Tanzanya Kargonuzu ekonomik hava kargo ile mi yoksa Tanzanya Express U\u00e7ak Kargo ile mi yollamak istersiniz? Bu iki ta\u015f\u0131mac\u0131l\u0131k y\u00f6ntemi aras\u0131ndaki en belirgin fark teslimat s\u00fcresidir. Express kargoda acele \u2013 acil niteli\u011finde yer alan \u00fcr\u00fcnleriniz ortalama 3 g\u00fcnde gelip \u2013 giderken Ekonomik Tanzanya U\u00e7ak Kargo se\u00e7ene\u011finde bu s\u00fcre 7 \u2013 8 g\u00fcne ula\u015fmaktad\u0131r. H\u0131z \u2013 zaman biriminden kaynaklanan ek maliyetler gerektirmektedir.<\/p>\n\n\n\n<p class=\"has-text-color\" style=\"color: #ffffff;\"><strong>Nas\u0131l Kargo G\u00f6nderilir<\/strong><br \/>7\/24 <strong>destek <\/strong>alabilirsiniz.<\/p>\n","protected":false},"excerpt":{"rendered":"<p>Tanzanya Yurt D\u0131\u015f\u0131 Kargo Do\u011fu Afrika\u2019n\u0131n ba\u011f\u0131ms\u0131z \u00fclkelerinden biri olan Tanzanya yurt d\u0131\u015f\u0131 kargo g\u00f6nderimi i\u00e7in firmam\u0131z ile telefon arac\u0131l\u0131\u011f\u0131<\/p>\n","protected":false},"author":2,"featured_media":0,"parent":0,"menu_order":0,"comment_status":"closed","ping_status":"closed","template":"","meta":{"footnotes":""},"class_list":["post-1635","page","type-page","status-publish","hentry","comments-off"],"_links":{"self":[{"href":"https:\/\/ucakkargo.org\/kargo\/wp-json\/wp\/v2\/pages\/1635","targetHints":{"allow":["GET"]}}],"collection":[{"href":"https:\/\/ucakkargo.org\/kargo\/wp-json\/wp\/v2\/pages"}],"about":[{"href":"https:\/\/ucakkargo.org\/kargo\/wp-json\/wp\/v2\/types\/page"}],"author":[{"embeddable":true,"href":"https:\/\/ucakkargo.org\/kargo\/wp-json\/wp\/v2\/users\/2"}],"replies":[{"embeddable":true,"href":"https:\/\/ucakkargo.org\/kargo\/wp-json\/wp\/v2\/comments?post=1635"}],"version-history":[{"count":0,"href":"https:\/\/ucakkargo.org\/kargo\/wp-json\/wp\/v2\/pages\/1635\/revisions"}],"wp:attachment":[{"href":"https:\/\/ucakkargo.org\/kargo\/wp-json\/wp\/v2\/media?parent=1635"}],"curies":[{"name":"wp","href":"https:\/\/api.w.org\/{rel}","templated":true}]}}