{"id":1648,"date":"2019-01-16T19:51:29","date_gmt":"2019-01-16T19:51:29","guid":{"rendered":"http:\/\/www.ucakkargo.net\/?page_id=1648"},"modified":"2019-01-16T19:51:29","modified_gmt":"2019-01-16T19:51:29","slug":"thy-kargo","status":"publish","type":"page","link":"https:\/\/ucakkargo.org\/kargo\/thy-kargo\/","title":{"rendered":"THY Kargo"},"content":{"rendered":"\n<h3 class=\"wp-block-heading\"><strong>THY Kargo<\/strong><\/h3>\n\n\n\n<p>Bir mal\u0131n, \u00fcr\u00fcn\u00fcn ya da paketin bir \u00fclkeden ba\u015fka bir \u00fclkeye h\u0131zl\u0131 ve g\u00fcvenli bir \u015fekilde ula\u015ft\u0131r\u0131lmas\u0131 ancak u\u00e7ak kargo ya da hava yolu karg\u0131 hizmetleri ile m\u00fcmk\u00fcnd\u00fcr. <strong>THY Kargo<\/strong> olarak \u00fclkeler ya da uluslararas\u0131 g\u00f6nderece\u011finiz her t\u00fcrl\u00fc kargolar\u0131n\u0131z g\u00fcvenli ve h\u0131zl\u0131 bir \u015fekilde adreslerine ula\u015ft\u0131r\u0131lmaktad\u0131r.<\/p>\n\n\n\n<p>G\u00fcn\u00fcm\u00fczde \u00fclkemizde yurt d\u0131\u015f\u0131na ger\u00e7ekle\u015fen kargo hizmetlerinin b\u00fcy\u00fck bir b\u00f6l\u00fcm\u00fc <strong>Thy havayolu kargo <\/strong>\u00a0\u00a0ile yap\u0131lmaktad\u0131r. <strong>U\u00e7ak kargo<\/strong> ile ta\u015f\u0131nan kargolar \u00e7o\u011funlukla, makine par\u00e7a ve aksesuarlar\u0131, araba par\u00e7a ve aksesuarlar\u0131 y\u00fcksek s\u0131cakl\u0131\u011f\u0131 hassasiyeti olan \u00fcr\u00fcnler ve g\u0131dalar, yeni teknoloji ile \u00fcretilen elektronik cihazlar ve madde de\u011feri y\u00fcksek olan \u00fcr\u00fcn ve mallar havayolu ta\u015f\u0131mac\u0131l\u0131\u011f\u0131 ile adreslerine ula\u015ft\u0131r\u0131lmaktad\u0131r.<\/p>\n\n\n\n<figure class=\"wp-block-image\"><img decoding=\"async\" class=\"wp-image-3688\" src=\"https:\/\/yurtdisihavakargo.com\/wp-content\/uploads\/2019\/03\/express-kargo.jpg\" alt=\"Thy Kargo\" \/><\/figure>\n\n\n\n<h3 class=\"wp-block-heading\"><strong>\u00a0THY Kargo Hizmetleri <\/strong><\/h3>\n\n\n\n<p>Havayolu ta\u015f\u0131mac\u0131l\u0131\u011f\u0131 denildi\u011finde kurumsal bir kimli\u011fe sahip olan <strong>Kargo <\/strong>firmam\u0131z. <strong>U\u00e7ak kargo<\/strong> hizmetlerinde meydana gelen t\u00fcm geli\u015fmeleri ve de\u011fi\u015fmelerin takibini yak\u0131ndan yap\u0131yor ve sekt\u00f6r\u00fcn kazand\u0131rd\u0131\u011f\u0131 bilgi ve deneyim sayesinde hizmetlerini s\u00fcrekli g\u00fcncellemektedir.\u00dclkeler aras\u0131 uluslararas\u0131 gibi uzun mesafelerin paket ta\u015f\u0131mac\u0131l\u0131\u011f\u0131nda tercih edilen u\u00e7ak kargo ya da havayolu kargo hizmetlerinin kazand\u0131rd\u0131\u011f\u0131 en b\u00fcy\u00fck avantaj \u00fcr\u00fcn\u00fc ya da paketin\u00a0 adrese istenilen zamanda suratl\u0131 teslimat yap\u0131lmas\u0131d\u0131r. Proje ta\u015f\u0131mac\u0131l\u0131\u011f\u0131, ihracat ta\u015f\u0131mac\u0131l\u0131\u011f\u0131, ithalat ta\u015f\u0131mac\u0131l\u0131\u011f\u0131, evrak ve belge ta\u015f\u0131mac\u0131l\u0131\u011f\u0131, koli ta\u015f\u0131mac\u0131l\u0131\u011f\u0131 <strong>kargo <\/strong>ta\u015f\u0131mac\u0131l\u0131\u011f\u0131 firmam\u0131z\u0131n ba\u015fl\u0131ca hizmetlerinden biridir<\/p>\n\n\n\n<h3 class=\"wp-block-heading\"><strong>Kargonun\u00a0 kargo Hizmetlerinde Neden \u00d6nemlidir <\/strong><\/h3>\n\n\n\n<p>Kargo hizmetlerinde g\u00fcven ve h\u0131z \u00e7ok \u00f6nemlidir. Bunlar\u0131n yan\u0131nda parasal a\u00e7\u0131dan<strong> En Ucuz U\u00e7ak Kargo<\/strong> olmas\u0131 gerekmektedir.<strong>Yurt\u0130\u00e7i U\u00e7ak Kargo <\/strong>sekt\u00f6r\u00fcnde h\u0131zl\u0131 ve g\u00fcvenli hizmetler sunan kargo firmam\u0131z, m\u00fc\u015fteri memnuniyeti i\u00e7in uygun fiyat portf\u00f6y\u00fc ile kargo hizmeti sunmaktad\u0131r. Gerek yurt i\u00e7i gerekse de yurtd\u0131\u015f\u0131 her t\u00fcrl\u00fc kargo g\u00f6nderileriniz i\u00e7in haftan\u0131n her g\u00fcn\u00fc <strong>7\/24 <\/strong>saat boyunca<strong> kargo<\/strong> hizmeti sunuyoruz. ister fatura, ister belge ya da her t\u00fcrl\u00fc evrak ister yak\u0131nlar\u0131n\u0131za \u00f6zel bir hediye ister koli ya da g\u0131da paketi\u00a0 hi\u00e7 fark etmez. <strong>Kargo<\/strong> hizmetlerimizile her t\u00fcrl\u00fc g\u00f6nderimleriniz h\u0131zl\u0131 g\u00fcvenli ve ekonomik ko\u015fullarda s\u00f6z verdi\u011finiz tarihte yeni adresinde olacakt\u0131r. Gerek seyahat gerekse de t\u00fcm g\u00f6nderimleriniz i\u00e7in d\u00fcnya genelinde g\u00fcvenli. Kaliteli ve ba\u015far\u0131l\u0131 hizmetleri ile sekt\u00f6r\u00fcnde lider konumda olan firmam\u0131z, sadece bir telefon uzakl\u0131\u011f\u0131n\u0131zdad\u0131r. <strong>\u0130stanbul U\u00e7ak Kargo<\/strong> olarak hizmetinizdeyiz<\/p>\n\n\n\n<p class=\"has-text-color\" style=\"color: #ffffff;\"><strong>Nas\u0131l Kargo G\u00f6nderilir<\/strong><br \/>7\/24 <strong>destek <\/strong>alabilirsiniz.<\/p>\n","protected":false},"excerpt":{"rendered":"<p>THY Kargo Bir mal\u0131n, \u00fcr\u00fcn\u00fcn ya da paketin bir \u00fclkeden ba\u015fka bir \u00fclkeye h\u0131zl\u0131 ve g\u00fcvenli bir \u015fekilde ula\u015ft\u0131r\u0131lmas\u0131 ancak<\/p>\n","protected":false},"author":2,"featured_media":0,"parent":0,"menu_order":0,"comment_status":"closed","ping_status":"closed","template":"","meta":{"footnotes":""},"class_list":["post-1648","page","type-page","status-publish","hentry","comments-off"],"_links":{"self":[{"href":"https:\/\/ucakkargo.org\/kargo\/wp-json\/wp\/v2\/pages\/1648","targetHints":{"allow":["GET"]}}],"collection":[{"href":"https:\/\/ucakkargo.org\/kargo\/wp-json\/wp\/v2\/pages"}],"about":[{"href":"https:\/\/ucakkargo.org\/kargo\/wp-json\/wp\/v2\/types\/page"}],"author":[{"embeddable":true,"href":"https:\/\/ucakkargo.org\/kargo\/wp-json\/wp\/v2\/users\/2"}],"replies":[{"embeddable":true,"href":"https:\/\/ucakkargo.org\/kargo\/wp-json\/wp\/v2\/comments?post=1648"}],"version-history":[{"count":0,"href":"https:\/\/ucakkargo.org\/kargo\/wp-json\/wp\/v2\/pages\/1648\/revisions"}],"wp:attachment":[{"href":"https:\/\/ucakkargo.org\/kargo\/wp-json\/wp\/v2\/media?parent=1648"}],"curies":[{"name":"wp","href":"https:\/\/api.w.org\/{rel}","templated":true}]}}