{"id":1652,"date":"2019-01-16T19:51:29","date_gmt":"2019-01-16T19:51:29","guid":{"rendered":"http:\/\/www.ucakkargo.net\/?page_id=1652"},"modified":"2019-01-16T19:51:29","modified_gmt":"2019-01-16T19:51:29","slug":"thy-yurt-ici-kargo","status":"publish","type":"page","link":"https:\/\/ucakkargo.org\/kargo\/thy-yurt-ici-kargo\/","title":{"rendered":"THY Yurt \u0130\u00e7i Kargo"},"content":{"rendered":"\n<h3 class=\"wp-block-heading\"><strong>THY Yurt \u0130\u00e7i Kargo <\/strong><\/h3>\n\n\n\n<p>\u00dclkemizde ve d\u00fcnyada en h\u0131zl\u0131 u\u00e7ak kargo hizmeti almak istiyorsan\u0131z, firmam\u0131z\u0131n size sundu\u011fu THY kargo hizmetini alabilirsiniz. Kargo firmalar\u0131 art\u0131k h\u0131zl\u0131 ve g\u00fcvenli kargo hizmeti sunabilmek ad\u0131na T\u00fcrk hava yollar\u0131 ile anla\u015fma yaparak h\u0131zl\u0131 ve acil kargolar\u0131 THY kargo se\u00e7enekleri ile al\u0131c\u0131s\u0131na ula\u015fmaktad\u0131r. Firmam\u0131z b\u00fcnyesinde de hem <strong>THY yurt i\u00e7i kargo<\/strong> ve THY yurt d\u0131\u015f\u0131 kargo hizmet se\u00e7eneklerimevcuttur. \u00dclkemizde ya da d\u00fcnyada hangi noktada olursan\u0131z olun, acil g\u00f6nderimleriniz havayollar\u0131ndan iki tarifeli u\u00e7ak kargo ile al\u0131c\u0131s\u0131na sevk edilir. THY kargo ile g\u00f6nderileriniz u\u00e7a\u011f\u0131n ini\u015finden minimum bir saat gibi bir zaman diliminde al\u0131c\u0131s\u0131na teslimat\u0131 ger\u00e7ekle\u015fmektedir.<\/p>\n\n\n\n<figure class=\"wp-block-image is-resized\"><img loading=\"lazy\" decoding=\"async\" class=\"wp-image-3457\" src=\"https:\/\/yurtdisihavakargo.com\/wp-content\/uploads\/2019\/02\/u\u00e7ak-kargo-yurtd\u0131\u015f\u0131-kargo.jpg\" alt=\"Thy Yurt \u0130\u00e7i Kargo\" width=\"524\" height=\"306\" \/><\/figure>\n\n\n\n<h3 class=\"wp-block-heading\"><strong> THY \u00a0Yurt \u0130\u00e7i\u00a0 Kargo G\u00f6nderimi Nas\u0131l Yap\u0131l\u0131r?<\/strong><\/h3>\n\n\n\n<p>Kurumsal bir firmaysan\u0131z ya da online sat\u0131\u015f yapan bir E-ticaret sitesiniz varda s\u00fcrekli kargo sekt\u00f6r\u00fc ile \u00e7al\u0131\u015fmak zorunda kal\u0131yorsan\u0131z firmam\u0131za gelerek <strong>THY yurti\u00e7i kargo<\/strong> anla\u015fmas\u0131 yap\u0131p kaliteli h\u0131zl\u0131 kargo se\u00e7eneklerimizden yararlanabilirsiniz. T\u00fcrk hava yollar\u0131 u\u00e7ak kargo g\u00f6nderimi ile ilgili anla\u015fmas\u0131 olan firmam\u0131z THY yurti\u00e7i kargo g\u00f6nderimlerinizi, g\u00f6ndermek istedi\u011finiz adresten al\u0131yor ve iste\u011finize g\u00f6re paketlemesini yapt\u0131ktan sonra g\u00f6nderimine sunuyoruz. Kargoyu teslim alacak al\u0131c\u0131 ister bulundu\u011fu b\u00f6lgenin havaalan\u0131na gelerek kargoyu kendisi al\u0131r, isterse de\u00a0 kargo ekibimiz\u00a0 o b\u00f6lgedeki kargo \u015fubelerimizdeki kargo ekibi karayolu kargo ta\u015f\u0131ma ile kap\u0131da teslim hizmet ile \u00a0adrese teslim etmektedir. Bu se\u00e7im tamamen\u00a0 sizin ya da al\u0131c\u0131n\u0131n tercihine kalm\u0131\u015f bir se\u00e7im olmaktad\u0131r. Ancak THY yurti\u00e7i kargo g\u00f6nderimlerinde yurti\u00e7inde u\u00e7ak kargo seferli seferleri olmad\u0131\u011f\u0131ndan dolay\u0131 kargolar\u0131n teslimat\u0131 tarifeli yolcu u\u00e7a\u011f\u0131 seferleri ile ger\u00e7ekle\u015ftirilmektedir.<\/p>\n\n\n\n<h3 class=\"wp-block-heading\"><strong>\u00a0THY Yurti\u00e7i Kargo\u00a0 Teslimat\u0131 \u0130\u00e7in\u00a0 Evrak ya da Belge Gerekiyor\u00a0 Mu?<\/strong><\/h3>\n\n\n\n<p><strong>\u00a0THYyurti\u00e7i kargo <\/strong>teslimat\u0131 i\u00e7in gerekli evraklar bildi\u011fimiz ki\u015fisel bilgilerin yer T.C. kimlik kart\u0131, pasaport ya da ehliyet gibi belgeleri kargo g\u00f6revlisine g\u00f6stermesi ve kargoyu ald\u0131\u011f\u0131na dair imza atmas\u0131 gerekmektedir. E\u011fer kargo\u00a0 bir kurum ya da firma ad\u0131na gelmi\u015f ise kargoyu teslim alacak ki\u015finin de o firmaya ba\u011fl\u0131 bir \u00e7al\u0131\u015fan \u00a0biri oldu\u011funu\u00a0 ve firma sahibi taraf\u0131ndan kargo al\u0131m\u0131na\u00a0 yetkilendirildi\u011fini ifade eden yaz\u0131l\u0131 k\u00e2\u011f\u0131t g\u00f6stermesi yeterli olmaktad\u0131r.<\/p>\n\n\n\n<p class=\"has-text-color\" style=\"color: #ffffff;\"><strong>Nas\u0131l Kargo G\u00f6nderilir<\/strong><br \/>7\/24 <strong>destek <\/strong>alabilirsiniz.<\/p>\n","protected":false},"excerpt":{"rendered":"<p>THY Yurt \u0130\u00e7i Kargo \u00dclkemizde ve d\u00fcnyada en h\u0131zl\u0131 u\u00e7ak kargo hizmeti almak istiyorsan\u0131z, firmam\u0131z\u0131n size sundu\u011fu THY kargo hizmetini<\/p>\n","protected":false},"author":2,"featured_media":0,"parent":0,"menu_order":0,"comment_status":"closed","ping_status":"closed","template":"","meta":{"footnotes":""},"class_list":["post-1652","page","type-page","status-publish","hentry","comments-off"],"_links":{"self":[{"href":"https:\/\/ucakkargo.org\/kargo\/wp-json\/wp\/v2\/pages\/1652","targetHints":{"allow":["GET"]}}],"collection":[{"href":"https:\/\/ucakkargo.org\/kargo\/wp-json\/wp\/v2\/pages"}],"about":[{"href":"https:\/\/ucakkargo.org\/kargo\/wp-json\/wp\/v2\/types\/page"}],"author":[{"embeddable":true,"href":"https:\/\/ucakkargo.org\/kargo\/wp-json\/wp\/v2\/users\/2"}],"replies":[{"embeddable":true,"href":"https:\/\/ucakkargo.org\/kargo\/wp-json\/wp\/v2\/comments?post=1652"}],"version-history":[{"count":0,"href":"https:\/\/ucakkargo.org\/kargo\/wp-json\/wp\/v2\/pages\/1652\/revisions"}],"wp:attachment":[{"href":"https:\/\/ucakkargo.org\/kargo\/wp-json\/wp\/v2\/media?parent=1652"}],"curies":[{"name":"wp","href":"https:\/\/api.w.org\/{rel}","templated":true}]}}