{"id":1668,"date":"2019-01-13T17:44:47","date_gmt":"2019-01-13T17:44:47","guid":{"rendered":"http:\/\/www.ucakkargo.net\/?page_id=1668"},"modified":"2019-01-13T17:44:47","modified_gmt":"2019-01-13T17:44:47","slug":"ucak-kargo-4","status":"publish","type":"page","link":"https:\/\/ucakkargo.org\/kargo\/ucak-kargo-4\/","title":{"rendered":"U\u00e7ak Kargo"},"content":{"rendered":"\n<figure class=\"wp-block-image\"><img decoding=\"async\" class=\"wp-image-2991\" src=\"https:\/\/yurtdisihavakargo.com\/wp-content\/uploads\/2019\/02\/u\u00e7ak-kargo.jpg\" alt=\"U\u00e7ak Kargo\" \/><\/figure>\n\n\n\n<h3 class=\"wp-block-heading\"><strong>U\u00e7ak Kargo<\/strong><\/h3>\n\n\n\n<p><span style=\"vertical-align: inherit;\"><span style=\"vertical-align: inherit;\">Hava Kargo hizmetimizi kullanmak isteyen t\u00fcm bireysel ve kurumsal m\u00fc\u015fterilerimiz i\u00e7in geli\u015ftirdi\u011fimiz Yurt D\u0131\u015f\u0131 U\u00e7ak Kargo paketimiz oldu\u011fu gibi Yurt i\u00e7i U\u00e7ak Kargo hizmetimiz de vard\u0131r. Y\u0131llar\u0131n kazand\u0131rd\u0131\u011f\u0131 \u00e7al\u0131\u015fmalar ile deneyimini artt\u0131ran ekibimiz g\u00f6nderim yapabilece\u011finiz \u00fcr\u00fcnleriniz hakk\u0131nda bilgi sahibidir. Mevcut yasalar\u0131n g\u00fcncelli\u011fini s\u00fcrekli takipte tutan firmam\u0131z ile t\u00fcm g\u00f6nderilerinizin h\u0131zl\u0131 ve g\u00fcvenli olarak teslimat\u0131n\u0131 yapabilmekteyiz. <\/span><\/span><\/p>\n\n\n\n<h3 class=\"wp-block-heading\"><strong>Yurt \u0130\u00e7i U\u00e7ak Kargo Ta\u015f\u0131mac\u0131l\u0131\u011f\u0131<\/strong><\/h3>\n\n\n\n<p><span style=\"vertical-align: inherit;\"><span style=\"vertical-align: inherit;\">Kargo t\u00fcr\u00fcn\u00fcz ister bir evraktan olu\u015fsun isterse tonlarla ifade edilebilen bir makineden.. Hi\u00e7 fark etmeksizin yurt i\u00e7inde belirtti\u011finiz bir adresin kap\u0131s\u0131na dek ula\u015f\u0131m hizmeti sunabiliriz. T\u00fcrk Ticaret Kanununa uygun her t\u00fcrl\u00fc materyalin ta\u015f\u0131mac\u0131l\u0131\u011f\u0131n\u0131 yapan firmam\u0131z hem T\u00fcrk Hava Yollar\u0131 hem de alternatif hava yollar\u0131 firmalar\u0131n\u0131 kullanarak ta\u015f\u0131mac\u0131l\u0131k hizmeti verebilmektedir. G\u00f6nderilerinizin aciliyeti var ise sadece 24 saat i\u00e7erisinde kap\u0131n\u0131zdan alarak diledi\u011finiz yurt i\u00e7i adresine ula\u015ft\u0131r\u0131lmas\u0131n\u0131 sa\u011fl\u0131yoruz. <\/span><\/span><\/p>\n\n\n\n<h3 class=\"wp-block-heading\"><strong>Yurt D\u0131\u015f\u0131 U\u00e7ak Kargo Ta\u015f\u0131mac\u0131l\u0131\u011f\u0131<\/strong><\/h3>\n\n\n\n<p><span style=\"vertical-align: inherit;\"><span style=\"vertical-align: inherit;\">T\u00fcrkiye\u2019den belirtti\u011finiz bir \u00fclkeye ya da diledi\u011finiz \u00fclkeden T\u00fcrkiye\u2019ye gelmesini istedi\u011finiz t\u00fcm kargolar\u0131n\u0131z\u0131n ta\u015f\u0131mac\u0131l\u0131\u011f\u0131n\u0131 yap\u0131yoruz. \u0130hracat ya da \u0130thalat\u00e7\u0131 firma olarak ta\u015f\u0131ma hizmeti isteyebilir ya da bireysel bir m\u00fc\u015fteri olarak yurt d\u0131\u015f\u0131 u\u00e7ak ta\u015f\u0131mac\u0131l\u0131\u011f\u0131m\u0131z\u0131 se\u00e7ebilirsiniz. Hava yolu kullan\u0131larak g\u00f6nderilen \u2013 al\u0131nabilen \u00fcr\u00fcnleriniz bir evrak olabilece\u011fi gibi a\u011f\u0131r tonajl\u0131 bir makine ya da yedek par\u00e7as\u0131 olabilir. Hatta ila\u00e7 \u2013 g\u0131da \u2013 kimyasal \u00fcr\u00fcnler dahi olabilir. <\/span><\/span><\/p>\n\n\n\n<h3 class=\"wp-block-heading\"><strong>U\u00e7ak Kargo Fiyatlar\u0131<\/strong><\/h3>\n\n\n\n<figure class=\"wp-block-image\"><img decoding=\"async\" class=\"wp-image-3014\" src=\"https:\/\/yurtdisihavakargo.com\/wp-content\/uploads\/2019\/02\/U\u00e7ak-Kargo-Fiyatlar\u0131.jpg\" alt=\"U\u00e7ak Kargo Fiyatlar\u0131\" \/><\/figure>\n\n\n\n<p>Sizin b\u00fct\u00e7enize en uygun fiyat tekliflerini verebilmemiz i\u00e7in bizi arayarak a\u015fa\u011f\u0131daki bilgileri iletmeniz yeterlidir;<\/p>\n\n\n\n<ul class=\"wp-block-list\">\n<li>Al\u0131c\u0131 ve g\u00f6nderici adresleri<\/li>\n<li>G\u00f6nderi t\u00fcr\u00fc ve i\u00e7eri\u011fi<\/li>\n<li>G\u00f6nderi \u00f6l\u00e7\u00fcleri ve a\u011f\u0131rl\u0131klar\u0131<\/li>\n<\/ul>\n\n\n\n<p>Yukar\u0131da belirtilen bilgiler taraf\u0131m\u0131za ula\u015f\u0131r ula\u015fmaz a\u015fa\u011f\u0131dakileri yap\u0131yoruz;<\/p>\n\n\n\n<ul class=\"wp-block-list\">\n<li>G\u00f6nderim ya da almak istedi\u011finiz bir \u00fclke ise o \u00fclkenin mevcut g\u00fcmr\u00fck yasalar\u0131n\u0131 inceliyoruz. Merak etmeyin bu i\u015flem uzun s\u00fcrm\u00fcyor \u00e7\u00fcnk\u00fc ekibimiz olduk\u00e7a deneyimlidir ve mevcut t\u00fcm kargo yasalar\u0131n\u0131 bilmektedir. Bu sadece g\u00fcncel bir yasa de\u011fi\u015fikli\u011fi olup olmamas\u0131na y\u00f6nelik bir kontrol s\u00fcrecidir.<\/li>\n<li><strong>T\u00fcrk Hava Yollar\u0131<\/strong> ve di\u011fer t\u00fcm hava kargo ta\u015f\u0131mac\u0131l\u0131\u011f\u0131 yapabilen firmalar\u0131 ve u\u00e7u\u015f saatlerini inceliyoruz.<\/li>\n<li>Her bir firman\u0131n hizmet bedellerini ve fiyat tarifelerini listeliyoruz.<\/li>\n<li>Son a\u015famada ise sizlere bir analiz raporu haz\u0131rlayarak birden fazla fiyat teklifi i\u00e7eren detayl\u0131 bir belge ula\u015ft\u0131r\u0131yoruz. Bu belgeyi mailinize de g\u00f6nderebiliriz, faks da \u00e7ekebiliriz.<\/li>\n<li>\u00a0<\/li>\n<\/ul>\n\n\n\n<h3 class=\"wp-block-heading\"><strong>Yurt D\u0131\u015f\u0131 Kargo <\/strong><\/h3>\n\n\n\n<p>Yukar\u0131da belirtilen analiz raporu size ula\u015ft\u0131ktan sonra b\u00fct\u00e7enize uygun tarifeyi se\u00e7erek taraf\u0131m\u0131za d\u00f6nebilirsiniz. Bu d\u00f6n\u00fc\u015ften sonra hemen servis arac\u0131 \u00e7\u0131kartarak adresinize g\u00f6nderebiliriz. Dilerseniz kargonuzu siz getirirsiniz.<\/p>\n\n\n\n<p><span style=\"vertical-align: inherit;\"><span style=\"vertical-align: inherit;\">\u00dcr\u00fcn sat\u0131\u015f\u0131 ya da al\u0131m\u0131 yapmak isteyen bir firma olabilirsiniz. \u00dcr\u00fcn almak ya da satmak isteyen bireysel bir m\u00fc\u015fteri de olabilirsiniz. G\u00f6nderici kimli\u011fi hi\u00e7 fark etmeksizin t\u00fcm kargolar\u0131n\u0131z\u0131 belirtilen adresten alarak belirtilen adresin kap\u0131s\u0131na g\u00f6nderebiliriz. Bunun i\u00e7in a\u015fa\u011f\u0131da belirtilen hava kargo paketlerimizden birini se\u00e7ebilirsiniz;<\/span><\/span><\/p>\n\n\n\n<h3 class=\"wp-block-heading\"><strong>Express Hava Kargo Ta\u015f\u0131mac\u0131l\u0131\u011f\u0131<\/strong><\/h3>\n\n\n\n<p><span style=\"vertical-align: inherit;\"><span style=\"vertical-align: inherit;\">Bu kargo t\u00fcr\u00fc acil olarak g\u00f6ndermek ya da almak istedikleriniz i\u00e7in \u00e7ok uygundur. Kargo i\u00e7eri\u011finiz bir evraktan da olu\u015fabilir tonajlarla ifade edilebilen \u00e7ok a\u011f\u0131r bir te\u00e7hizat da olabilir. 24 Saat dolmadan acil olarak g\u00f6ndermek \u2013 almak istediklerinizi kap\u0131dan al\u0131r ve kap\u0131ya teslim ederiz.<\/span><\/span><\/p>\n\n\n\n<h3 class=\"wp-block-heading\"><strong>Express Hava Kargo Ta\u015f\u0131mac\u0131l\u0131\u011f\u0131<\/strong><\/h3>\n\n\n\n<p><span style=\"vertical-align: inherit;\"><span style=\"vertical-align: inherit;\">Bu kargo t\u00fcr\u00fc acil olarak g\u00f6ndermek ya da almak istedikleriniz i\u00e7in \u00e7ok uygundur. Kargo i\u00e7eri\u011finiz bir evraktan da olu\u015fabilir tonajlarla ifade edilebilen \u00e7ok a\u011f\u0131r bir te\u00e7hizat da olabilir. 24 Saat dolmadan acil olarak g\u00f6ndermek \u2013 almak istediklerinizi kap\u0131dan al\u0131r ve kap\u0131ya teslim ederiz.<\/span><\/span><\/p>\n\n\n\n<h3 class=\"wp-block-heading\"><strong>U\u00e7ak Kargo ile Neler G\u00f6nderebilirim?<\/strong><\/h3>\n\n\n\n<p>T\u00fcrk Ticaret Kanununa uygun her t\u00fcrl\u00fc materyali al\u0131p \u2013 g\u00f6nderebilirsiniz. E\u011fer g\u00f6ndermek ya da almak istedikleriniz yurt d\u0131\u015f\u0131 hizmeti gerektiriyorsa g\u00f6nderim ya da almak istedi\u011finiz \u00fclkenin g\u00fcmr\u00fck yasalar\u0131na da uymak zorundad\u0131r. Genel olarak a\u015fa\u011f\u0131daki t\u00fcrleri alabilir \u2013 g\u00f6nderebilirsiniz;<\/p>\n\n\n\n<ul class=\"wp-block-list\">\n<li>Evrak \u2013 belge, Tekstil \u00fcr\u00fcnleri<\/li>\n<li>Mobilya, hal\u0131, beyaz e\u015fya<\/li>\n<li>Besin takviyesi, g\u0131da takviyesi<\/li>\n<li>\u0130la\u00e7, cilt bak\u0131m \u00fcr\u00fcnleri, makyaj \u00fcr\u00fcnleri<\/li>\n<li>Elektrikli \u2013 elektronik t\u00fcm e\u015fyalar \u2013 te\u00e7hizatlar<\/li>\n<li>Makineler, yedek par\u00e7alar\u0131, aletler<\/li>\n<li><strong>U\u00e7ak Kargo<\/strong><\/li>\n<li>G\u00fcn\u00fcm\u00fczde bir yerden ba\u015fka bir yere bu ister \u015fehir i\u00e7i ister \u015fehir d\u0131\u015f\u0131 isterse yurt d\u0131\u015f\u0131 olsun kap\u0131dan kap\u0131ya teslimat her zaman \u00f6nem verilmesi gereken konulardan bir tanesi olarak s\u00fcrekli kar\u015f\u0131m\u0131za \u00e7\u0131kmaktad\u0131r. Gelen t\u00fcm g\u00f6nderileri \u00fclkemizde bulunan acentelerde kabul eden ve belli bir noktada topland\u0131ktan sonra yurt d\u0131\u015f\u0131na s\u00fcrekli seferler d\u00fczenleyen firmam\u0131z ile kap\u0131dan kap\u0131ya teslimat h\u0131zl\u0131 ve g\u00fcvenli hale getirilmi\u015ftir.<\/li>\n<li><strong>U\u00e7ak kargo<\/strong> firmam\u0131z \u00fclkemizde bulunan pek \u00e7ok kargo \u015firketi ile rekabet halinde de\u011fil her zaman kendi do\u011frusunu m\u00fc\u015fterisine yans\u0131tmaktad\u0131r. H\u0131zl\u0131 ve kaliteli hizmet vererek hem ihracat hem de ithalat yapan firmalar\u0131n \u00f6zel ihtiya\u00e7lar\u0131n\u0131 hava yolu ta\u015f\u0131mac\u0131l\u0131\u011f\u0131 ile sa\u011flayabilmektedir. Bu kapsamda uluslararas\u0131 ticarette s\u00fcrekli yeni kurulan acentelerle i\u015fbirli\u011fi halinde \u00e7al\u0131\u015fan firmam\u0131z teslim etti\u011finiz kargonuzun zaman\u0131nda ve istedi\u011finiz adrese ula\u015fmas\u0131n\u0131 sa\u011flayan deneyimli kadroyla yolumuza devam etmekteyiz.<\/li>\n<li>\u00a0<strong>H\u0131zl\u0131, G\u00fcvenli Bir Kargo Arayanlar \u0130\u00e7in Buraday\u0131z<\/strong><\/li>\n<li>Firmam\u0131z yapt\u0131\u011f\u0131 her i\u015fte sekt\u00f6rde \u00f6nc\u00fc niteli\u011fi ta\u015f\u0131maktad\u0131r. Her zaman hizmet kalitesini artt\u0131rmak \u00e7abas\u0131 i\u00e7inde olan firmam\u0131z, g\u00fcn\u00fcm\u00fczde ula\u015f\u0131m\u0131 g\u00fc\u00e7 olan \u00fclkelere bile zaman\u0131nda verdi\u011fi hizmetin hakl\u0131 gurunu ya\u015famaktad\u0131r. Yurt i\u00e7i ve yurt d\u0131\u015f\u0131 g\u00f6nderilerinizde fiyatland\u0131rma hakk\u0131nda ve ne kadar s\u00fcre i\u00e7erisinde teslim edilebilirli\u011fi konusunda bilgi alabilmeniz i\u00e7in destek ekibimiz 7\/ 24 hizmet vermektedir. Her neresi olursa olsun hava yolu <strong>u\u00e7ak kargo<\/strong> \u015firketimiz ile h\u0131zl\u0131, g\u00fcvenli ve zaman\u0131nda teslim i\u00e7in bizleri tercih edebilirsiniz.<\/li>\n<\/ul>\n\n\n\n<h3 class=\"wp-block-heading\"><strong>Yurt D\u0131\u015f\u0131 Kargo<\/strong><\/h3>\n\n\n\n<ul class=\"wp-block-list\">\n<li>Bilindi\u011fi \u00fczere <strong>u\u00e7ak kargo<\/strong> hizmeti veren firman\u0131n g\u00f6nderi yap\u0131lacak her \u00fclkenin g\u00fcmr\u00fck yasas\u0131 ve o \u00fclkenin yasalar\u0131 hakk\u0131nda bilgi sahibi olmas\u0131 aranmaktad\u0131r. Firmam\u0131z bu konuda g\u00f6sterdi\u011fi \u00fcst\u00fcn performans ve profesyonel hizmet vermesi ile beklentileri tam olarak kar\u015f\u0131lar niteliktedir. Bu kapsamda tercih edece\u011finiz firmam\u0131z, g\u00f6nderinin gidece\u011fi \u00fclkede ki acentelerle anla\u015fma sa\u011flayarak hem bireysel hem de kurumsal g\u00f6nderilerinizde ihtiya\u00e7lar\u0131n\u0131z\u0131 kar\u015f\u0131lamaktad\u0131r.<\/li>\n<li>Do\u011fru firma se\u00e7imi her zaman \u00f6nemlidir.\u00a0 Bu anlamda yapt\u0131\u011f\u0131m\u0131z her hizmet m\u00fc\u015fteri memnuniyetini ilke edinmekle ba\u015flar. Bizler acil g\u00f6nderi yapmak isteyen, b\u00fcy\u00fck par\u00e7a ta\u015f\u0131nmas\u0131n\u0131 isteyen ya da evrak ve dosya ta\u015f\u0131nmas\u0131n\u0131 isteyen her m\u00fc\u015fterimizin ihtiyac\u0131n\u0131 ola\u011fan\u00fcst\u00fc bir hal olmad\u0131k\u00e7a zaman\u0131nda adrese teslim ederek, g\u00fcvenilirli\u011fimizi kan\u0131tlamaya devam etmekteyiz.<\/li>\n<\/ul>\n\n\n\n<p>Her \u00e7e\u015fit kargo g\u00f6nderileriniz i\u00e7in bizimle ileti\u015fim kurabilir ya da kargo talep formu d\u00fczenleyebilirsiniz.<\/p>\n\n\n\n<p class=\"has-text-color\" style=\"color: #ffffff;\"><strong>Nas\u0131l Kargo G\u00f6nderilir<\/strong><br \/>7\/24 <strong>destek <\/strong>alabilirsiniz.<\/p>\n","protected":false},"excerpt":{"rendered":"<p>U\u00e7ak Kargo Hava Kargo hizmetimizi kullanmak isteyen t\u00fcm bireysel ve kurumsal m\u00fc\u015fterilerimiz i\u00e7in geli\u015ftirdi\u011fimiz Yurt D\u0131\u015f\u0131 U\u00e7ak Kargo paketimiz oldu\u011fu<\/p>\n","protected":false},"author":2,"featured_media":0,"parent":0,"menu_order":0,"comment_status":"closed","ping_status":"closed","template":"","meta":{"footnotes":""},"class_list":["post-1668","page","type-page","status-publish","hentry","comments-off"],"_links":{"self":[{"href":"https:\/\/ucakkargo.org\/kargo\/wp-json\/wp\/v2\/pages\/1668","targetHints":{"allow":["GET"]}}],"collection":[{"href":"https:\/\/ucakkargo.org\/kargo\/wp-json\/wp\/v2\/pages"}],"about":[{"href":"https:\/\/ucakkargo.org\/kargo\/wp-json\/wp\/v2\/types\/page"}],"author":[{"embeddable":true,"href":"https:\/\/ucakkargo.org\/kargo\/wp-json\/wp\/v2\/users\/2"}],"replies":[{"embeddable":true,"href":"https:\/\/ucakkargo.org\/kargo\/wp-json\/wp\/v2\/comments?post=1668"}],"version-history":[{"count":0,"href":"https:\/\/ucakkargo.org\/kargo\/wp-json\/wp\/v2\/pages\/1668\/revisions"}],"wp:attachment":[{"href":"https:\/\/ucakkargo.org\/kargo\/wp-json\/wp\/v2\/media?parent=1668"}],"curies":[{"name":"wp","href":"https:\/\/api.w.org\/{rel}","templated":true}]}}