{"id":1693,"date":"2019-01-16T19:51:30","date_gmt":"2019-01-16T19:51:30","guid":{"rendered":"http:\/\/www.ucakkargo.net\/?page_id=1693"},"modified":"2019-01-16T19:51:30","modified_gmt":"2019-01-16T19:51:30","slug":"vip-kargo","status":"publish","type":"page","link":"https:\/\/ucakkargo.org\/kargo\/vip-kargo\/","title":{"rendered":"Vip Kargo"},"content":{"rendered":"\n<h3 class=\"wp-block-heading\"><strong> Vip Kargo<\/strong><\/h3>\n\n\n\n<p><strong>Vip kargo<\/strong> \u00f6zel kargo hizmetidir. Yeti\u015ftirilmesi acil \u00f6zel dosya ya da \u00fcr\u00fcnlerin en ge\u00e7 24 saat i\u00e7inde\u00a0 adreslerine ula\u015ft\u0131rabilen bir kargo hizmetidir. Kargo sekt\u00f6r\u00fcnde h\u0131zl\u0131 teslimat yapt\u0131rmak isteyen m\u00fc\u015fterilerin en \u00e7ok tercih etti\u011fi V\u0130P kargo hizmetleri sayesinde \u00fcr\u00fcnlergidece\u011fi adresten iki saati i\u00e7inde al\u0131n\u0131p, ayn\u0131 g\u00fcn i\u00e7erisinde de al\u0131c\u0131s\u0131na teslim edilmektedir. Kargo sekt\u00f6r\u00fcnde kurumsal alt yap\u0131s\u0131 ile kargo hizmetleri veren firmam\u0131z b\u00fcnyesinde haftan\u0131n her g\u00fcn\u00fc yedi yirmi d\u00f6rt saat boyunca sizlere sunulan V\u0130P kargo hizmetleri ile uzun vadeli tasarruf projenizin ilk ad\u0131mlar\u0131n\u0131 atabilirsiniz.<\/p>\n\n\n\n<figure class=\"wp-block-image\"><img decoding=\"async\" class=\"wp-image-3688\" src=\"https:\/\/yurtdisihavakargo.com\/wp-content\/uploads\/2019\/03\/express-kargo.jpg\" alt=\"Vip Kargo\" \/><\/figure>\n\n\n\n<h3 class=\"wp-block-heading\"><strong>Kargo Hizmetlerinin Ayr\u0131cal\u0131\u011f\u0131ndan Nas\u0131l Faydalanabilirim<\/strong><\/h3>\n\n\n\n<p>Zaman\u0131n\u0131z\u0131n de\u011ferli oldu\u011funu bilen <strong>V\u0130P kargo <\/strong>ekibimiz yeti\u015ftirilmesi gereken acil kargo ve paketlerinizi h\u0131zl\u0131 teslimat anlay\u0131\u015f\u0131 ile24 saat i\u00e7inde adresine yeti\u015ftirmektedir. V\u0130P kargo hizmetlerimizden faydalanman\u0131z i\u00e7in belli kurallar bulunmaktad\u0131r. V\u0130P kargo kart\u0131na sahip m\u00fc\u015fteriler bu hizmetten diledi\u011fi zaman faydalanabilirler. Paket ya da \u00fcr\u00fcnlerinizin a\u011f\u0131rl\u0131\u011f\u0131na bakmaks\u0131z\u0131n300dm3at\u0131ndaki t\u00fcm \u00fcr\u00fcnleriniz VIP kargo hizmetlerimizi ile al\u0131c\u0131s\u0131na ula\u015ft\u0131r\u0131lmaktad\u0131r.<\/p>\n\n\n\n<h3 class=\"wp-block-heading\"><strong>Kargo\u00a0 Hizmetlerinde Dikkat Etmeniz Detaylar<\/strong><\/h3>\n\n\n\n<p>\u00d6zel kargo olarak da bilinen V\u0130P kargo hizmetlerimiz hassasiyet ve dikkat gerektiren kargo ve \u00fcr\u00fcnlerinizde kargonun fiziksel \u00f6zelli\u011fi \u00f6nem ta\u015f\u0131r. Kargonun rezervasyon takibi, ta\u015f\u0131nacak \u00fcr\u00fcn ve paketler i\u00e7in ortam \u0131s\u0131s\u0131 se\u00e7imi gibi detaylara da dikkat edilmelidir. Ta\u015f\u0131man\u0131n yap\u0131laca\u011f\u0131 ara\u00e7 se\u00e7imi ve \u015fartlar\u0131, e\u011fer g\u00f6nderece\u011fini hayvan ya da bitki gibi canl\u0131 varl\u0131klar i\u00e7in onlar\u0131n su ve besin ihtiyac\u0131, al\u0131c\u0131 ile yapaca\u011f\u0131m\u0131z g\u00f6r\u00fc\u015fmeler, kargonun teslimat\u0131 i\u00e7in tarih se\u00e7imi V\u0130P kargo hizmetlerinde dikkat etmeniz gereken en \u00f6nemli detaylard\u0131r.<\/p>\n\n\n\n<h3 class=\"wp-block-heading\"><strong>\u00a0VIP Kargo \u0130le Neler G\u00f6nderilir<\/strong><\/h3>\n\n\n\n<p>\u00a0Yeti\u015fmesi acil olan \u00fcr\u00fcn, belge ya da evrak, \u0131s\u0131ya hassasiyeti olan g\u0131dalar ve \u00fcr\u00fcnler, hayvan ve bitkiler VIP kargo hizmetlerini le al\u0131c\u0131s\u0131na en k\u0131sa zamanda ula\u015ft\u0131r\u0131lmaktad\u0131r. Kargo sekt\u00f6r\u00fcnde\u00a0 g\u00f6stermi\u015f oldu\u011fumu \u00fcst\u00fcn ba\u015far\u0131 sayesinde VIP kargo hizmetlerimizde profesyonel bir \u015fekilde ger\u00e7ekle\u015ftirilmektedir. Dinamik ver g\u00fc\u00e7l\u00fc alt yap\u0131s\u0131 sayesinde gerek yurti\u00e7i gerekse de yurtd\u0131\u015f\u0131 her t\u00fcrl\u00fc kargo hizmetlerimiz siz de\u011ferli m\u00fc\u015fterilerimizin istek ve taleplerine y\u00f6nelik ger\u00e7ekle\u015ftirilmektedir. V\u0130P kargo konusunda da olduk\u00e7a ba\u015far\u0131l\u0131 i\u015flere imza eden kargo \u015firketimiz, sekt\u00f6r\u00fcndeki, ba\u015far\u0131lar\u0131n\u0131 siz de\u011ferli m\u00fc\u015fterilerimizin g\u00f6stermi\u015f oldu\u011fu yo\u011fun ilgisi ve g\u00fcvenine bor\u00e7ludur.<\/p>\n\n\n\n<p class=\"has-text-color\" style=\"color: #ffffff;\"><strong>Nas\u0131l Kargo G\u00f6nderilir<\/strong><br \/>7\/24 <strong>destek <\/strong>alabilirsiniz.<\/p>\n","protected":false},"excerpt":{"rendered":"<p>Vip Kargo Vip kargo \u00f6zel kargo hizmetidir. Yeti\u015ftirilmesi acil \u00f6zel dosya ya da \u00fcr\u00fcnlerin en ge\u00e7 24 saat i\u00e7inde\u00a0 adreslerine<\/p>\n","protected":false},"author":2,"featured_media":0,"parent":0,"menu_order":0,"comment_status":"closed","ping_status":"closed","template":"","meta":{"footnotes":""},"class_list":["post-1693","page","type-page","status-publish","hentry","comments-off"],"_links":{"self":[{"href":"https:\/\/ucakkargo.org\/kargo\/wp-json\/wp\/v2\/pages\/1693","targetHints":{"allow":["GET"]}}],"collection":[{"href":"https:\/\/ucakkargo.org\/kargo\/wp-json\/wp\/v2\/pages"}],"about":[{"href":"https:\/\/ucakkargo.org\/kargo\/wp-json\/wp\/v2\/types\/page"}],"author":[{"embeddable":true,"href":"https:\/\/ucakkargo.org\/kargo\/wp-json\/wp\/v2\/users\/2"}],"replies":[{"embeddable":true,"href":"https:\/\/ucakkargo.org\/kargo\/wp-json\/wp\/v2\/comments?post=1693"}],"version-history":[{"count":0,"href":"https:\/\/ucakkargo.org\/kargo\/wp-json\/wp\/v2\/pages\/1693\/revisions"}],"wp:attachment":[{"href":"https:\/\/ucakkargo.org\/kargo\/wp-json\/wp\/v2\/media?parent=1693"}],"curies":[{"name":"wp","href":"https:\/\/api.w.org\/{rel}","templated":true}]}}