{"id":1709,"date":"2019-01-16T19:51:30","date_gmt":"2019-01-16T19:51:30","guid":{"rendered":"http:\/\/www.ucakkargo.net\/?page_id=1709"},"modified":"2019-01-16T19:51:30","modified_gmt":"2019-01-16T19:51:30","slug":"yurt-disi-hava-kargo","status":"publish","type":"page","link":"https:\/\/ucakkargo.org\/kargo\/yurt-disi-hava-kargo\/","title":{"rendered":"Yurt D\u0131\u015f\u0131 Hava Kargo"},"content":{"rendered":"\n<h3 class=\"wp-block-heading\"><strong>Yurt D\u0131\u015f\u0131 Hava Kargo<\/strong><\/h3>\n\n\n<p> &nbsp;&nbsp;&nbsp;&nbsp;&nbsp;&nbsp;&nbsp;&nbsp;&nbsp;&nbsp;&nbsp;&nbsp;&nbsp;&nbsp; Ya\u015fad\u0131\u011f\u0131m\u0131z d\u00f6nemde insanlar\u0131n bir e\u015fyay\u0131 ya da evrak\u0131 bir yerden ba\u015fka bir yere g\u00f6nderme ihtiya\u00e7lar\u0131 olu\u015fmaktad\u0131r. Yurt d\u0131\u015f\u0131 hava kargo d\u00fcnya genelinde bir\u00e7ok insan\u0131n bu duruma ihtiya\u00e7 duymas\u0131, kargo hizmetlerinin olu\u015fmas\u0131na ve bu durumu en iyi \u015fekilde ger\u00e7ekle\u015ftirme iste\u011finin do\u011fmas\u0131na sebebiyet vermi\u015ftir. Lojistik olarak bir \u00fcr\u00fcn\u00fcn bir yerden ba\u015fka bir yere g\u00f6t\u00fcr\u00fclmesi kargo i\u015flemleri olarak adland\u0131r\u0131l\u0131r. \u0130nsanlar\u0131n birbirinden farkl\u0131 olan kargo \u015firketlerini tercih etmesine sebep olacak olumlu \u00f6zellikler \u015fu \u015fekildedir;<\/p>\n\n\n<ul class=\"wp-block-list\"><li>Kargonun maliyet a\u00e7\u0131s\u0131ndan hesapl\u0131 hizmet\nvermesi<\/li><li>Kargonun hasars\u0131z ve g\u00fcvenli \u015fekilde al\u0131c\u0131ya aktar\u0131lmas\u0131<\/li><li>Kargo i\u015fleminin en k\u0131sa s\u00fcrede ger\u00e7ekle\u015fmesi<\/li><\/ul>\n\n\n<p>Say\u0131lan \u00f6zellikleri en iyi\n\u015fekilde ger\u00e7ekle\u015ftiren ve bu ad\u0131mlardan \u015fa\u015fmayan kargo \u015firketleri ba\u015far\u0131l\u0131 olma\nve tercih edilme konusunda sorun ya\u015famaz. Kurulmu\u015f oldu\u011fu 2010 y\u0131l\u0131ndan bu yana\nT\u00fcrkiye\u2019nin en h\u0131zl\u0131 ve g\u00fcvenli kargo \u015firketi olan Acil Kargo ile yurt i\u00e7i ve\nyurt d\u0131\u015f\u0131 kargolar en iyi \u015fekilde al\u0131c\u0131lar ile bulu\u015fturulur. Deneyimli ve uzman\nkadrosu ile t\u00fcm kargolar \u00f6zenle ve g\u00fcvenle teslim edilir. &nbsp;<\/p>\n\n\n<figure class=\"wp-block-image\"><img decoding=\"async\" src=\"https:\/\/yurtdisihavakargo.com\/wp-content\/uploads\/2019\/03\/express-kargo.jpg\" alt=\"Yurt D\u0131\u015f\u0131 Hava Kargo\" class=\"wp-image-3688\"\/><\/figure>\n\n\n<h3 class=\"wp-block-heading\">&nbsp;&nbsp;&nbsp;&nbsp;&nbsp;&nbsp;&nbsp;&nbsp;&nbsp;&nbsp;&nbsp;&nbsp;&nbsp;&nbsp;&nbsp; <strong>Yurt D\u0131\u015f\u0131na Hava Kargo Hizmetleri<\/strong><\/h3>\n\n\n<p><strong>&nbsp;&nbsp;&nbsp;&nbsp;&nbsp;&nbsp;&nbsp;&nbsp;&nbsp;&nbsp;&nbsp;&nbsp;&nbsp;&nbsp;&nbsp; <\/strong>Bir kargo \u015firketinin tercih\nedilmesini sa\u011flayacak en \u00f6nemli \u00f6zelliklerinden bir tanesi kargoyu en k\u0131sa\ns\u00fcrede al\u0131c\u0131 ile bulu\u015fturmas\u0131d\u0131r. Kargoyu olabilecek en k\u0131sa s\u00fcrede al\u0131c\u0131 ile\nbulu\u015fturan kargo \u015firketleri her zaman tercih edilir. Bu durumu sa\u011flayan\nhizmetlere genellikle acil kargo hizmetleri ad\u0131 verilmektedir. Ancak g\u00fcn\u00fcm\u00fczde\nyurt d\u0131\u015f\u0131na olan kargo ihtiya\u00e7lar\u0131 da olmaktad\u0131r. Her kargo firmas\u0131 yurt d\u0131\u015f\u0131na\nhizmet vermemektedir. Bu \u015fekildeki sorunlar\u0131 \u00e7\u00f6zen ve hava yolu se\u00e7ene\u011fi ile\nm\u00fc\u015fterilerine olanak tan\u0131yan firmalar <strong>yurt\nd\u0131\u015f\u0131 hava kargo <\/strong>hizmetini sunmu\u015f olurlar.<\/p>\n\n\n<h3 class=\"wp-block-heading\">&nbsp;&nbsp;&nbsp;&nbsp;&nbsp;&nbsp;&nbsp;&nbsp;&nbsp;&nbsp;&nbsp;&nbsp;&nbsp;&nbsp;&nbsp; <strong>Yurtd\u0131\u015f\u0131na Havadan Kargo G\u00f6nderimi<\/strong><\/h3>\n\n\n<p>&nbsp;&nbsp;&nbsp;&nbsp;&nbsp;&nbsp;&nbsp;&nbsp;&nbsp;&nbsp;&nbsp;&nbsp;&nbsp;&nbsp;&nbsp; Baz\u0131\nfirmalar\u0131n ger\u00e7ekle\u015ftirdi\u011fi ihracat i\u015flemlerinde ya da insanlar\u0131n yurt d\u0131\u015f\u0131nda\nya\u015fayan ki\u015filere g\u00f6ndermek istedi\u011fi kargo se\u00e7eneklerinde <strong>yurt d\u0131\u015f\u0131 hava kargo <\/strong>hizmet vermektedir. Verilen bu hizmet ile\nkargonun k\u0131sa bir s\u00fcrede yurt d\u0131\u015f\u0131ndaki al\u0131c\u0131ya teslim edilmesi hedeflenir.\nYurt d\u0131\u015f\u0131na kargo g\u00f6nderileri genel olarak hava yolu ile ger\u00e7ekle\u015ftirilir. Yap\u0131lan\nhava yolu ta\u015f\u0131ma sistemi ile kargonun en k\u0131sa s\u00fcrede \u00e7\u0131k\u0131\u015f noktas\u0131ndan var\u0131\u015f\nnoktas\u0131na ula\u015fmas\u0131 sa\u011flan\u0131r. Bu nedenle bir\u00e7ok insan <strong>yurt d\u0131\u015f\u0131 hava kargo <\/strong>se\u00e7eneklerinden faydalan\u0131r.<\/p>\n","protected":false},"excerpt":{"rendered":"<p>Yurt D\u0131\u015f\u0131 Hava Kargo &nbsp;&nbsp;&nbsp;&nbsp;&nbsp;&nbsp;&nbsp;&nbsp;&nbsp;&nbsp;&nbsp;&nbsp;&nbsp;&nbsp; Ya\u015fad\u0131\u011f\u0131m\u0131z d\u00f6nemde insanlar\u0131n bir e\u015fyay\u0131 ya da evrak\u0131 bir yerden ba\u015fka bir yere g\u00f6nderme ihtiya\u00e7lar\u0131<\/p>\n","protected":false},"author":2,"featured_media":0,"parent":0,"menu_order":0,"comment_status":"closed","ping_status":"closed","template":"","meta":{"footnotes":""},"class_list":["post-1709","page","type-page","status-publish","hentry","comments-off"],"_links":{"self":[{"href":"https:\/\/ucakkargo.org\/kargo\/wp-json\/wp\/v2\/pages\/1709","targetHints":{"allow":["GET"]}}],"collection":[{"href":"https:\/\/ucakkargo.org\/kargo\/wp-json\/wp\/v2\/pages"}],"about":[{"href":"https:\/\/ucakkargo.org\/kargo\/wp-json\/wp\/v2\/types\/page"}],"author":[{"embeddable":true,"href":"https:\/\/ucakkargo.org\/kargo\/wp-json\/wp\/v2\/users\/2"}],"replies":[{"embeddable":true,"href":"https:\/\/ucakkargo.org\/kargo\/wp-json\/wp\/v2\/comments?post=1709"}],"version-history":[{"count":0,"href":"https:\/\/ucakkargo.org\/kargo\/wp-json\/wp\/v2\/pages\/1709\/revisions"}],"wp:attachment":[{"href":"https:\/\/ucakkargo.org\/kargo\/wp-json\/wp\/v2\/media?parent=1709"}],"curies":[{"name":"wp","href":"https:\/\/api.w.org\/{rel}","templated":true}]}}