{"id":1713,"date":"2019-01-16T19:51:32","date_gmt":"2019-01-16T19:51:32","guid":{"rendered":"http:\/\/www.ucakkargo.net\/?page_id=1713"},"modified":"2019-01-16T19:51:32","modified_gmt":"2019-01-16T19:51:32","slug":"yurt-disina-acil-kargo","status":"publish","type":"page","link":"https:\/\/ucakkargo.org\/kargo\/yurt-disina-acil-kargo\/","title":{"rendered":"Yurt D\u0131\u015f\u0131na Acil Kargo"},"content":{"rendered":"\n<h3 class=\"wp-block-heading\"><strong><span style=\"vertical-align: inherit;\">Yurt D\u0131\u015f\u0131na Acil Kargo <\/span><\/strong><\/h3>\n\n\n\n<p>Kargo sekt\u00f6r\u00fc de di\u011fer sekt\u00f6rler gibi geli\u015fmeye ba\u015flad\u0131. Yurti\u00e7i kargo hizmetlerinin yan\u0131 s\u0131ra yurtd\u0131\u015f\u0131 kargo g\u00f6nderimleri de \u00fclkemizde yayg\u0131nla\u015ft\u0131. Kargonun t\u00fcr\u00fcne boyutuna ve hassasiyetine g\u00f6re acil kargo,ekspres kargo ve u\u00e7ak kargo hizmet se\u00e7enekleri ile \u00fclkemizde d\u00fcnyan\u0131n herhangi bir noktas\u0131na teslimat ger\u00e7ekle\u015ftirilmektedir. \u00d6zellikle yurtd\u0131\u015f\u0131 ile ba\u011flant\u0131s\u0131 olan firmalar\u0131n en \u00e7ok tercih etti\u011fi acil kargo hizmetleri, firmalar\u0131n ba\u015fka \u00fclkelere g\u00f6nderilerini en k\u0131sa zamanda ve g\u00fcvenli bir \u015fekilde teslimat\u0131n\u0131 ger\u00e7ekle\u015ftirmeye olanak tan\u0131yan\u00a0 se\u00e7eneklerden birisidi<strong>r. Yurt D\u0131\u015f\u0131na Acil Kargo <\/strong>hizmeti veren firmam\u0131z kurumsal ya da bireysel m\u00fc\u015fterilerimize en iyi ko\u015fullar da kargo hizmeti sunmaktad\u0131r.Profesyonel kargo hizmetlerimiz ile \u00a0kargolar\u0131n\u0131z d\u00fcnyan\u0131n hangi \u00fclkesi olursa olsun, al\u0131c\u0131s\u0131na istedi\u011finiz zamanda\u00a0 ve istedi\u011finiz kalitede teslim edilmektedir.<\/p>\n\n\n\n<figure class=\"wp-block-image\"><img decoding=\"async\" class=\"wp-image-3373\" src=\"https:\/\/yurtdisihavakargo.com\/wp-content\/uploads\/2019\/02\/yurtd\u0131\u015f\u0131na-acil-kargo.jpg\" alt=\"Yurtd\u0131\u015f\u0131na Acil Kargo\" \/><\/figure>\n\n\n\n<h3 class=\"wp-block-heading\"><strong><span style=\"vertical-align: inherit;\">H\u0131zl\u0131 ve G\u00fcvenin Tek Adresiyiz<\/span><\/strong><\/h3>\n\n\n\n<p><strong>Yurt d\u0131\u015f\u0131na acil kargo <\/strong>hizmetlerinde kargonun teslimat s\u00fcresinin h\u0131z\u0131 kadar al\u0131c\u0131s\u0131na sa\u011flam ve sa\u011fl\u0131kl\u0131 bir \u015fekildeula\u015fmas\u0131 gerekmektedir. Yurtd\u0131\u015f\u0131 ile ticari ba\u011flant\u0131s\u0131 olanlar, ihracat ya da ithalat yapanlar, kaliteli ve h\u0131zl\u0131 bir teslimat istiyorsan\u0131z, firmam\u0131z\u0131n uzman personelleri ile g\u00f6r\u00fc\u015ferek, acil kargo anla\u015fmas\u0131 yapabilirsiniz. Yurtd\u0131\u015f\u0131naacil kargo hizmetlerimizde bireysel m\u00fc\u015fterilerimizde\u00a0 yararlanabilirler. Sevdiklerinize g\u00f6nderece\u011finiz her t\u00fcrl\u00fc hediye ya da e\u015fya g\u00f6nderimleri i\u00e7in\u00a0 firmam\u0131z\u0131n yurtd\u0131\u015f\u0131 \u00a0acil kargo se\u00e7eneklerini tercih edebilirsiniz.<\/p>\n\n\n\n<h3 class=\"wp-block-heading\"><strong><span style=\"vertical-align: inherit;\">Yurt D\u0131\u015f\u0131na Kargo Nas\u0131l G\u00f6nderilir?<\/span><\/strong><\/h3>\n\n\n\n<p><strong>Yurt d\u0131\u015f\u0131na acil kargo<\/strong> g\u00f6nderimi i\u00e7in kurumsal ya da bireysel m\u00fc\u015fterilerimizin i\u015flerini kolayla\u015ft\u0131racak kargo\u00a0 sevkiyat\u0131 i\u00e7in gerekli detaylar \u015funlard\u0131r;<\/p>\n\n\n\n<ul class=\"wp-block-list\">\n<li>G\u00f6nderece\u011finiz kargoyu firmam\u0131za getirerek ya da adresinize firmam\u0131zdan kurye \u00e7a\u011f\u0131rarak teslim edebilirsiniz<\/li>\n<li>Uzman personellerimizi sizdenkargonun gidece\u011fi \u00fclke, al\u0131c\u0131n\u0131n ad\u0131soyad\u0131 ismi ve telefon numaralar\u0131n\u0131z\u0131 istemektedir. Ayn\u0131 \u015fekilde g\u00f6nderen ki\u015finin ya da kurumunda de ad\u0131 soyad\u0131 telefon numaras\u0131 ve adres bilgileri al\u0131n\u0131p, g\u00f6nderiyi paketledikten sonra bilgileri de \u00fczerine ge\u00e7irirler<\/li>\n<li>Kargog\u00f6nderimlerimizde dikkat etti\u011fimiz konulardanbiri de \u00fcr\u00fcn\u00fc a\u011f\u0131rl\u0131\u011f\u0131 ve boyutudur. Par\u00e7a ba\u015f\u0131 g\u00f6nderimleriniz de en fazla 100 kg kadar olabilmektedir.<\/li>\n<li>G\u00f6nderece\u011finiz \u00fcr\u00fcn\u00fcn \u00f6l\u00e7\u00fcleri de firmam\u0131zi\u00e7in \u00e7ok \u00f6nemlidir ve uzunlu\u011fu \u00e7ok fazla \u00fcr\u00fcnlerin yurtd\u0131\u015f\u0131na g\u00f6nderimi yap\u0131lmamaktad\u0131r.<\/li>\n<\/ul>\n\n\n\n<p>G\u00f6nderece\u011finiz \u00fcr\u00fcn\u00fcn t\u00fcr\u00fc nedir, buna dikkat edilir. Nakit, para dolar patlay\u0131c\u0131 gibi \u00fcr\u00fcnler kargo ta\u015f\u0131mac\u0131l\u0131\u011f\u0131 ile yurtd\u0131\u015f\u0131na g\u00f6nderilmemektedir. G\u00f6nderece\u011finiz \u00fcr\u00fcn g\u0131da ise mutlaka g\u0131da sertifikas\u0131na sahip olmal\u0131d\u0131r.\u00a0 Kimyasal maddeler ise MSDS istenmektedir.<\/p>\n\n\n\n<p>Yurtd\u0131\u015f\u0131na acil kargo g\u00f6nderimlerinizi bizimle yapabilirsiniz. \u00c7o\u011fu \u00fclkeye 1 g\u00fcnde teslim ediyoruz. Ekonomik, h\u0131zl\u0131, vip hizmetlerimiz i\u00e7in bizimle <strong>ileti\u015fime <\/strong>ge\u00e7iniz.<\/p>\n","protected":false},"excerpt":{"rendered":"<p>Yurt D\u0131\u015f\u0131na Acil Kargo Kargo sekt\u00f6r\u00fc de di\u011fer sekt\u00f6rler gibi geli\u015fmeye ba\u015flad\u0131. Yurti\u00e7i kargo hizmetlerinin yan\u0131 s\u0131ra yurtd\u0131\u015f\u0131 kargo g\u00f6nderimleri<\/p>\n","protected":false},"author":2,"featured_media":0,"parent":0,"menu_order":0,"comment_status":"closed","ping_status":"closed","template":"","meta":{"footnotes":""},"class_list":["post-1713","page","type-page","status-publish","hentry","comments-off"],"_links":{"self":[{"href":"https:\/\/ucakkargo.org\/kargo\/wp-json\/wp\/v2\/pages\/1713","targetHints":{"allow":["GET"]}}],"collection":[{"href":"https:\/\/ucakkargo.org\/kargo\/wp-json\/wp\/v2\/pages"}],"about":[{"href":"https:\/\/ucakkargo.org\/kargo\/wp-json\/wp\/v2\/types\/page"}],"author":[{"embeddable":true,"href":"https:\/\/ucakkargo.org\/kargo\/wp-json\/wp\/v2\/users\/2"}],"replies":[{"embeddable":true,"href":"https:\/\/ucakkargo.org\/kargo\/wp-json\/wp\/v2\/comments?post=1713"}],"version-history":[{"count":0,"href":"https:\/\/ucakkargo.org\/kargo\/wp-json\/wp\/v2\/pages\/1713\/revisions"}],"wp:attachment":[{"href":"https:\/\/ucakkargo.org\/kargo\/wp-json\/wp\/v2\/media?parent=1713"}],"curies":[{"name":"wp","href":"https:\/\/api.w.org\/{rel}","templated":true}]}}