{"id":1807,"date":"2019-01-12T21:33:04","date_gmt":"2019-01-12T21:33:04","guid":{"rendered":"http:\/\/www.ucakkargo.net\/?page_id=1807"},"modified":"2019-01-12T21:33:04","modified_gmt":"2019-01-12T21:33:04","slug":"iletisim","status":"publish","type":"page","link":"https:\/\/ucakkargo.org\/kargo\/iletisim\/","title":{"rendered":"\u0130leti\u015fim"},"content":{"rendered":"<p>[vc_row height=&#8221;auto&#8221; width=&#8221;full&#8221;][vc_column][us_separator type=&#8221;invisible&#8221; size=&#8221;small&#8221;][vc_column_text]<\/p>\n<p style=\"text-align: center;\"><iframe loading=\"lazy\" style=\"border: 0;\" src=\"https:\/\/www.google.com\/maps\/embed?pb=!1m14!1m8!1m3!1d12033.537842943584!2d28.9704595!3d41.0605881!3m2!1i1024!2i768!4f13.1!3m3!1m2!1s0x0%3A0xffd0deecb2a31c60!2sPerpa%20Ticaret%20Merkez!5e0!3m2!1str!2str!4v1577018379791!5m2!1str!2str\" width=\"1160\" height=\"300\" frameborder=\"0\" allowfullscreen=\"allowfullscreen\"><span data-mce-type=\"bookmark\" style=\"display: inline-block; width: 0px; overflow: hidden; line-height: 0;\" class=\"mce_SELRES_start\">\ufeff<\/span><\/iframe><\/p>\n<p>[\/vc_column_text][\/vc_column][\/vc_row][vc_row gap=&#8221;20&#8243;][vc_column width=&#8221;1\/2&#8243;][vc_column_text]<\/p>\n<h3>\u0130leti\u015fim Detaylar\u0131<\/h3>\n<p>[\/vc_column_text][us_iconbox icon=&#8221;fa-map-marker&#8221; style=&#8221;outlined&#8221; iconpos=&#8221;left&#8221; size=&#8221;22px&#8221; title=&#8221;Perpa Ticaret Merkezi B Blok Kat:12 No: 2082 \u015ei\u015fli \u2013 \u0130stanbul&#8221; title_tag=&#8221;div&#8221;][\/us_iconbox][us_separator type=&#8221;invisible&#8221; size=&#8221;small&#8221;][us_iconbox icon=&#8221;fa-phone&#8221; style=&#8221;outlined&#8221; iconpos=&#8221;left&#8221; size=&#8221;22px&#8221; title=&#8221;0850 307 84 40&#8243; title_tag=&#8221;div&#8221; link=&#8221;url:tel%3A08503078440|||&#8221; alignment=&#8221;left&#8221;][\/us_iconbox][us_separator type=&#8221;invisible&#8221; size=&#8221;small&#8221;][us_iconbox icon=&#8221;fa-whatsapp&#8221; style=&#8221;outlined&#8221; iconpos=&#8221;left&#8221; size=&#8221;22px&#8221; title=&#8221;0532 394 50 36&#8243; title_tag=&#8221;div&#8221; link=&#8221;url:tel%3A05323945036|||&#8221; alignment=&#8221;left&#8221;][\/us_iconbox][us_separator type=&#8221;invisible&#8221; size=&#8221;small&#8221;][us_iconbox icon=&#8221;fa-envelope&#8221; style=&#8221;outlined&#8221; iconpos=&#8221;left&#8221; size=&#8221;22px&#8221; title=&#8221;info@yurtdisihavakargo.com&#8221; title_tag=&#8221;div&#8221; link=&#8221;url:mailto%3Ainfo%40example.com|||&#8221; alignment=&#8221;left&#8221;][\/us_iconbox][\/vc_column][vc_column width=&#8221;1\/2&#8243;][us_message]Kurumsal ve ki\u015fisel kargolar\u0131n\u0131z i\u00e7in<\/p>\n<p>YURTDI\u015eI 241 \u00fclkeye 24 saatte, YURT\u0130\u00c7\u0130 4 saatte<\/p>\n<p>U\u00c7AK, GEM\u0130 yada KARAYOLU ile<\/p>\n<p>kap\u0131dan kap\u0131ya g\u00fcvenli ve h\u0131zl\u0131 teslimat[\/us_message][vc_column_text]<\/p>\n<h3>\u0130leti\u015fim Formu<\/h3>\n<p>[\/vc_column_text][us_cform receiver_email=&#8221;info@yurtdisihavakargo.com&#8221; name_field=&#8221;shown&#8221; phone_field=&#8221;hidden&#8221; items=&#8221;%5B%7B%22type%22%3A%22text%22%2C%22placeholder%22%3A%22%C4%B0sim%22%7D%2C%7B%22type%22%3A%22email%22%2C%22placeholder%22%3A%22E-posta%22%7D%2C%7B%22type%22%3A%22textarea%22%2C%22placeholder%22%3A%22Message%22%7D%5D&#8221;][\/vc_column][\/vc_row]<\/p>\n","protected":false},"excerpt":{"rendered":"<p>[vc_row height=&#8221;auto&#8221; width=&#8221;full&#8221;][vc_column][us_separator type=&#8221;invisible&#8221; size=&#8221;small&#8221;][vc_column_text] \ufeff [\/vc_column_text][\/vc_column][\/vc_row][vc_row gap=&#8221;20&#8243;][vc_column width=&#8221;1\/2&#8243;][vc_column_text] \u0130leti\u015fim Detaylar\u0131 [\/vc_column_text][us_iconbox icon=&#8221;fa-map-marker&#8221; style=&#8221;outlined&#8221; iconpos=&#8221;left&#8221; size=&#8221;22px&#8221; title=&#8221;Perpa Ticaret Merkezi B<\/p>\n","protected":false},"author":2,"featured_media":0,"parent":0,"menu_order":0,"comment_status":"closed","ping_status":"closed","template":"","meta":{"footnotes":""},"class_list":["post-1807","page","type-page","status-publish","hentry","comments-off"],"_links":{"self":[{"href":"https:\/\/ucakkargo.org\/kargo\/wp-json\/wp\/v2\/pages\/1807","targetHints":{"allow":["GET"]}}],"collection":[{"href":"https:\/\/ucakkargo.org\/kargo\/wp-json\/wp\/v2\/pages"}],"about":[{"href":"https:\/\/ucakkargo.org\/kargo\/wp-json\/wp\/v2\/types\/page"}],"author":[{"embeddable":true,"href":"https:\/\/ucakkargo.org\/kargo\/wp-json\/wp\/v2\/users\/2"}],"replies":[{"embeddable":true,"href":"https:\/\/ucakkargo.org\/kargo\/wp-json\/wp\/v2\/comments?post=1807"}],"version-history":[{"count":0,"href":"https:\/\/ucakkargo.org\/kargo\/wp-json\/wp\/v2\/pages\/1807\/revisions"}],"wp:attachment":[{"href":"https:\/\/ucakkargo.org\/kargo\/wp-json\/wp\/v2\/media?parent=1807"}],"curies":[{"name":"wp","href":"https:\/\/api.w.org\/{rel}","templated":true}]}}