{"id":7283,"date":"2019-01-16T19:51:24","date_gmt":"2019-01-16T19:51:24","guid":{"rendered":"http:\/\/www.ucakkargo.net\/?page_id=1194"},"modified":"2019-01-16T19:51:24","modified_gmt":"2019-01-16T19:51:24","slug":"filistin-ucak-kargo","status":"publish","type":"page","link":"https:\/\/ucakkargo.org\/kargo\/filistin-ucak-kargo\/","title":{"rendered":"Filistin U\u00e7ak Yurt D\u0131\u015f\u0131 Kargo"},"content":{"rendered":"\n<h3 class=\"wp-block-heading\"><strong>Filistin U\u00e7ak Yurt D\u0131\u015f\u0131 Kargo Filistin Hizmeti<\/strong><\/h3>\n\n\n\n<p>\u00a0\u00a0\u00a0\u00a0\u00a0\u00a0\u00a0\u00a0\u00a0\u00a0\u00a0\u00a0\u00a0\u00a0 \u0130nsanlar\u0131n bir \u00fcr\u00fcn\u00fc ba\u015fka bir yere g\u00f6nderme konusunda en \u00e7ok tercih ettikleri hizmetler kargo hizmetleridir. Bir\u00e7ok farkl\u0131 se\u00e7enekte olabilen kargo se\u00e7eneklerinde m\u00fc\u015fterilerin \u00f6nem verdikleri konular; kargonun en g\u00fcvenli \u015fekilde al\u0131c\u0131ya teslim edilmesi, h\u0131z a\u00e7\u0131s\u0131ndan olduk\u00e7a tatmin edici s\u00fcreler ve hesapl\u0131 kargo ta\u015f\u0131mac\u0131l\u0131\u011f\u0131d\u0131r. S\u00f6z konusu konularda bir\u00e7ok a\u00e7\u0131dan takdir kazanan ve T\u00fcrkiye\u2019nin en h\u0131zl\u0131 kargo \u015firketi olan Acil Kargo ile kargolar uzman ve tecr\u00fcbeli personeller taraf\u0131ndan al\u0131c\u0131lara g\u00fcvenli ve h\u0131zl\u0131 bir \u015fekilde teslim edilir. <strong>Filistin u\u00e7ak Yurt D\u0131\u015f\u0131 Kargo<\/strong> \u0130stanbul merkezden t\u00fcm d\u00fcnyaya olacak \u015fekilde kargo hizmetlerini yapan Acil Kargo, deneyimli ve uzman olan kadrosu ile t\u00fcm g\u00f6nderiler profesyonel bir \u015fekilde adresten adrese, hava alan\u0131ndan adrese, adresten hava alan\u0131na, hava alan\u0131ndan hava alan\u0131na g\u00f6nderiler teslim edilebilir. Yurt i\u00e7i ve yurt d\u0131\u015f\u0131 kargolar\u0131 en h\u0131zl\u0131 \u015fekilde adrese teslim \u015fekilde iletmek m\u00fcmk\u00fcn olmaktad\u0131r.<\/p>\n\n\n\n<figure class=\"wp-block-image\"><img decoding=\"async\" src=\"https:\/\/www.medyaege.com.tr\/d\/news\/92304.jpg\" alt=\"Yurt D\u0131\u015f\u0131 Kargo\" \/><\/figure>\n\n\n\n<h3 class=\"wp-block-heading\"><strong>Filistin U\u00e7ak Kargo G\u00f6nderimi Nas\u0131l Olur?<\/strong><\/h3>\n\n\n\n<p>\u00a0\u00a0\u00a0\u00a0\u00a0\u00a0\u00a0\u00a0\u00a0\u00a0\u00a0\u00a0\u00a0\u00a0\u00a0 Kargo g\u00f6nderimi i\u00e7in \u00f6ncelikle Acil Kargo \u00e7a\u011fr\u0131 merkezi ile kurulan irtibat sonucunda kargo bilgileri al\u0131n\u0131r. Net bir bilgi al\u0131nd\u0131ktan sonra uzman ekip bilgileri analiz eder ve servis s\u00fcresi, fiyat bilgisi ve teslimat s\u00fcresi gibi konular m\u00fc\u015fteriye aktar\u0131l\u0131r. Kargo kayd\u0131 olu\u015fturulduktan sonra kargo \u0130stanbul\u2019da ise adresten al\u0131n\u0131p Filistin\u2019deki al\u0131c\u0131 adresine do\u011fru g\u00f6nderilir. E\u011fer kargo \u0130stanbul d\u0131\u015f\u0131nda ise \u00f6ncelikle \u0130stanbul\u2019daki merkez ofise g\u00f6nderilmelidir. <strong>Filistin u\u00e7ak Yurt D\u0131\u015f\u0131 Kargo <\/strong>lar\u0131 \u00f6ncelikle \u0130srail\u2019e ula\u015f\u0131r ve oradan al\u0131nan izinler sayesinde Filistin\u2019e ge\u00e7i\u015f yap\u0131lmaktad\u0131r.<\/p>\n\n\n\n<h3 class=\"wp-block-heading\"><strong>U\u00e7ak Kargo \u0130le Filistin\u2019e Kargo Hizmeti<\/strong><\/h3>\n\n\n\n<p>\u00a0\u00a0\u00a0\u00a0\u00a0\u00a0\u00a0\u00a0\u00a0\u00a0\u00a0\u00a0\u00a0\u00a0 Bir Orta Do\u011fu \u00fclkesi olan Filistin ile T\u00fcrkiye\u2019nin kader ortakl\u0131\u011f\u0131 yapt\u0131\u011f\u0131n\u0131 s\u00f6ylemek yanl\u0131\u015f olmaz. Filistin\u2019e yap\u0131lan hava yolu kargo g\u00f6nderimleri ile en h\u0131zl\u0131 ve g\u00fcvenli \u015fekilde kargo teslimatlar\u0131 Acil Kargo g\u00fcvencesi ile yap\u0131l\u0131r. Hava yolu \u015firketleri ile al\u0131nan kargo ilk Filistin seferinde al\u0131c\u0131ya ula\u015ft\u0131r\u0131lmak \u00fczere yola \u00e7\u0131kar\u0131lmaktad\u0131r. Bunun yan\u0131nda Express ve Ekonomik se\u00e7enekleri ile 5-6 i\u015f g\u00fcn\u00fc ya da 9-10 i\u015f g\u00fcn\u00fc i\u00e7erisinde al\u0131c\u0131ya teslim edilmesi m\u00fc\u015fteri taraf\u0131ndan belirlenmektedir. Express ve h\u0131zl\u0131 y\u00f6ntem.<\/p>\n\n\n\n<p class=\"has-text-color\" style=\"color: #ffffff;\"><strong>Nas\u0131l Kargo G\u00f6nderilir<\/strong><br \/>7\/24 <strong>destek <\/strong>alabilirsiniz.<\/p>\n","protected":false},"excerpt":{"rendered":"<p>Filistin U\u00e7ak Yurt D\u0131\u015f\u0131 Kargo Filistin Hizmeti \u00a0\u00a0\u00a0\u00a0\u00a0\u00a0\u00a0\u00a0\u00a0\u00a0\u00a0\u00a0\u00a0\u00a0 \u0130nsanlar\u0131n bir \u00fcr\u00fcn\u00fc ba\u015fka bir yere g\u00f6nderme konusunda en \u00e7ok tercih ettikleri<\/p>\n","protected":false},"author":2,"featured_media":0,"parent":0,"menu_order":0,"comment_status":"closed","ping_status":"closed","template":"","meta":{"footnotes":""},"class_list":["post-7283","page","type-page","status-publish","hentry","comments-off"],"_links":{"self":[{"href":"https:\/\/ucakkargo.org\/kargo\/wp-json\/wp\/v2\/pages\/7283","targetHints":{"allow":["GET"]}}],"collection":[{"href":"https:\/\/ucakkargo.org\/kargo\/wp-json\/wp\/v2\/pages"}],"about":[{"href":"https:\/\/ucakkargo.org\/kargo\/wp-json\/wp\/v2\/types\/page"}],"author":[{"embeddable":true,"href":"https:\/\/ucakkargo.org\/kargo\/wp-json\/wp\/v2\/users\/2"}],"replies":[{"embeddable":true,"href":"https:\/\/ucakkargo.org\/kargo\/wp-json\/wp\/v2\/comments?post=7283"}],"version-history":[{"count":0,"href":"https:\/\/ucakkargo.org\/kargo\/wp-json\/wp\/v2\/pages\/7283\/revisions"}],"wp:attachment":[{"href":"https:\/\/ucakkargo.org\/kargo\/wp-json\/wp\/v2\/media?parent=7283"}],"curies":[{"name":"wp","href":"https:\/\/api.w.org\/{rel}","templated":true}]}}